{"id":6151,"date":"2025-02-18T11:12:48","date_gmt":"2025-02-18T10:12:48","guid":{"rendered":"https:\/\/wiejskieprzysmaki.estima.site\/produkt\/naturalna-woda-mineralna-gazowana-1-l-borjomi\/"},"modified":"2025-02-18T11:13:03","modified_gmt":"2025-02-18T10:13:03","slug":"naturalna-woda-mineralna-gazowana-1-l-borjomi","status":"publish","type":"product","link":"https:\/\/wiejskieprzysmaki.estima.site\/en\/product\/naturalna-woda-mineralna-gazowana-1-l-borjomi\/","title":{"rendered":"NATURALNA WODA MINERALNA GAZOWANA 1 L &#8211; BORJOMI"},"content":{"rendered":"<p>SK\u0141ADNIKI<br \/>Zawarto\u015b\u0107 charakterystycznych sk\u0142adnik\u00f3w mineralnych w litrze wody (mg\/L)<br \/>aniony<br \/>wodorow\u0119glanowy 3000 &#8211; 4250<br \/>chlorkowy 260 &#8211; 380<\/p>\n<p>kationy<br \/>sodowy 1200 &#8211; 1700 <br \/>wapniowy 50 &#8211; 75<br \/>magnezowy 35 &#8211; 55 <\/p>\n<p>Og\u00f3lna zawarto\u015b\u0107 rozpuszczonych sk\u0142adnik\u00f3w mineralnych: 5200 &#8211; 6350 mg\/L<\/p>\n<p>OPIS<br \/>Naturalna woda mineralna, naturalnie nasycona dwutlenkiem w\u0119gla. Woda wysokozmineralizowana.<br \/>Woda poddana procesowi usuwania sk\u0142adnik\u00f3w nietrwa\u0142ych, zatwierdzon\u0105 metod\u0105 adsorpcji. <br \/>Zawiera wodorow\u0119glany, chlorki i s\u00f3d. <br \/>Uj\u0119cie: Odwiert nr. 41, Borjomi, Gruzja.<\/p>\n<p>ZALECANE WARUNKI PRZECHOWYWANIA<br \/>Przechowywa\u0107 w suchym, ch\u0142odnym i zacienionym miejscum, wolnym od obcych zapach\u00f3w, w temperaturze od 3 do 30 stopni Celsjusza. <\/p>","protected":false},"excerpt":{"rendered":"<p>SK\u0141ADNIKIZawarto\u015b\u0107 charakterystycznych sk\u0142adnik\u00f3w mineralnych w litrze wody (mg\/L)anionywodorow\u0119glanowy 3000 &#8211; 4250chlorkowy 260 &#8211; 380 kationysodowy 1200 &#8211; 1700 wapniowy 50 &#8211; 75magnezowy 35 &#8211; 55 Og\u00f3lna zawarto\u015b\u0107 rozpuszczonych sk\u0142adnik\u00f3w mineralnych: 5200 &#8211; 6350 mg\/L OPISNaturalna woda mineralna, naturalnie nasycona dwutlenkiem w\u0119gla. Woda wysokozmineralizowana.Woda poddana procesowi usuwania sk\u0142adnik\u00f3w nietrwa\u0142ych, zatwierdzon\u0105 metod\u0105 adsorpcji. Zawiera wodorow\u0119glany, chlorki i [&hellip;]<\/p>","protected":false},"featured_media":6152,"comment_status":"closed","ping_status":"open","template":"","meta":{"_acf_changed":false},"product_brand":[],"product_cat":[134,379],"product_tag":[],"class_list":{"0":"post-6151","1":"product","2":"type-product","3":"status-publish","4":"has-post-thumbnail","6":"product_cat-napoje","7":"product_cat-wody-mineralne-zrodlane-i-smakowe","8":"pa_ean-matka-4903","9":"pa_gwarancja-przydatnosci-324","10":"pa_ilosc-w-opakowaniu-298","11":"pa_jednostka-podstawowa-szt","12":"pa_kod-cn-2201-10-19","13":"pa_kraj-pochodzenia-skladnikow-gruzja","14":"pa_objetosc-brutto-4902","15":"pa_objetosc-netto-858","16":"pa_producent-borjomi-wody-mineralne","17":"pa_producent-nazwa-adres-ids-borjomi-beverages-co-n-v-1200-gruzja-borjomi-ul-torska-39","18":"pa_tagi-bez-cukru-w-skladnikach","19":"pa_tagi-bez-glutenu-w-skladnikach","20":"pa_tagi-weganski","21":"pa_tagi-wegetarianski","23":"first","24":"instock","25":"taxable","26":"shipping-taxable","27":"purchasable","28":"product-type-simple"},"acf":[],"_links":{"self":[{"href":"https:\/\/wiejskieprzysmaki.estima.site\/en\/wp-json\/wp\/v2\/product\/6151","targetHints":{"allow":["GET"]}}],"collection":[{"href":"https:\/\/wiejskieprzysmaki.estima.site\/en\/wp-json\/wp\/v2\/product"}],"about":[{"href":"https:\/\/wiejskieprzysmaki.estima.site\/en\/wp-json\/wp\/v2\/types\/product"}],"replies":[{"embeddable":true,"href":"https:\/\/wiejskieprzysmaki.estima.site\/en\/wp-json\/wp\/v2\/comments?post=6151"}],"wp:featuredmedia":[{"embeddable":true,"href":"https:\/\/wiejskieprzysmaki.estima.site\/en\/wp-json\/wp\/v2\/media\/6152"}],"wp:attachment":[{"href":"https:\/\/wiejskieprzysmaki.estima.site\/en\/wp-json\/wp\/v2\/media?parent=6151"}],"wp:term":[{"taxonomy":"product_brand","embeddable":true,"href":"https:\/\/wiejskieprzysmaki.estima.site\/en\/wp-json\/wp\/v2\/product_brand?post=6151"},{"taxonomy":"product_cat","embeddable":true,"href":"https:\/\/wiejskieprzysmaki.estima.site\/en\/wp-json\/wp\/v2\/product_cat?post=6151"},{"taxonomy":"product_tag","embeddable":true,"href":"https:\/\/wiejskieprzysmaki.estima.site\/en\/wp-json\/wp\/v2\/product_tag?post=6151"}],"curies":[{"name":"wp","href":"https:\/\/api.w.org\/{rel}","templated":true}]}}