{"id":6157,"date":"2025-02-18T11:12:48","date_gmt":"2025-02-18T10:12:48","guid":{"rendered":"https:\/\/wiejskieprzysmaki.estima.site\/produkt\/sok-jablkowy-nfc-bio-1-l-hollinger\/"},"modified":"2025-02-18T11:13:05","modified_gmt":"2025-02-18T10:13:05","slug":"sok-jablkowy-nfc-bio-1-l-hollinger","status":"publish","type":"product","link":"https:\/\/wiejskieprzysmaki.estima.site\/en\/product\/sok-jablkowy-nfc-bio-1-l-hollinger\/","title":{"rendered":"SOK JAB\u0141KOWY NFC BIO 1 L &#8211; HOLLINGER"},"content":{"rendered":"<p>SK\u0141ADNIKI<br \/>bezpo\u015bredni sok jab\u0142kowy* (*certyfikowany sk\u0142adnik ekologiczny)<\/p>\n<p>OPIS <br \/>Sok bezpo\u015brednio t\u0142oczony NFC (nie z koncentratu) ze \u015bwie\u017cych jab\u0142ek. Produkt pasteryzowany.<\/p>\n<p>WARTO\u015a\u0106 OD\u017bYWCZA W 100 ml<br \/>Warto\u015b\u0107 energetyczna: 197 kJ\/46 kcal <br \/>T\u0142uszcz: &lt; 0,5 g <br \/>w tym kwasy t\u0142uszczowe nasycone: &lt; 0,1 g <br \/>Weglowodany: 11 g <br \/>w tym cukry: 10,5 g <br \/>Bia\u0142ko: &lt; 0,5 g <br \/>S\u00f3l: &lt; 0,01 g<\/p>\n<p>ZALECANE WARUNKI PRZECHOWYWANIA <br \/>Przechowywa\u0107 w suchym i ch\u0142odnym miejscu. Po otwarciu przechowywa\u0107 w lod\u00f3wce i spo\u017cy\u0107 w ci\u0105gu 3 dni. <\/p>","protected":false},"excerpt":{"rendered":"<p>SK\u0141ADNIKIbezpo\u015bredni sok jab\u0142kowy* (*certyfikowany sk\u0142adnik ekologiczny) OPIS Sok bezpo\u015brednio t\u0142oczony NFC (nie z koncentratu) ze \u015bwie\u017cych jab\u0142ek. Produkt pasteryzowany. WARTO\u015a\u0106 OD\u017bYWCZA W 100 mlWarto\u015b\u0107 energetyczna: 197 kJ\/46 kcal T\u0142uszcz: &lt; 0,5 g w tym kwasy t\u0142uszczowe nasycone: &lt; 0,1 g Weglowodany: 11 g w tym cukry: 10,5 g Bia\u0142ko: &lt; 0,5 g S\u00f3l: &lt; 0,01 [&hellip;]<\/p>","protected":false},"featured_media":6158,"comment_status":"closed","ping_status":"open","template":"","meta":{"_acf_changed":false},"product_brand":[],"product_cat":[134,410],"product_tag":[],"class_list":{"0":"post-6157","1":"product","2":"type-product","3":"status-publish","4":"has-post-thumbnail","6":"product_cat-napoje","7":"product_cat-soki-owocowe-soki-owocowe-z-dodatkami","8":"pa_ean-matka-4906","9":"pa_gwarancja-przydatnosci-311","10":"pa_ilosc-w-opakowaniu-374","11":"pa_jednostka-podstawowa-szt","12":"pa_kod-cn-2009-71-99","13":"pa_objetosc-brutto-1022","14":"pa_objetosc-netto-858","15":"pa_producent-hollinger-soki-nektary-napoje-syropy","16":"pa_producent-nazwa-adres-ims-hollinger-gmbh-johann-winter-gasse-29-3021-pressbaum","17":"pa_tagi-bez-cukru-w-skladnikach","18":"pa_tagi-bez-glutenu-w-skladnikach","19":"pa_tagi-certyfikat-bio","20":"pa_tagi-weganski","21":"pa_tagi-wegetarianski","23":"first","24":"instock","25":"taxable","26":"shipping-taxable","27":"purchasable","28":"product-type-simple"},"acf":[],"_links":{"self":[{"href":"https:\/\/wiejskieprzysmaki.estima.site\/en\/wp-json\/wp\/v2\/product\/6157","targetHints":{"allow":["GET"]}}],"collection":[{"href":"https:\/\/wiejskieprzysmaki.estima.site\/en\/wp-json\/wp\/v2\/product"}],"about":[{"href":"https:\/\/wiejskieprzysmaki.estima.site\/en\/wp-json\/wp\/v2\/types\/product"}],"replies":[{"embeddable":true,"href":"https:\/\/wiejskieprzysmaki.estima.site\/en\/wp-json\/wp\/v2\/comments?post=6157"}],"wp:featuredmedia":[{"embeddable":true,"href":"https:\/\/wiejskieprzysmaki.estima.site\/en\/wp-json\/wp\/v2\/media\/6158"}],"wp:attachment":[{"href":"https:\/\/wiejskieprzysmaki.estima.site\/en\/wp-json\/wp\/v2\/media?parent=6157"}],"wp:term":[{"taxonomy":"product_brand","embeddable":true,"href":"https:\/\/wiejskieprzysmaki.estima.site\/en\/wp-json\/wp\/v2\/product_brand?post=6157"},{"taxonomy":"product_cat","embeddable":true,"href":"https:\/\/wiejskieprzysmaki.estima.site\/en\/wp-json\/wp\/v2\/product_cat?post=6157"},{"taxonomy":"product_tag","embeddable":true,"href":"https:\/\/wiejskieprzysmaki.estima.site\/en\/wp-json\/wp\/v2\/product_tag?post=6157"}],"curies":[{"name":"wp","href":"https:\/\/api.w.org\/{rel}","templated":true}]}}