{"id":6159,"date":"2025-02-18T11:12:48","date_gmt":"2025-02-18T10:12:48","guid":{"rendered":"https:\/\/wiejskieprzysmaki.estima.site\/produkt\/sok-z-bialych-winogron-nfc-bio-1-l-hollinger\/"},"modified":"2025-02-18T11:13:06","modified_gmt":"2025-02-18T10:13:06","slug":"sok-z-bialych-winogron-nfc-bio-1-l-hollinger","status":"publish","type":"product","link":"https:\/\/wiejskieprzysmaki.estima.site\/en\/product\/sok-z-bialych-winogron-nfc-bio-1-l-hollinger\/","title":{"rendered":"SOK Z BIA\u0141YCH WINOGRON NFC BIO 1 L &#8211; HOLLINGER"},"content":{"rendered":"<p>SK\u0141ADNIKI<br \/>bezpo\u015bredni sok z bia\u0142ych winogron* 100 %<br \/>(*certyfikowany sk\u0142adnik ekologiczny)<\/p>\n<p>OPIS <br \/> Sok bezpo\u015brednio t\u0142oczony NFC (nie z koncentratu) z bia\u0142ych ekologicznych winogron. Produkt pasteryzowany.<\/p>\n<p>WARTO\u015a\u0106 OD\u017bYWCZA W 100 ml<br \/>Warto\u015b\u0107 energetyczna: 269 kJ \/ 63 kcal <br \/>T\u0142uszcz: &lt; 0,5 g <br \/>w tym kwasy t\u0142uszczowe nasycone: &lt; 0,1 g <br \/>W\u0119glowodany: 15 g <br \/>w tym cukry: 15 g <br \/>Bia\u0142ko: &lt; 0,5 g <br \/>S\u00f3l: &lt; 0,01 g<\/p>\n<p>ZALECANE WARUNKI PRZECHOWYWANIA <br \/>Przechowywa\u0107 w suchym i ch\u0142odnym miejscu. Po otwarciu przechowywa\u0107 w lod\u00f3wce i spo\u017cy\u0107 w ci\u0105gu 3 dni. <\/p>","protected":false},"excerpt":{"rendered":"<p>SK\u0141ADNIKIbezpo\u015bredni sok z bia\u0142ych winogron* 100 %(*certyfikowany sk\u0142adnik ekologiczny) OPIS Sok bezpo\u015brednio t\u0142oczony NFC (nie z koncentratu) z bia\u0142ych ekologicznych winogron. Produkt pasteryzowany. WARTO\u015a\u0106 OD\u017bYWCZA W 100 mlWarto\u015b\u0107 energetyczna: 269 kJ \/ 63 kcal T\u0142uszcz: &lt; 0,5 g w tym kwasy t\u0142uszczowe nasycone: &lt; 0,1 g W\u0119glowodany: 15 g w tym cukry: 15 g Bia\u0142ko: [&hellip;]<\/p>","protected":false},"featured_media":6160,"comment_status":"closed","ping_status":"open","template":"","meta":{"_acf_changed":false},"product_brand":[],"product_cat":[134,410],"product_tag":[],"class_list":{"0":"post-6159","1":"product","2":"type-product","3":"status-publish","4":"has-post-thumbnail","6":"product_cat-napoje","7":"product_cat-soki-owocowe-soki-owocowe-z-dodatkami","8":"pa_ean-matka-4907","9":"pa_gwarancja-przydatnosci-311","10":"pa_ilosc-w-opakowaniu-374","11":"pa_jednostka-podstawowa-szt","12":"pa_kod-cn-2009-61-10","13":"pa_objetosc-brutto-1022","14":"pa_objetosc-netto-858","15":"pa_producent-hollinger-soki-nektary-napoje-syropy","16":"pa_producent-nazwa-adres-ims-hollinger-gmbh-johann-winter-gasse-29-3021-pressbaum","17":"pa_tagi-bez-cukru-w-skladnikach","18":"pa_tagi-bez-glutenu-w-skladnikach","19":"pa_tagi-certyfikat-bio","20":"pa_tagi-weganski","21":"pa_tagi-wegetarianski","23":"first","24":"instock","25":"taxable","26":"shipping-taxable","27":"purchasable","28":"product-type-simple"},"acf":[],"_links":{"self":[{"href":"https:\/\/wiejskieprzysmaki.estima.site\/en\/wp-json\/wp\/v2\/product\/6159","targetHints":{"allow":["GET"]}}],"collection":[{"href":"https:\/\/wiejskieprzysmaki.estima.site\/en\/wp-json\/wp\/v2\/product"}],"about":[{"href":"https:\/\/wiejskieprzysmaki.estima.site\/en\/wp-json\/wp\/v2\/types\/product"}],"replies":[{"embeddable":true,"href":"https:\/\/wiejskieprzysmaki.estima.site\/en\/wp-json\/wp\/v2\/comments?post=6159"}],"wp:featuredmedia":[{"embeddable":true,"href":"https:\/\/wiejskieprzysmaki.estima.site\/en\/wp-json\/wp\/v2\/media\/6160"}],"wp:attachment":[{"href":"https:\/\/wiejskieprzysmaki.estima.site\/en\/wp-json\/wp\/v2\/media?parent=6159"}],"wp:term":[{"taxonomy":"product_brand","embeddable":true,"href":"https:\/\/wiejskieprzysmaki.estima.site\/en\/wp-json\/wp\/v2\/product_brand?post=6159"},{"taxonomy":"product_cat","embeddable":true,"href":"https:\/\/wiejskieprzysmaki.estima.site\/en\/wp-json\/wp\/v2\/product_cat?post=6159"},{"taxonomy":"product_tag","embeddable":true,"href":"https:\/\/wiejskieprzysmaki.estima.site\/en\/wp-json\/wp\/v2\/product_tag?post=6159"}],"curies":[{"name":"wp","href":"https:\/\/api.w.org\/{rel}","templated":true}]}}