{"id":6173,"date":"2025-02-18T11:13:12","date_gmt":"2025-02-18T10:13:12","guid":{"rendered":"https:\/\/wiejskieprzysmaki.estima.site\/produkt\/kielbasa-zagrodowa-bio-250-g-sloik-farmy-roztocza\/"},"modified":"2025-02-18T11:13:18","modified_gmt":"2025-02-18T10:13:18","slug":"kielbasa-zagrodowa-bio-250-g-sloik-farmy-roztocza","status":"publish","type":"product","link":"https:\/\/wiejskieprzysmaki.estima.site\/en\/product\/kielbasa-zagrodowa-bio-250-g-sloik-farmy-roztocza\/","title":{"rendered":"KIE\u0141BASA ZAGRODOWA BIO 250 g (S\u0141OIK) &#8211; FARMY ROZTOCZA"},"content":{"rendered":"<p>SK\u0141ADNIKI<br \/>mi\u0119so wieprzowe* 94 %, s\u00f3l, przyprawy* (* certyfikowany sk\u0142adnik ekologiczny)<\/p>\n<p>OPIS<br \/>Konserwa wieprzowa grubo rozdrobniona sterylizowana. <\/p>\n<p>WARTO\u015a\u0106 OD\u017bYWCZA W 100 g<br \/>Warto\u015b\u0107 energetyczna: 984 kJ \/ 237 kcal <br \/>T\u0142uszcz: 19 g <br \/>w tym kwasy t\u0142uszczowe nasycone: 7,8 g <br \/>W\u0119glowodany: 0,5 g <br \/>w tym cukry: 0,5 g <br \/>Bia\u0142ko: 16 g <br \/>S\u00f3l: 1,4 g<\/p>\n<p>ZALECANE WARUNKI PRZECHOWYWANIA<br \/>Przechowywa\u0107 w suchym i ch\u0142odnym miejscu. Po otwarciu przechowywa\u0107 w lod\u00f3wce i spo\u017cy\u0107 w ci\u0105gu 2 dni.<\/p>","protected":false},"excerpt":{"rendered":"<p>SK\u0141ADNIKImi\u0119so wieprzowe* 94 %, s\u00f3l, przyprawy* (* certyfikowany sk\u0142adnik ekologiczny) OPISKonserwa wieprzowa grubo rozdrobniona sterylizowana. WARTO\u015a\u0106 OD\u017bYWCZA W 100 gWarto\u015b\u0107 energetyczna: 984 kJ \/ 237 kcal T\u0142uszcz: 19 g w tym kwasy t\u0142uszczowe nasycone: 7,8 g W\u0119glowodany: 0,5 g w tym cukry: 0,5 g Bia\u0142ko: 16 g S\u00f3l: 1,4 g ZALECANE WARUNKI PRZECHOWYWANIAPrzechowywa\u0107 w suchym [&hellip;]<\/p>","protected":false},"featured_media":6174,"comment_status":"closed","ping_status":"open","template":"","meta":{"_acf_changed":false},"product_brand":[],"product_cat":[1567],"product_tag":[],"class_list":{"0":"post-6173","1":"product","2":"type-product","3":"status-publish","4":"has-post-thumbnail","6":"product_cat-wedliny","7":"pa_ean-matka-4920","8":"pa_gwarancja-przydatnosci-311","9":"pa_ilosc-w-opakowaniu-298","10":"pa_jednostka-podstawowa-szt","11":"pa_kod-cn-1602-49-13","12":"pa_masa-netto-480","13":"pa_objetosc-brutto-4917","14":"pa_producent-farmy-roztocza-z-polki-w-tym-weki","15":"pa_producent-nazwa-adres-q100-spolka-z-ograniczona-odpowiedzialnoscia-przemyslowa-12-23-415-ksiezpol","16":"pa_tagi-bez-cukru-w-skladnikach","17":"pa_tagi-certyfikat-bio","19":"first","20":"instock","21":"taxable","22":"shipping-taxable","23":"purchasable","24":"product-type-simple"},"acf":[],"_links":{"self":[{"href":"https:\/\/wiejskieprzysmaki.estima.site\/en\/wp-json\/wp\/v2\/product\/6173","targetHints":{"allow":["GET"]}}],"collection":[{"href":"https:\/\/wiejskieprzysmaki.estima.site\/en\/wp-json\/wp\/v2\/product"}],"about":[{"href":"https:\/\/wiejskieprzysmaki.estima.site\/en\/wp-json\/wp\/v2\/types\/product"}],"replies":[{"embeddable":true,"href":"https:\/\/wiejskieprzysmaki.estima.site\/en\/wp-json\/wp\/v2\/comments?post=6173"}],"wp:featuredmedia":[{"embeddable":true,"href":"https:\/\/wiejskieprzysmaki.estima.site\/en\/wp-json\/wp\/v2\/media\/6174"}],"wp:attachment":[{"href":"https:\/\/wiejskieprzysmaki.estima.site\/en\/wp-json\/wp\/v2\/media?parent=6173"}],"wp:term":[{"taxonomy":"product_brand","embeddable":true,"href":"https:\/\/wiejskieprzysmaki.estima.site\/en\/wp-json\/wp\/v2\/product_brand?post=6173"},{"taxonomy":"product_cat","embeddable":true,"href":"https:\/\/wiejskieprzysmaki.estima.site\/en\/wp-json\/wp\/v2\/product_cat?post=6173"},{"taxonomy":"product_tag","embeddable":true,"href":"https:\/\/wiejskieprzysmaki.estima.site\/en\/wp-json\/wp\/v2\/product_tag?post=6173"}],"curies":[{"name":"wp","href":"https:\/\/api.w.org\/{rel}","templated":true}]}}