{"id":6175,"date":"2025-02-18T11:13:12","date_gmt":"2025-02-18T10:13:12","guid":{"rendered":"https:\/\/wiejskieprzysmaki.estima.site\/produkt\/agar-bezglutenowy-bio-10-g-amylon\/"},"modified":"2025-02-18T11:13:19","modified_gmt":"2025-02-18T10:13:19","slug":"agar-bezglutenowy-bio-10-g-amylon","status":"publish","type":"product","link":"https:\/\/wiejskieprzysmaki.estima.site\/en\/product\/agar-bezglutenowy-bio-10-g-amylon\/","title":{"rendered":"AGAR BEZGLUTENOWY BIO 10 g &#8211; AMYLON"},"content":{"rendered":"<p>SK\u0141ADNIKI<br \/>agar* (*certyfikowany sk\u0142adnik ekologiczny)  <\/p>\n<p>OPIS<br \/>Do krem\u00f3w, polew, budyni, galaretek do ciast i da\u0144 z galaret\u0105.  <\/p>\n<p>SPOS\u00d3B PRZYGOTOWANIA  <br \/>10 g agaru rozpu\u015bci\u0107 w 1 litrze zimnej wody i w razie potrzeby dos\u0142odzi\u0107. Gotowa\u0107 przez 3 minuty ci\u0105gle mieszaj\u0105c. Po ugotowaniu lekko ostudzi\u0107. Wla\u0107 do formy i pozostawi\u0107 do zestalenia w lod\u00f3wce. Agar mo\u017cna przygotowa\u0107 z sokiem owocowym lub z innym sokiem.  <\/p>\n<p>WARTO\u015a\u0106 OD\u017bYWCZA W 100 g<br \/>Warto\u015b\u0107 energetyczna: 700 kJ\/167 kcal  <br \/>T\u0142uszcz: 0 g  <br \/>w tym kwasy t\u0142uszczowe nasycone: 0 g  <br \/>W\u0119glowodany: 0,4 g  <br \/>w tym cukry: 0,4 g  <br \/>Bia\u0142ko: 0 g  <br \/>S\u00f3l: 1,25 g  <\/p>\n<p>ZALECANE WARUNKI PRZECHOWYWANIA<br \/>Przechowywa\u0107 w suchym i ch\u0142odnym miejscu.<\/p>","protected":false},"excerpt":{"rendered":"<p>SK\u0141ADNIKIagar* (*certyfikowany sk\u0142adnik ekologiczny) OPISDo krem\u00f3w, polew, budyni, galaretek do ciast i da\u0144 z galaret\u0105. SPOS\u00d3B PRZYGOTOWANIA 10 g agaru rozpu\u015bci\u0107 w 1 litrze zimnej wody i w razie potrzeby dos\u0142odzi\u0107. Gotowa\u0107 przez 3 minuty ci\u0105gle mieszaj\u0105c. Po ugotowaniu lekko ostudzi\u0107. Wla\u0107 do formy i pozostawi\u0107 do zestalenia w lod\u00f3wce. Agar mo\u017cna przygotowa\u0107 z sokiem [&hellip;]<\/p>","protected":false},"featured_media":6176,"comment_status":"closed","ping_status":"open","template":"","meta":{"_acf_changed":false},"product_brand":[],"product_cat":[36],"product_tag":[],"class_list":{"0":"post-6175","1":"product","2":"type-product","3":"status-publish","4":"has-post-thumbnail","6":"product_cat-dodatki-do-wypiekow-i-deserow","7":"pa_ean-matka-4921","8":"pa_gwarancja-przydatnosci-522","9":"pa_ilosc-w-opakowaniu-327","10":"pa_jednostka-podstawowa-szt","11":"pa_kod-cn-1302-31-00","12":"pa_masa-netto-1036","13":"pa_objetosc-brutto-3956","14":"pa_producent-amylon-budynie-galaretkikisielecukry-skrobie","15":"pa_producent-nazwa-adres-amylon-a-s-svermova-117-580-36-havlickuv-brod","16":"pa_tagi-bez-cukru-w-skladnikach","17":"pa_tagi-bez-glutenu-deklaracja","18":"pa_tagi-bez-glutenu-w-skladnikach","19":"pa_tagi-certyfikat-bio","20":"pa_tagi-weganski","21":"pa_tagi-wegetarianski","23":"first","24":"instock","25":"taxable","26":"shipping-taxable","27":"purchasable","28":"product-type-simple"},"acf":[],"_links":{"self":[{"href":"https:\/\/wiejskieprzysmaki.estima.site\/en\/wp-json\/wp\/v2\/product\/6175","targetHints":{"allow":["GET"]}}],"collection":[{"href":"https:\/\/wiejskieprzysmaki.estima.site\/en\/wp-json\/wp\/v2\/product"}],"about":[{"href":"https:\/\/wiejskieprzysmaki.estima.site\/en\/wp-json\/wp\/v2\/types\/product"}],"replies":[{"embeddable":true,"href":"https:\/\/wiejskieprzysmaki.estima.site\/en\/wp-json\/wp\/v2\/comments?post=6175"}],"wp:featuredmedia":[{"embeddable":true,"href":"https:\/\/wiejskieprzysmaki.estima.site\/en\/wp-json\/wp\/v2\/media\/6176"}],"wp:attachment":[{"href":"https:\/\/wiejskieprzysmaki.estima.site\/en\/wp-json\/wp\/v2\/media?parent=6175"}],"wp:term":[{"taxonomy":"product_brand","embeddable":true,"href":"https:\/\/wiejskieprzysmaki.estima.site\/en\/wp-json\/wp\/v2\/product_brand?post=6175"},{"taxonomy":"product_cat","embeddable":true,"href":"https:\/\/wiejskieprzysmaki.estima.site\/en\/wp-json\/wp\/v2\/product_cat?post=6175"},{"taxonomy":"product_tag","embeddable":true,"href":"https:\/\/wiejskieprzysmaki.estima.site\/en\/wp-json\/wp\/v2\/product_tag?post=6175"}],"curies":[{"name":"wp","href":"https:\/\/api.w.org\/{rel}","templated":true}]}}