{"id":6189,"date":"2025-02-18T11:13:12","date_gmt":"2025-02-18T10:13:12","guid":{"rendered":"https:\/\/wiejskieprzysmaki.estima.site\/produkt\/shot-owocowy-z-zelazem-witamina-c-i-niacyna-60-ml-rotbackchen\/"},"modified":"2025-02-18T11:13:24","modified_gmt":"2025-02-18T10:13:24","slug":"shot-owocowy-z-zelazem-witamina-c-i-niacyna-60-ml-rotbackchen","status":"publish","type":"product","link":"https:\/\/wiejskieprzysmaki.estima.site\/en\/product\/shot-owocowy-z-zelazem-witamina-c-i-niacyna-60-ml-rotbackchen\/","title":{"rendered":"SHOT OWOCOWY Z \u017bELAZEM, WITAMIN\u0104 C I NIACYN\u0104 60 ml &#8211; ROTBACKCHEN"},"content":{"rendered":"<p>SK\u0141ADNIKI<br \/>sok z czerwonych winogron, sok jab\u0142kowy, sok z wi\u015bni (12 %), sok z czarnego bzu, witamina C (kwas L-askorbinowy), \u017celazo (glukonian \u017celaza (II)), niacyna (amid kwasu nikotynowego)<\/p>\n<p>WARTO\u015a\u0106 OD\u017bYWCZA W 100 ml<br \/>Warto\u015b\u0107 energetyczna &#8211; 282 kJ \/66 kcal  <br \/>T\u0142uszcz &#8211; <0,5 g  <br \/>w tym kwasy t\u0142uszczowe nasycone &#8211; <0,1 g  <br \/>W\u0119glowodany &#8211; 16 g  <br \/>w tym cukry &#8211;  16 g  <br \/>B\u0142onnik &#8211; <0,5 g  <br \/>Bia\u0142ko &#8211; <0,5 g  <br \/>S\u00f3l &#8211; 0,03 g  <br \/>\u017belazo &#8211; 12 mg (86 %)**<br \/>Witamina C &#8211; 133 mg (167 %)**<br \/>Niacyna &#8211; 27 mg (167 %)**<\/p>\n<p>**dzienna referencyjna warto\u015b\u0107 spo\u017cycia witamin i sk\u0142adnik\u00f3w mineralnych (dla osoby doros\u0142ej)  <\/p>\n<p>ZALECANE WARUNKI PRZECHOWYWANIA<br \/>Przechowywa\u0107 w suchym i ch\u0142odnym miejscu.  <\/p>","protected":false},"excerpt":{"rendered":"<p>SK\u0141ADNIKIsok z czerwonych winogron, sok jab\u0142kowy, sok z wi\u015bni (12 %), sok z czarnego bzu, witamina C (kwas L-askorbinowy), \u017celazo (glukonian \u017celaza (II)), niacyna (amid kwasu nikotynowego) WARTO\u015a\u0106 OD\u017bYWCZA W 100 mlWarto\u015b\u0107 energetyczna &#8211; 282 kJ \/66 kcal T\u0142uszcz &#8211;<\/p>","protected":false},"featured_media":0,"comment_status":"closed","ping_status":"open","template":"","meta":{"_acf_changed":false},"product_brand":[],"product_cat":[384,134],"product_tag":[],"class_list":{"0":"post-6189","1":"product","2":"type-product","3":"status-publish","5":"product_cat-inne-napoje","6":"product_cat-napoje","7":"pa_ean-matka-4933","8":"pa_gwarancja-przydatnosci-320","9":"pa_ilosc-w-opakowaniu-350","10":"pa_jednostka-podstawowa-szt","11":"pa_kod-cn-2202-99-19","12":"pa_kraj-pochodzenia-skladnikow-turcja","13":"pa_objetosc-brutto-4932","14":"pa_objetosc-netto-4931","15":"pa_producent-rotbackchen-soki-napoje","16":"pa_producent-nazwa-adres-haus-rabenhorst-o-lauffs-gmbh-co-kg-rabenhorststrabe-1-53572-unkel","17":"pa_tagi-bez-cukru-w-skladnikach","18":"pa_tagi-bez-glutenu-w-skladnikach","19":"pa_tagi-weganski","20":"pa_tagi-wegetarianski","22":"first","23":"instock","24":"taxable","25":"shipping-taxable","26":"purchasable","27":"product-type-simple"},"acf":[],"_links":{"self":[{"href":"https:\/\/wiejskieprzysmaki.estima.site\/en\/wp-json\/wp\/v2\/product\/6189","targetHints":{"allow":["GET"]}}],"collection":[{"href":"https:\/\/wiejskieprzysmaki.estima.site\/en\/wp-json\/wp\/v2\/product"}],"about":[{"href":"https:\/\/wiejskieprzysmaki.estima.site\/en\/wp-json\/wp\/v2\/types\/product"}],"replies":[{"embeddable":true,"href":"https:\/\/wiejskieprzysmaki.estima.site\/en\/wp-json\/wp\/v2\/comments?post=6189"}],"wp:attachment":[{"href":"https:\/\/wiejskieprzysmaki.estima.site\/en\/wp-json\/wp\/v2\/media?parent=6189"}],"wp:term":[{"taxonomy":"product_brand","embeddable":true,"href":"https:\/\/wiejskieprzysmaki.estima.site\/en\/wp-json\/wp\/v2\/product_brand?post=6189"},{"taxonomy":"product_cat","embeddable":true,"href":"https:\/\/wiejskieprzysmaki.estima.site\/en\/wp-json\/wp\/v2\/product_cat?post=6189"},{"taxonomy":"product_tag","embeddable":true,"href":"https:\/\/wiejskieprzysmaki.estima.site\/en\/wp-json\/wp\/v2\/product_tag?post=6189"}],"curies":[{"name":"wp","href":"https:\/\/api.w.org\/{rel}","templated":true}]}}