{"id":6230,"date":"2025-02-18T11:13:32","date_gmt":"2025-02-18T10:13:32","guid":{"rendered":"https:\/\/wiejskieprzysmaki.estima.site\/produkt\/miod-spadziowy-ze-spadzi-iglastej-bio-950-g-pasieka-pucer\/"},"modified":"2025-02-18T11:13:51","modified_gmt":"2025-02-18T10:13:51","slug":"miod-spadziowy-ze-spadzi-iglastej-bio-950-g-pasieka-pucer","status":"publish","type":"product","link":"https:\/\/wiejskieprzysmaki.estima.site\/en\/product\/miod-spadziowy-ze-spadzi-iglastej-bio-950-g-pasieka-pucer\/","title":{"rendered":"MI\u00d3D SPADZIOWY ZE SPADZI IGLASTEJ BIO 950 g &#8211; PASIEKA PUCER"},"content":{"rendered":"<p>SK\u0141ADNIKI<br \/>mi\u00f3d spadziowy ze spadzi iglastej* 100 % (*certyfikowany sk\u0142adnik ekologiczny)<\/p>\n<p>OPIS<br \/>Oczarowuje \u017cywicznym aromatem i \u0142agodnym, niezbyt s\u0142odkim smakiem. Kolor ma ciemny, cz\u0119sto z odcieniem zielonkawym. Powstaje na ig\u0142ach \u015bwierk\u00f3w, sosen czy modrzewi, jest niezwykle cenny i cz\u0119sto nazywany kr\u00f3lem miod\u00f3w.  <\/p>\n<p>UWAGA<br \/>W zale\u017cno\u015bci od warunk\u00f3w przechowywania, mi\u00f3d z uwagi na sw\u00f3j naturalny sk\u0142ad ulega procesowi krystalizacji, twardnieniu, zmianie koloru lub rozwarstwieniu, co nie wp\u0142ywa na og\u00f3lne walory smakowe i u\u017cytkowe produktu.<\/p>\n<p>ZALECANE WARUNKI PRZECHOWYWANIA<br \/>Przechowywa\u0107 w suchym i ch\u0142odnym miejscu. Chroni\u0107 przed bezpo\u015brednim dzia\u0142aniem promieni s\u0142onecznych.<\/p>","protected":false},"excerpt":{"rendered":"<p>SK\u0141ADNIKImi\u00f3d spadziowy ze spadzi iglastej* 100 % (*certyfikowany sk\u0142adnik ekologiczny) OPISOczarowuje \u017cywicznym aromatem i \u0142agodnym, niezbyt s\u0142odkim smakiem. Kolor ma ciemny, cz\u0119sto z odcieniem zielonkawym. Powstaje na ig\u0142ach \u015bwierk\u00f3w, sosen czy modrzewi, jest niezwykle cenny i cz\u0119sto nazywany kr\u00f3lem miod\u00f3w. UWAGAW zale\u017cno\u015bci od warunk\u00f3w przechowywania, mi\u00f3d z uwagi na sw\u00f3j naturalny sk\u0142ad ulega procesowi krystalizacji, [&hellip;]<\/p>","protected":false},"featured_media":6231,"comment_status":"closed","ping_status":"open","template":"","meta":{"_acf_changed":false},"product_brand":[],"product_cat":[1104],"product_tag":[],"class_list":{"0":"post-6230","1":"product","2":"type-product","3":"status-publish","4":"has-post-thumbnail","6":"product_cat-miody","7":"pa_ean-matka-4965","8":"pa_gwarancja-przydatnosci-320","9":"pa_ilosc-w-opakowaniu-543","10":"pa_jednostka-podstawowa-szt","11":"pa_kod-cn-0409-00-00","12":"pa_kraj-pochodzenia-skladnikow-polska","13":"pa_masa-netto-4945","14":"pa_objetosc-brutto-4946","15":"pa_producent-pasieka-pucer-miody","16":"pa_producent-nazwa-adres-pasieka-pucer-dariusz-i-malgorzata-pucer-pastwiska-7-11-410-barciany","17":"pa_tagi-bez-glutenu-w-skladnikach","18":"pa_tagi-certyfikat-bio","19":"pa_tagi-wegetarianski","21":"first","22":"instock","23":"taxable","24":"shipping-taxable","25":"purchasable","26":"product-type-simple"},"acf":[],"_links":{"self":[{"href":"https:\/\/wiejskieprzysmaki.estima.site\/en\/wp-json\/wp\/v2\/product\/6230","targetHints":{"allow":["GET"]}}],"collection":[{"href":"https:\/\/wiejskieprzysmaki.estima.site\/en\/wp-json\/wp\/v2\/product"}],"about":[{"href":"https:\/\/wiejskieprzysmaki.estima.site\/en\/wp-json\/wp\/v2\/types\/product"}],"replies":[{"embeddable":true,"href":"https:\/\/wiejskieprzysmaki.estima.site\/en\/wp-json\/wp\/v2\/comments?post=6230"}],"wp:featuredmedia":[{"embeddable":true,"href":"https:\/\/wiejskieprzysmaki.estima.site\/en\/wp-json\/wp\/v2\/media\/6231"}],"wp:attachment":[{"href":"https:\/\/wiejskieprzysmaki.estima.site\/en\/wp-json\/wp\/v2\/media?parent=6230"}],"wp:term":[{"taxonomy":"product_brand","embeddable":true,"href":"https:\/\/wiejskieprzysmaki.estima.site\/en\/wp-json\/wp\/v2\/product_brand?post=6230"},{"taxonomy":"product_cat","embeddable":true,"href":"https:\/\/wiejskieprzysmaki.estima.site\/en\/wp-json\/wp\/v2\/product_cat?post=6230"},{"taxonomy":"product_tag","embeddable":true,"href":"https:\/\/wiejskieprzysmaki.estima.site\/en\/wp-json\/wp\/v2\/product_tag?post=6230"}],"curies":[{"name":"wp","href":"https:\/\/api.w.org\/{rel}","templated":true}]}}