{"id":6246,"date":"2025-02-18T11:13:57","date_gmt":"2025-02-18T10:13:57","guid":{"rendered":"https:\/\/wiejskieprzysmaki.estima.site\/produkt\/andruty-miodowe-bio-32-g-8-szt-biominki\/"},"modified":"2025-02-18T11:13:59","modified_gmt":"2025-02-18T10:13:59","slug":"andruty-miodowe-bio-32-g-8-szt-biominki","status":"publish","type":"product","link":"https:\/\/wiejskieprzysmaki.estima.site\/en\/product\/andruty-miodowe-bio-32-g-8-szt-biominki\/","title":{"rendered":"ANDRUTY MIODOWE BIO 32 g (8 szt.) &#8211; BIOMINKI"},"content":{"rendered":"<p>SK\u0141ADNIKI<br \/>m\u0105ka PSZENNA*, mi\u00f3d wielokwiatowy* 5 %, olej rzepakowy* (*certyfikowany sk\u0142adnik ekologiczny).<\/p>\n<p>OPIS<br \/>Ekologiczne andruty miodowe mog\u0105 stanowi\u0107 idealn\u0105 przek\u0105sk\u0119 dla dzieci w szkole, w domu i na spacerze.<\/p>\n<p>WARTO\u015a\u0106 OD\u017bYWCZA W 100 g<br \/>Warto\u015b\u0107 energetyczna &#8211; 1454 kJ\/343 kcal <br \/>T\u0142uszcz &#8211; 1,4 g <br \/>w tym kwasy t\u0142uszczowe nasycone &#8211; 0,3 g <br \/>W\u0119glowodany &#8211; 72 g <br \/>w tym cukry &#8211; 3,1 g <br \/>B\u0142onnik &#8211; 2,2 g <br \/>Bia\u0142ko &#8211; 9,6 g <br \/>S\u00f3l &#8211; 0 g<\/p>\n<p>ZALECANE WARUNKI PRZECHOWYWANIA<br \/>Przechowywa\u0107 w suchym i ch\u0142odnym miejscu<\/p>","protected":false},"excerpt":{"rendered":"<p>SK\u0141ADNIKIm\u0105ka PSZENNA*, mi\u00f3d wielokwiatowy* 5 %, olej rzepakowy* (*certyfikowany sk\u0142adnik ekologiczny). OPISEkologiczne andruty miodowe mog\u0105 stanowi\u0107 idealn\u0105 przek\u0105sk\u0119 dla dzieci w szkole, w domu i na spacerze. WARTO\u015a\u0106 OD\u017bYWCZA W 100 gWarto\u015b\u0107 energetyczna &#8211; 1454 kJ\/343 kcal T\u0142uszcz &#8211; 1,4 g w tym kwasy t\u0142uszczowe nasycone &#8211; 0,3 g W\u0119glowodany &#8211; 72 g w tym [&hellip;]<\/p>","protected":false},"featured_media":6247,"comment_status":"closed","ping_status":"open","template":"","meta":{"_acf_changed":false},"product_brand":[],"product_cat":[1434,139],"product_tag":[],"class_list":{"0":"post-6246","1":"product","2":"type-product","3":"status-publish","4":"has-post-thumbnail","6":"product_cat-ciastka","7":"product_cat-slodycze-i-przekaski","8":"pa_ean-matka-4979","9":"pa_gwarancja-przydatnosci-324","10":"pa_ilosc-w-opakowaniu-2054","11":"pa_jednostka-podstawowa-szt","12":"pa_kod-cn-1905-32-11","13":"pa_kraj-pochodzenia-skladnikow-rolnictwo-ue","14":"pa_masa-netto-2302","15":"pa_objetosc-brutto-4968","16":"pa_producent-biominki-przekaski-dla-dzieci-kaszki","17":"pa_producent-nazwa-adres-bio-planet-s-a-wilkowa-wies-7-05-084-leszno","18":"pa_tagi-certyfikat-bio","19":"pa_tagi-wegetarianski","21":"first","22":"instock","23":"taxable","24":"shipping-taxable","25":"purchasable","26":"product-type-simple"},"acf":[],"_links":{"self":[{"href":"https:\/\/wiejskieprzysmaki.estima.site\/en\/wp-json\/wp\/v2\/product\/6246","targetHints":{"allow":["GET"]}}],"collection":[{"href":"https:\/\/wiejskieprzysmaki.estima.site\/en\/wp-json\/wp\/v2\/product"}],"about":[{"href":"https:\/\/wiejskieprzysmaki.estima.site\/en\/wp-json\/wp\/v2\/types\/product"}],"replies":[{"embeddable":true,"href":"https:\/\/wiejskieprzysmaki.estima.site\/en\/wp-json\/wp\/v2\/comments?post=6246"}],"wp:featuredmedia":[{"embeddable":true,"href":"https:\/\/wiejskieprzysmaki.estima.site\/en\/wp-json\/wp\/v2\/media\/6247"}],"wp:attachment":[{"href":"https:\/\/wiejskieprzysmaki.estima.site\/en\/wp-json\/wp\/v2\/media?parent=6246"}],"wp:term":[{"taxonomy":"product_brand","embeddable":true,"href":"https:\/\/wiejskieprzysmaki.estima.site\/en\/wp-json\/wp\/v2\/product_brand?post=6246"},{"taxonomy":"product_cat","embeddable":true,"href":"https:\/\/wiejskieprzysmaki.estima.site\/en\/wp-json\/wp\/v2\/product_cat?post=6246"},{"taxonomy":"product_tag","embeddable":true,"href":"https:\/\/wiejskieprzysmaki.estima.site\/en\/wp-json\/wp\/v2\/product_tag?post=6246"}],"curies":[{"name":"wp","href":"https:\/\/api.w.org\/{rel}","templated":true}]}}