{"id":6248,"date":"2025-02-18T11:13:57","date_gmt":"2025-02-18T10:13:57","guid":{"rendered":"https:\/\/wiejskieprzysmaki.estima.site\/produkt\/platki-otrebowe-bio-250-g-batom\/"},"modified":"2025-02-18T11:14:00","modified_gmt":"2025-02-18T10:14:00","slug":"platki-otrebowe-bio-250-g-batom","status":"publish","type":"product","link":"https:\/\/wiejskieprzysmaki.estima.site\/en\/product\/platki-otrebowe-bio-250-g-batom\/","title":{"rendered":"P\u0141ATKI OTR\u0118BOWE BIO 250 g &#8211; BATOM"},"content":{"rendered":"<p>SK\u0141ADNIKI<br \/>m\u0105ka PSZENNA razowa* (70 %), otr\u0119by PSZENNE* (25 %), syrop kukurydziany* (4 %), s\u00f3l (1 %) (*certyfikowany sk\u0142adnik ekologiczny)<\/p>\n<p>OPIS<br \/>P\u0142atki z otr\u0105b pszennych. Chrupi\u0105ce doskonale smakuj\u0105 z mlekiem lub jogurtem. Wysoka zawarto\u015b\u0107 b\u0142onnika pokarmowego.  <\/p>\n<p>WARTO\u015a\u0106 OD\u017bYWCZA W 100 g<br \/>Warto\u015b\u0107 energetyczna: 1730 kJ \/ 413 kcal  <br \/>T\u0142uszcz: 8,5 g  <br \/>w tym kwasy nasycone: 8,0 g  <br \/>W\u0119glowodany: 26 g  <br \/>w tym cukry: 8,0 g  <br \/>B\u0142onnik: 39 g  <br \/>Bia\u0142ko: 19 g  <br \/>S\u00f3l: 0,6 g  <\/p>\n<p>INFORMACJA ALERGENNA<br \/>Mo\u017ce zawiera\u0107 ZBO\u017bA ZAWIERAJ\u0104CE GLUTEN, ORZECHY i nasiona SEZAMU.  <\/p>\n<p>ZALECANE WARUNKI PRZECHOWYWANIA<br \/>Przechowywa\u0107 w suchym i ch\u0142odnym miejscu.  <\/p>","protected":false},"excerpt":{"rendered":"<p>SK\u0141ADNIKIm\u0105ka PSZENNA razowa* (70 %), otr\u0119by PSZENNE* (25 %), syrop kukurydziany* (4 %), s\u00f3l (1 %) (*certyfikowany sk\u0142adnik ekologiczny) OPISP\u0142atki z otr\u0105b pszennych. Chrupi\u0105ce doskonale smakuj\u0105 z mlekiem lub jogurtem. Wysoka zawarto\u015b\u0107 b\u0142onnika pokarmowego. WARTO\u015a\u0106 OD\u017bYWCZA W 100 gWarto\u015b\u0107 energetyczna: 1730 kJ \/ 413 kcal T\u0142uszcz: 8,5 g w tym kwasy nasycone: 8,0 g W\u0119glowodany: [&hellip;]<\/p>","protected":false},"featured_media":6249,"comment_status":"closed","ping_status":"open","template":"","meta":{"_acf_changed":false},"product_brand":[],"product_cat":[796,265],"product_tag":[],"class_list":{"0":"post-6248","1":"product","2":"type-product","3":"status-publish","4":"has-post-thumbnail","6":"product_cat-platki","7":"product_cat-sniadaniowe","8":"pa_ean-matka-4981","9":"pa_gwarancja-przydatnosci-542","10":"pa_ilosc-w-opakowaniu-298","11":"pa_jednostka-podstawowa-szt","12":"pa_kod-cn-1904-10-90","13":"pa_masa-netto-480","14":"pa_objetosc-brutto-4980","15":"pa_producent-batom-oleje-soki-sole-kapielowe","16":"pa_producent-nazwa-adres-batom-pl-jozef-lesniak-hurtownia-zdrowej-zywnosci-generala-augusta-fieldorfa-nila-17-31-209-krakow","17":"pa_tagi-certyfikat-bio","18":"pa_tagi-weganski","19":"pa_tagi-wegetarianski","21":"first","22":"instock","23":"taxable","24":"shipping-taxable","25":"purchasable","26":"product-type-simple"},"acf":[],"_links":{"self":[{"href":"https:\/\/wiejskieprzysmaki.estima.site\/en\/wp-json\/wp\/v2\/product\/6248","targetHints":{"allow":["GET"]}}],"collection":[{"href":"https:\/\/wiejskieprzysmaki.estima.site\/en\/wp-json\/wp\/v2\/product"}],"about":[{"href":"https:\/\/wiejskieprzysmaki.estima.site\/en\/wp-json\/wp\/v2\/types\/product"}],"replies":[{"embeddable":true,"href":"https:\/\/wiejskieprzysmaki.estima.site\/en\/wp-json\/wp\/v2\/comments?post=6248"}],"wp:featuredmedia":[{"embeddable":true,"href":"https:\/\/wiejskieprzysmaki.estima.site\/en\/wp-json\/wp\/v2\/media\/6249"}],"wp:attachment":[{"href":"https:\/\/wiejskieprzysmaki.estima.site\/en\/wp-json\/wp\/v2\/media?parent=6248"}],"wp:term":[{"taxonomy":"product_brand","embeddable":true,"href":"https:\/\/wiejskieprzysmaki.estima.site\/en\/wp-json\/wp\/v2\/product_brand?post=6248"},{"taxonomy":"product_cat","embeddable":true,"href":"https:\/\/wiejskieprzysmaki.estima.site\/en\/wp-json\/wp\/v2\/product_cat?post=6248"},{"taxonomy":"product_tag","embeddable":true,"href":"https:\/\/wiejskieprzysmaki.estima.site\/en\/wp-json\/wp\/v2\/product_tag?post=6248"}],"curies":[{"name":"wp","href":"https:\/\/api.w.org\/{rel}","templated":true}]}}