{"id":6290,"date":"2025-02-18T11:14:26","date_gmt":"2025-02-18T10:14:26","guid":{"rendered":"https:\/\/wiejskieprzysmaki.estima.site\/produkt\/czekolada-z-migdalami-bez-dodatku-cukrow-100-g-ketolada\/"},"modified":"2025-02-18T11:14:29","modified_gmt":"2025-02-18T10:14:29","slug":"czekolada-z-migdalami-bez-dodatku-cukrow-100-g-ketolada","status":"publish","type":"product","link":"https:\/\/wiejskieprzysmaki.estima.site\/en\/product\/czekolada-z-migdalami-bez-dodatku-cukrow-100-g-ketolada\/","title":{"rendered":"CZEKOLADA Z MIGDA\u0141AMI BEZ DODATKU CUKR\u00d3W 100 g &#8211; KETOLADA"},"content":{"rendered":"<p>SK\u0141ADNIKI<br \/>miazga kakaowa, substancja s\u0142odz\u0105ca: erytrytol, t\u0142uszcz kakaowy, MIGDA\u0141Y (13 %). Masa kakaowa minimum 60 %. <\/p>\n<p>OPIS<br \/>Zawiera substancj\u0119 s\u0142odz\u0105c\u0105. Zawiera naturalnie wyst\u0119puj\u0105ce cukry.<\/p>\n<p>WARTO\u015a\u0106 OD\u017bYWCZA W 100 g<br \/>Warto\u015b\u0107 energetyczna 1842 kJ\/447 kcal  <br \/>T\u0142uszcz: 43 g  <br \/>w tym kwasy nasycone: 24 g  <br \/>W\u0119glowodany: 39 g  <br \/>w tym cukry: 1,0 g  <br \/>poliole: 35 g  <br \/>B\u0142onnik: 7,0 g  <br \/>Bia\u0142ko: 7,3 g  <br \/>S\u00f3l: 0,02 g<\/p>\n<p>INFORMACJA ALERGENNA  <br \/>Mo\u017ce zawiera\u0107 ZBO\u017bA ZAWIERAJ\u0104CE GLUTEN, ORZESZKI ZIEMNE i inne ORZECHY, SOJ\u0118, MLEKO (\u0142\u0105cznie z LAKTOZ\u0104)  <\/p>\n<p>UWAGA  <br \/>Spo\u017cycie w nadmiernych ilo\u015bciach mo\u017ce mie\u0107 efekt przeczyszczaj\u0105cy.  <\/p>\n<p>ZALECANE WARUNKI PRZECHOWYWANIA<br \/>Przechowywa\u0107 w suchym i ch\u0142odnym miejscu.<\/p>","protected":false},"excerpt":{"rendered":"<p>SK\u0141ADNIKImiazga kakaowa, substancja s\u0142odz\u0105ca: erytrytol, t\u0142uszcz kakaowy, MIGDA\u0141Y (13 %). Masa kakaowa minimum 60 %. OPISZawiera substancj\u0119 s\u0142odz\u0105c\u0105. Zawiera naturalnie wyst\u0119puj\u0105ce cukry. WARTO\u015a\u0106 OD\u017bYWCZA W 100 gWarto\u015b\u0107 energetyczna 1842 kJ\/447 kcal T\u0142uszcz: 43 g w tym kwasy nasycone: 24 g W\u0119glowodany: 39 g w tym cukry: 1,0 g poliole: 35 g B\u0142onnik: 7,0 g Bia\u0142ko: [&hellip;]<\/p>","protected":false},"featured_media":6291,"comment_status":"closed","ping_status":"open","template":"","meta":{"_acf_changed":false},"product_brand":[],"product_cat":[1187,139],"product_tag":[],"class_list":{"0":"post-6290","1":"product","2":"type-product","3":"status-publish","4":"has-post-thumbnail","6":"product_cat-czekolady-i-czekoladki","7":"product_cat-slodycze-i-przekaski","8":"pa_ean-matka-5014","9":"pa_gwarancja-przydatnosci-324","10":"pa_ilosc-w-opakowaniu-2472","11":"pa_jednostka-podstawowa-szt","12":"pa_kod-cn-1806-32-90","13":"pa_kraj-pochodzenia-skladnikow-turcja","14":"pa_masa-netto-242","15":"pa_objetosc-brutto-5012","16":"pa_producent-ketolada-czekolada-keto","17":"pa_producent-nazwa-adres-adaka-sp-z-o-o-polnocna-15-19-54-105-wroclaw","18":"pa_tagi-bez-cukru-w-skladnikach","19":"pa_tagi-bez-glutenu-w-skladnikach","20":"pa_tagi-weganski","21":"pa_tagi-wegetarianski","23":"first","24":"instock","25":"taxable","26":"shipping-taxable","27":"purchasable","28":"product-type-simple"},"acf":[],"_links":{"self":[{"href":"https:\/\/wiejskieprzysmaki.estima.site\/en\/wp-json\/wp\/v2\/product\/6290","targetHints":{"allow":["GET"]}}],"collection":[{"href":"https:\/\/wiejskieprzysmaki.estima.site\/en\/wp-json\/wp\/v2\/product"}],"about":[{"href":"https:\/\/wiejskieprzysmaki.estima.site\/en\/wp-json\/wp\/v2\/types\/product"}],"replies":[{"embeddable":true,"href":"https:\/\/wiejskieprzysmaki.estima.site\/en\/wp-json\/wp\/v2\/comments?post=6290"}],"wp:featuredmedia":[{"embeddable":true,"href":"https:\/\/wiejskieprzysmaki.estima.site\/en\/wp-json\/wp\/v2\/media\/6291"}],"wp:attachment":[{"href":"https:\/\/wiejskieprzysmaki.estima.site\/en\/wp-json\/wp\/v2\/media?parent=6290"}],"wp:term":[{"taxonomy":"product_brand","embeddable":true,"href":"https:\/\/wiejskieprzysmaki.estima.site\/en\/wp-json\/wp\/v2\/product_brand?post=6290"},{"taxonomy":"product_cat","embeddable":true,"href":"https:\/\/wiejskieprzysmaki.estima.site\/en\/wp-json\/wp\/v2\/product_cat?post=6290"},{"taxonomy":"product_tag","embeddable":true,"href":"https:\/\/wiejskieprzysmaki.estima.site\/en\/wp-json\/wp\/v2\/product_tag?post=6290"}],"curies":[{"name":"wp","href":"https:\/\/api.w.org\/{rel}","templated":true}]}}