{"id":6304,"date":"2025-02-18T11:14:26","date_gmt":"2025-02-18T10:14:26","guid":{"rendered":"https:\/\/wiejskieprzysmaki.estima.site\/produkt\/dzem-imbirowy-bio-240-g-ginger-people\/"},"modified":"2025-02-18T11:14:37","modified_gmt":"2025-02-18T10:14:37","slug":"dzem-imbirowy-bio-240-g-ginger-people","status":"publish","type":"product","link":"https:\/\/wiejskieprzysmaki.estima.site\/en\/product\/dzem-imbirowy-bio-240-g-ginger-people\/","title":{"rendered":"D\u017bEM IMBIROWY BIO 240 g &#8211; GINGER PEOPLE"},"content":{"rendered":"<p>SK\u0141ADNIKI  <br \/>imbir* (67 %), cukier trzcinowy* (*certyfikowany sk\u0142adnik ekologiczny)  <\/p>\n<p>OPIS<br \/>100 g produktu sporz\u0105dzono z 67 g imbiru  <\/p>\n<p>WARTO\u015a\u0106 OD\u017bYWCZA W 100 g<br \/>Warto\u015b\u0107 energetyczna &#8211; 1331 kJ\/318 kcal  <br \/>T\u0142uszcz &#8211; 0 g  <br \/>w tym kwasy t\u0142uszczowe nasycone &#8211; 0 g  <br \/>W\u0119glowodany &#8211; 79 g  <br \/>w tym cukry &#8211; 75 g  <br \/>Bia\u0142ko &#8211; 0 g  <br \/>S\u00f3l &#8211; 0,04 g<\/p>\n<p>ZALECANE WARUNKI PRZECHOWYWANIA<br \/>Przechowyw\u0107 w ch\u0142odnym i suchym miejscu.  <\/p>","protected":false},"excerpt":{"rendered":"<p>SK\u0141ADNIKI imbir* (67 %), cukier trzcinowy* (*certyfikowany sk\u0142adnik ekologiczny) OPIS100 g produktu sporz\u0105dzono z 67 g imbiru WARTO\u015a\u0106 OD\u017bYWCZA W 100 gWarto\u015b\u0107 energetyczna &#8211; 1331 kJ\/318 kcal T\u0142uszcz &#8211; 0 g w tym kwasy t\u0142uszczowe nasycone &#8211; 0 g W\u0119glowodany &#8211; 79 g w tym cukry &#8211; 75 g Bia\u0142ko &#8211; 0 g S\u00f3l &#8211; [&hellip;]<\/p>","protected":false},"featured_media":6305,"comment_status":"closed","ping_status":"open","template":"","meta":{"_acf_changed":false},"product_brand":[],"product_cat":[999,998],"product_tag":[],"class_list":{"0":"post-6304","1":"product","2":"type-product","3":"status-publish","4":"has-post-thumbnail","6":"product_cat-dzemy-konfitury-musy","7":"product_cat-przetwory-warzywne-i-owocowe","8":"pa_ean-matka-5027","9":"pa_gwarancja-przydatnosci-324","10":"pa_ilosc-w-opakowaniu-374","11":"pa_jednostka-podstawowa-szt","12":"pa_kod-cn-2008-99-51","13":"pa_masa-netto-446","14":"pa_objetosc-brutto-5024","15":"pa_producent-ginger-people-przetwory-z-imbiru","16":"pa_producent-nazwa-adres-ginger-people-europe-limited-98-lancaster-rd-newcastle-under-lyme-st5-1ds","17":"pa_tagi-bez-glutenu-w-skladnikach","18":"pa_tagi-certyfikat-bio","19":"pa_tagi-weganski","20":"pa_tagi-wegetarianski","22":"first","23":"instock","24":"taxable","25":"shipping-taxable","26":"purchasable","27":"product-type-simple"},"acf":[],"_links":{"self":[{"href":"https:\/\/wiejskieprzysmaki.estima.site\/en\/wp-json\/wp\/v2\/product\/6304","targetHints":{"allow":["GET"]}}],"collection":[{"href":"https:\/\/wiejskieprzysmaki.estima.site\/en\/wp-json\/wp\/v2\/product"}],"about":[{"href":"https:\/\/wiejskieprzysmaki.estima.site\/en\/wp-json\/wp\/v2\/types\/product"}],"replies":[{"embeddable":true,"href":"https:\/\/wiejskieprzysmaki.estima.site\/en\/wp-json\/wp\/v2\/comments?post=6304"}],"wp:featuredmedia":[{"embeddable":true,"href":"https:\/\/wiejskieprzysmaki.estima.site\/en\/wp-json\/wp\/v2\/media\/6305"}],"wp:attachment":[{"href":"https:\/\/wiejskieprzysmaki.estima.site\/en\/wp-json\/wp\/v2\/media?parent=6304"}],"wp:term":[{"taxonomy":"product_brand","embeddable":true,"href":"https:\/\/wiejskieprzysmaki.estima.site\/en\/wp-json\/wp\/v2\/product_brand?post=6304"},{"taxonomy":"product_cat","embeddable":true,"href":"https:\/\/wiejskieprzysmaki.estima.site\/en\/wp-json\/wp\/v2\/product_cat?post=6304"},{"taxonomy":"product_tag","embeddable":true,"href":"https:\/\/wiejskieprzysmaki.estima.site\/en\/wp-json\/wp\/v2\/product_tag?post=6304"}],"curies":[{"name":"wp","href":"https:\/\/api.w.org\/{rel}","templated":true}]}}