{"id":6312,"date":"2025-02-18T11:14:26","date_gmt":"2025-02-18T10:14:26","guid":{"rendered":"https:\/\/wiejskieprzysmaki.estima.site\/produkt\/mieszanka-przypraw-zlote-mleko-bio-100-g-dary-natury\/"},"modified":"2025-02-18T11:14:42","modified_gmt":"2025-02-18T10:14:42","slug":"mieszanka-przypraw-zlote-mleko-bio-100-g-dary-natury","status":"publish","type":"product","link":"https:\/\/wiejskieprzysmaki.estima.site\/en\/product\/mieszanka-przypraw-zlote-mleko-bio-100-g-dary-natury\/","title":{"rendered":"MIESZANKA PRZYPRAW &#8220;Z\u0141OTE MLEKO&#8221; BIO 100 g &#8211; DARY NATURY"},"content":{"rendered":"<p>SK\u0141ADNIKI <br \/>Kurkuma*, imbir*, cynamon*, ga\u0142ka muszkato\u0142owa*, kardamon*, go\u017adziki*, pieprz czarny*. (*certyfikowany sk\u0142adnik ekologiczny)  <\/p>\n<p>OPIS  <br \/>Mieszanka przyprawowa o bardzo intensywnym, s\u0142odko-pikantnym, korzennym smaku. Pozwala na stworzenie aromatycznego, z\u0142ocistego napoju na bazie MLEKA lub napoju ro\u015blinnego. Polecany z dodatkiem miodu lipowego.  <\/p>\n<p>WARTO\u015a\u0106 OD\u017bYWCZA W 100 g  <br \/>Warto\u015b\u0107 energetyczna: 1621 kJ \/ 384 kcal  <br \/>T\u0142uszcz: 6,5 g  <br \/>w  tym kwasy t\u0142uszczowe nasycone: 1,9 g  <br \/>W\u0119glowodany:  71 g  <br \/>w tym cukry: 5,2  g  <br \/>B\u0142onnik: 5,9 g  <br \/>Bia\u0142ko: 7,9 g  <br \/>S\u00f3l: 0,3 g<\/p>\n<p>SPOS\u00d3B PRZYGOTOWANIA  <br \/>Jedn\u0105 \u0142y\u017cecz\u0119 (5 g) mieszanki wymiesza\u0107 z 250 ml ciep\u0142ego MLEKA. Mo\u017cna doda\u0107 mi\u00f3d lub syrop.<\/p>\n<p>ZALECANE WARUNKI PRZECHOWYWANIA  <br \/>Przechowywa\u0107 w  szczelnie zamkni\u0119tym opakowaniu, w suchym i ch\u0142odnym miejscu.<\/p>","protected":false},"excerpt":{"rendered":"<p>SK\u0141ADNIKI Kurkuma*, imbir*, cynamon*, ga\u0142ka muszkato\u0142owa*, kardamon*, go\u017adziki*, pieprz czarny*. (*certyfikowany sk\u0142adnik ekologiczny) OPIS Mieszanka przyprawowa o bardzo intensywnym, s\u0142odko-pikantnym, korzennym smaku. Pozwala na stworzenie aromatycznego, z\u0142ocistego napoju na bazie MLEKA lub napoju ro\u015blinnego. Polecany z dodatkiem miodu lipowego. WARTO\u015a\u0106 OD\u017bYWCZA W 100 g Warto\u015b\u0107 energetyczna: 1621 kJ \/ 384 kcal T\u0142uszcz: 6,5 g w [&hellip;]<\/p>","protected":false},"featured_media":6313,"comment_status":"closed","ping_status":"open","template":"","meta":{"_acf_changed":false},"product_brand":[],"product_cat":[1052,229],"product_tag":[],"class_list":{"0":"post-6312","1":"product","2":"type-product","3":"status-publish","4":"has-post-thumbnail","6":"product_cat-mieszanki-przyprawy-i-ziola","7":"product_cat-przyprawy-i-ziola","8":"pa_ean-matka-5035","9":"pa_gwarancja-przydatnosci-522","10":"pa_ilosc-w-opakowaniu-374","11":"pa_jednostka-podstawowa-szt","12":"pa_kod-cn-2103-90-90","13":"pa_masa-netto-242","14":"pa_objetosc-brutto-5034","15":"pa_producent-dary-natury-przyprawy-i-ziola","16":"pa_producent-nazwa-adres-miroslaw-angielczyk-dary-natury-koryciny-73-17-315-grodzisk","17":"pa_tagi-bez-cukru-w-skladnikach","18":"pa_tagi-bez-glutenu-w-skladnikach","19":"pa_tagi-certyfikat-bio","20":"pa_tagi-weganski","21":"pa_tagi-wegetarianski","23":"first","24":"instock","25":"taxable","26":"shipping-taxable","27":"purchasable","28":"product-type-simple"},"acf":[],"_links":{"self":[{"href":"https:\/\/wiejskieprzysmaki.estima.site\/en\/wp-json\/wp\/v2\/product\/6312","targetHints":{"allow":["GET"]}}],"collection":[{"href":"https:\/\/wiejskieprzysmaki.estima.site\/en\/wp-json\/wp\/v2\/product"}],"about":[{"href":"https:\/\/wiejskieprzysmaki.estima.site\/en\/wp-json\/wp\/v2\/types\/product"}],"replies":[{"embeddable":true,"href":"https:\/\/wiejskieprzysmaki.estima.site\/en\/wp-json\/wp\/v2\/comments?post=6312"}],"wp:featuredmedia":[{"embeddable":true,"href":"https:\/\/wiejskieprzysmaki.estima.site\/en\/wp-json\/wp\/v2\/media\/6313"}],"wp:attachment":[{"href":"https:\/\/wiejskieprzysmaki.estima.site\/en\/wp-json\/wp\/v2\/media?parent=6312"}],"wp:term":[{"taxonomy":"product_brand","embeddable":true,"href":"https:\/\/wiejskieprzysmaki.estima.site\/en\/wp-json\/wp\/v2\/product_brand?post=6312"},{"taxonomy":"product_cat","embeddable":true,"href":"https:\/\/wiejskieprzysmaki.estima.site\/en\/wp-json\/wp\/v2\/product_cat?post=6312"},{"taxonomy":"product_tag","embeddable":true,"href":"https:\/\/wiejskieprzysmaki.estima.site\/en\/wp-json\/wp\/v2\/product_tag?post=6312"}],"curies":[{"name":"wp","href":"https:\/\/api.w.org\/{rel}","templated":true}]}}