{"id":6314,"date":"2025-02-18T11:14:26","date_gmt":"2025-02-18T10:14:26","guid":{"rendered":"https:\/\/wiejskieprzysmaki.estima.site\/produkt\/herbatka-rooibos-bio-100-g-dary-natury\/"},"modified":"2025-02-18T11:14:43","modified_gmt":"2025-02-18T10:14:43","slug":"herbatka-rooibos-bio-100-g-dary-natury","status":"publish","type":"product","link":"https:\/\/wiejskieprzysmaki.estima.site\/en\/product\/herbatka-rooibos-bio-100-g-dary-natury\/","title":{"rendered":"HERBATKA ROOIBOS BIO 100 g &#8211; DARY NATURY"},"content":{"rendered":"<p>SK\u0141ADNIKI<br \/>rooibos* (Aspalathus linearis) 100% (*certyfikowany sk\u0142adnik ekologiczny)<\/p>\n<p>OPIS  <br \/>Rooibos, czyli czerwonokrzew afryka\u0144ski, pochodzi z Republiki Po\u0142udniowej Afryki, gdzie uprawiany jest w g\u00f3rach Cederberg. Aromatyczny napar charakteryzuje si\u0119 czerwon\u0105 barw\u0105 i przyjemnym miodowym smakiem. \u015awietnie sprawdzi si\u0119 jako alternatywa dla kawy czy herbaty, polecana jest jako codzienny nap\u00f3j tak\u017ce dla kobiet w ci\u0105\u017cy oraz dzieci.<\/p>\n<p>SPOS\u00d3B PRZYGOTOWANIA  <br \/>1 \u0142y\u017ceczk\u0119 herbatki zala\u0107 250 ml wrzacej wody i zaparza\u0107 przez 3-5 min pod przykryciem.  <\/p>\n<p>ZALECANE WARUNKI PRZECHOWYWANIA <br \/>Przechowywa\u0107 w suchym miejscu.<\/p>","protected":false},"excerpt":{"rendered":"<p>SK\u0141ADNIKIrooibos* (Aspalathus linearis) 100% (*certyfikowany sk\u0142adnik ekologiczny) OPIS Rooibos, czyli czerwonokrzew afryka\u0144ski, pochodzi z Republiki Po\u0142udniowej Afryki, gdzie uprawiany jest w g\u00f3rach Cederberg. Aromatyczny napar charakteryzuje si\u0119 czerwon\u0105 barw\u0105 i przyjemnym miodowym smakiem. \u015awietnie sprawdzi si\u0119 jako alternatywa dla kawy czy herbaty, polecana jest jako codzienny nap\u00f3j tak\u017ce dla kobiet w ci\u0105\u017cy oraz dzieci. SPOS\u00d3B [&hellip;]<\/p>","protected":false},"featured_media":6315,"comment_status":"closed","ping_status":"open","template":"","meta":{"_acf_changed":false},"product_brand":[],"product_cat":[2306,282],"product_tag":[],"class_list":{"0":"post-6314","1":"product","2":"type-product","3":"status-publish","4":"has-post-thumbnail","6":"product_cat-biale-czerwone-rooibos","7":"product_cat-herbaty-i-ziola","8":"pa_ean-matka-5036","9":"pa_gwarancja-przydatnosci-522","10":"pa_ilosc-w-opakowaniu-350","11":"pa_jednostka-podstawowa-szt","12":"pa_kod-cn-1212-99-95","13":"pa_masa-netto-242","14":"pa_objetosc-brutto-4464","15":"pa_producent-dary-natury-herbatki","16":"pa_producent-nazwa-adres-miroslaw-angielczyk-dary-natury-koryciny-73-17-315-grodzisk","17":"pa_tagi-bez-cukru-w-skladnikach","18":"pa_tagi-bez-glutenu-w-skladnikach","19":"pa_tagi-certyfikat-bio","20":"pa_tagi-weganski","21":"pa_tagi-wegetarianski","23":"first","24":"instock","25":"taxable","26":"shipping-taxable","27":"purchasable","28":"product-type-simple"},"acf":[],"_links":{"self":[{"href":"https:\/\/wiejskieprzysmaki.estima.site\/en\/wp-json\/wp\/v2\/product\/6314","targetHints":{"allow":["GET"]}}],"collection":[{"href":"https:\/\/wiejskieprzysmaki.estima.site\/en\/wp-json\/wp\/v2\/product"}],"about":[{"href":"https:\/\/wiejskieprzysmaki.estima.site\/en\/wp-json\/wp\/v2\/types\/product"}],"replies":[{"embeddable":true,"href":"https:\/\/wiejskieprzysmaki.estima.site\/en\/wp-json\/wp\/v2\/comments?post=6314"}],"wp:featuredmedia":[{"embeddable":true,"href":"https:\/\/wiejskieprzysmaki.estima.site\/en\/wp-json\/wp\/v2\/media\/6315"}],"wp:attachment":[{"href":"https:\/\/wiejskieprzysmaki.estima.site\/en\/wp-json\/wp\/v2\/media?parent=6314"}],"wp:term":[{"taxonomy":"product_brand","embeddable":true,"href":"https:\/\/wiejskieprzysmaki.estima.site\/en\/wp-json\/wp\/v2\/product_brand?post=6314"},{"taxonomy":"product_cat","embeddable":true,"href":"https:\/\/wiejskieprzysmaki.estima.site\/en\/wp-json\/wp\/v2\/product_cat?post=6314"},{"taxonomy":"product_tag","embeddable":true,"href":"https:\/\/wiejskieprzysmaki.estima.site\/en\/wp-json\/wp\/v2\/product_tag?post=6314"}],"curies":[{"name":"wp","href":"https:\/\/api.w.org\/{rel}","templated":true}]}}