{"id":6342,"date":"2025-02-18T11:14:48","date_gmt":"2025-02-18T10:14:48","guid":{"rendered":"https:\/\/wiejskieprzysmaki.estima.site\/produkt\/syrop-malinowy-bio-1-l-hollinger\/"},"modified":"2025-02-18T11:14:55","modified_gmt":"2025-02-18T10:14:55","slug":"syrop-malinowy-bio-1-l-hollinger","status":"publish","type":"product","link":"https:\/\/wiejskieprzysmaki.estima.site\/en\/product\/syrop-malinowy-bio-1-l-hollinger\/","title":{"rendered":"SYROP MALINOWY BIO 1 L &#8211; HOLLINGER"},"content":{"rendered":"<p>SK\u0141ADNIKI<br \/>cukier*, woda, sok malinowy z koncentratu* (10 %), sok z aronii z koncentratu* (3 %), regulator kwasowo\u015bci: kwas jab\u0142kowy, naturalny aromat malinowy (*certyfikowany sk\u0142adnik ekologiczny)  <\/p>\n<p>OPIS  <br \/>Produkt pasteryzowany. Zawarto\u015b\u0107 owoc\u00f3w minium 13 %.<\/p>\n<p>WARTO\u015a\u0106 OD\u017bYWCZA W 100 g<br \/>Warto\u015b\u0107 energetyczna: 1328 kJ\/312 kcal  <br \/>T\u0142uszcz: <  0,5 g  <br \/>w tym kwasy t\u0142uszczowe nasycone: < 0,1 g  <br \/>Weglowodany: 77 g  <br \/>tym cukry: 77 g  <br \/>Bia\u0142ko: < 0,5 g  <br \/>S\u00f3l: 0 g<\/p>\n<p>ZALECANE WARUNKI PRZECHOWYWANIA<br \/>Przed otwarciem wstrz\u0105sna\u0107. Przechowywa\u0107 w temperaturze pokojowej, chroni\u0107 przed \u015bwiat\u0142em. Po otwarciu spo\u017cy\u0107 w ciagu 3-4 tygodni.<\/p>","protected":false},"excerpt":{"rendered":"<p>SK\u0141ADNIKIcukier*, woda, sok malinowy z koncentratu* (10 %), sok z aronii z koncentratu* (3 %), regulator kwasowo\u015bci: kwas jab\u0142kowy, naturalny aromat malinowy (*certyfikowany sk\u0142adnik ekologiczny) OPIS Produkt pasteryzowany. Zawarto\u015b\u0107 owoc\u00f3w minium 13 %. WARTO\u015a\u0106 OD\u017bYWCZA W 100 gWarto\u015b\u0107 energetyczna: 1328 kJ\/312 kcal T\u0142uszcz: < 0,5 g w tym kwasy t\u0142uszczowe nasycone: < 0,1 g Weglowodany: [&hellip;]\n<\/p>","protected":false},"featured_media":6343,"comment_status":"closed","ping_status":"open","template":"","meta":{"_acf_changed":false},"product_brand":[],"product_cat":[134,744],"product_tag":[],"class_list":{"0":"post-6342","1":"product","2":"type-product","3":"status-publish","4":"has-post-thumbnail","6":"product_cat-napoje","7":"product_cat-syropy-owocowe-i-inne","8":"pa_ean-matka-5056","9":"pa_gwarancja-przydatnosci-311","10":"pa_ilosc-w-opakowaniu-298","11":"pa_jednostka-podstawowa-szt","12":"pa_kod-cn-2106-90-59","13":"pa_objetosc-brutto-1022","14":"pa_objetosc-netto-858","15":"pa_producent-hollinger-soki-nektary-napoje-syropy","16":"pa_producent-nazwa-adres-ims-hollinger-gmbh-johann-winter-gasse-29-3021-pressbaum","17":"pa_tagi-bez-glutenu-w-skladnikach","18":"pa_tagi-certyfikat-bio","19":"pa_tagi-weganski","20":"pa_tagi-wegetarianski","22":"first","23":"instock","24":"taxable","25":"shipping-taxable","26":"purchasable","27":"product-type-simple"},"acf":[],"_links":{"self":[{"href":"https:\/\/wiejskieprzysmaki.estima.site\/en\/wp-json\/wp\/v2\/product\/6342","targetHints":{"allow":["GET"]}}],"collection":[{"href":"https:\/\/wiejskieprzysmaki.estima.site\/en\/wp-json\/wp\/v2\/product"}],"about":[{"href":"https:\/\/wiejskieprzysmaki.estima.site\/en\/wp-json\/wp\/v2\/types\/product"}],"replies":[{"embeddable":true,"href":"https:\/\/wiejskieprzysmaki.estima.site\/en\/wp-json\/wp\/v2\/comments?post=6342"}],"wp:featuredmedia":[{"embeddable":true,"href":"https:\/\/wiejskieprzysmaki.estima.site\/en\/wp-json\/wp\/v2\/media\/6343"}],"wp:attachment":[{"href":"https:\/\/wiejskieprzysmaki.estima.site\/en\/wp-json\/wp\/v2\/media?parent=6342"}],"wp:term":[{"taxonomy":"product_brand","embeddable":true,"href":"https:\/\/wiejskieprzysmaki.estima.site\/en\/wp-json\/wp\/v2\/product_brand?post=6342"},{"taxonomy":"product_cat","embeddable":true,"href":"https:\/\/wiejskieprzysmaki.estima.site\/en\/wp-json\/wp\/v2\/product_cat?post=6342"},{"taxonomy":"product_tag","embeddable":true,"href":"https:\/\/wiejskieprzysmaki.estima.site\/en\/wp-json\/wp\/v2\/product_tag?post=6342"}],"curies":[{"name":"wp","href":"https:\/\/api.w.org\/{rel}","templated":true}]}}