{"id":6356,"date":"2025-02-18T11:14:48","date_gmt":"2025-02-18T10:14:48","guid":{"rendered":"https:\/\/wiejskieprzysmaki.estima.site\/produkt\/kaszka-jaglana-bez-dodatku-cukrow-bio-500-g-biominki\/"},"modified":"2025-02-18T11:15:02","modified_gmt":"2025-02-18T10:15:02","slug":"kaszka-jaglana-bez-dodatku-cukrow-bio-500-g-biominki","status":"publish","type":"product","link":"https:\/\/wiejskieprzysmaki.estima.site\/en\/product\/kaszka-jaglana-bez-dodatku-cukrow-bio-500-g-biominki\/","title":{"rendered":"KASZKA JAGLANA BEZ DODATKU CUKR\u00d3W BIO 500 g &#8211; BIOMINKI"},"content":{"rendered":"<p>SK\u0141ADNIKI<br \/>ekologiczna kaszka jaglana 100 %.<\/p>\n<p>OPIS<br \/>Bez dodatku cukr\u00f3w.<br \/>Zawiera naturalnie wyst\u0119puj\u0105ce cukry.<br \/>Ekologiczna kaszka jaglana otrzymywana jest z oczyszczonych i ob\u0142uszczonych ziaren prosa. Kaszk\u0119 jaglan\u0105 mo\u017cna podawa\u0107 z gotowymi daniami warzywnymi lub owocami.<\/p>\n<p>SPOS\u00d3B PRZYGOTOWANIA<br \/>na 1 szklank\u0119 gotuj\u0105cego si\u0119 MLEKA lub wody wsypa\u0107 2 \u0142y\u017cki kaszki jaglanej. Gotowa\u0107 na wolnym ogniu oko\u0142o 2-3 minuty, od czasu do czasu mieszaj\u0105c. Kaszk\u0119 mo\u017cna podawa\u0107 z daniami warzywnymi lub owocami.<\/p>\n<p>WARTO\u015a\u0106 OD\u017bYWCZA W 100 g<br \/>Warto\u015b\u0107 energetyczna 1467 kJ\/346 kcal  <br \/>T\u0142uszcz 2,5 g  <br \/>w tym kwasy t\u0142uszczowe nasycone 0,4 g  <br \/>W\u0119glowodany 67 g  <br \/>w tym cukry <0,5 g  <br \/>B\u0142onnik 3,9 g  <br \/>Bia\u0142ko 12 g  <br \/>S\u00f3l 0 g<\/p>\n<p>INFORMACJA ALERGENNA<br \/>Produkt mo\u017ce zawiera\u0107: zbo\u017ca zawieraj\u0105ce GLUTEN, ORZESZKI ZIEMNE, ORZECHY, NASIONA SEZAMU, SOJ\u0118.<\/p>\n<p>ZALECANE WARUNKI PRZECHOWYWANIA<br \/>Przechowywa\u0107 w suchym i ch\u0142odnym miejscu.<\/p>","protected":false},"excerpt":{"rendered":"<p>SK\u0141ADNIKIekologiczna kaszka jaglana 100 %. OPISBez dodatku cukr\u00f3w.Zawiera naturalnie wyst\u0119puj\u0105ce cukry.Ekologiczna kaszka jaglana otrzymywana jest z oczyszczonych i ob\u0142uszczonych ziaren prosa. Kaszk\u0119 jaglan\u0105 mo\u017cna podawa\u0107 z gotowymi daniami warzywnymi lub owocami. SPOS\u00d3B PRZYGOTOWANIAna 1 szklank\u0119 gotuj\u0105cego si\u0119 MLEKA lub wody wsypa\u0107 2 \u0142y\u017cki kaszki jaglanej. Gotowa\u0107 na wolnym ogniu oko\u0142o 2-3 minuty, od czasu do [&hellip;]<\/p>","protected":false},"featured_media":6357,"comment_status":"closed","ping_status":"open","template":"","meta":{"_acf_changed":false},"product_brand":[],"product_cat":[1987,265],"product_tag":[],"class_list":{"0":"post-6356","1":"product","2":"type-product","3":"status-publish","4":"has-post-thumbnail","6":"product_cat-kaszki","7":"product_cat-sniadaniowe","8":"pa_ean-matka-3501","9":"pa_gwarancja-przydatnosci-324","10":"pa_ilosc-w-opakowaniu-298","11":"pa_jednostka-podstawowa-szt","12":"pa_kod-cn-1103-19-90","13":"pa_kraj-pochodzenia-skladnikow-polska","14":"pa_masa-netto-347","15":"pa_objetosc-brutto-812","16":"pa_producent-biominki-przekaski-dla-dzieci-kaszki","17":"pa_producent-nazwa-adres-bio-planet-s-a-wilkowa-wies-7-05-084-leszno","18":"pa_tagi-bez-cukru-w-skladnikach","19":"pa_tagi-bez-glutenu-w-skladnikach","20":"pa_tagi-certyfikat-bio","21":"pa_tagi-weganski","22":"pa_tagi-wegetarianski","24":"first","25":"instock","26":"taxable","27":"shipping-taxable","28":"purchasable","29":"product-type-simple"},"acf":[],"_links":{"self":[{"href":"https:\/\/wiejskieprzysmaki.estima.site\/en\/wp-json\/wp\/v2\/product\/6356","targetHints":{"allow":["GET"]}}],"collection":[{"href":"https:\/\/wiejskieprzysmaki.estima.site\/en\/wp-json\/wp\/v2\/product"}],"about":[{"href":"https:\/\/wiejskieprzysmaki.estima.site\/en\/wp-json\/wp\/v2\/types\/product"}],"replies":[{"embeddable":true,"href":"https:\/\/wiejskieprzysmaki.estima.site\/en\/wp-json\/wp\/v2\/comments?post=6356"}],"wp:featuredmedia":[{"embeddable":true,"href":"https:\/\/wiejskieprzysmaki.estima.site\/en\/wp-json\/wp\/v2\/media\/6357"}],"wp:attachment":[{"href":"https:\/\/wiejskieprzysmaki.estima.site\/en\/wp-json\/wp\/v2\/media?parent=6356"}],"wp:term":[{"taxonomy":"product_brand","embeddable":true,"href":"https:\/\/wiejskieprzysmaki.estima.site\/en\/wp-json\/wp\/v2\/product_brand?post=6356"},{"taxonomy":"product_cat","embeddable":true,"href":"https:\/\/wiejskieprzysmaki.estima.site\/en\/wp-json\/wp\/v2\/product_cat?post=6356"},{"taxonomy":"product_tag","embeddable":true,"href":"https:\/\/wiejskieprzysmaki.estima.site\/en\/wp-json\/wp\/v2\/product_tag?post=6356"}],"curies":[{"name":"wp","href":"https:\/\/api.w.org\/{rel}","templated":true}]}}