{"id":6370,"date":"2025-02-18T11:15:09","date_gmt":"2025-02-18T10:15:09","guid":{"rendered":"https:\/\/wiejskieprzysmaki.estima.site\/produkt\/chrupki-ryzowe-kakaowe-bio-300-g-turtle\/"},"modified":"2025-02-18T11:15:14","modified_gmt":"2025-02-18T10:15:14","slug":"chrupki-ryzowe-kakaowe-bio-300-g-turtle","status":"publish","type":"product","link":"https:\/\/wiejskieprzysmaki.estima.site\/en\/product\/chrupki-ryzowe-kakaowe-bio-300-g-turtle\/","title":{"rendered":"CHRUPKI RY\u017bOWE KAKAOWE BIO 300 g &#8211; TURTLE"},"content":{"rendered":"<p>SK\u0141ADNIKI<br \/>m\u0105ka ry\u017cowa* 75 %, cukier trzcinowy nierafinowany*, syrop kukurydziany*, kakao w proszku* 2,8 %, kakao w proszku o obni\u017conej zawarto\u015bci t\u0142uszczu* 2,6 %, emulgator: lecytyny (z SOI*), s\u00f3l (*certyfikowany sk\u0142adnik ekologiczny)<\/p>\n<p>OPIS  <br \/>Idealne jako dodatek do MLEKA, jogurtu czy ulubionego napoju ro\u015blinnego.  <\/p>\n<p>WARTO\u015a\u0106 OD\u017bYWCZA W 100 g<br \/>Warto\u015b\u0107 energetyczna: 1603 kJ \/ 378 kcal  <br \/>T\u0142uszcz: 2,0 g  <br \/>w tym kwasy t\u0142uszczowe nasycone: 0,4 g  <br \/>W\u0119glowodany: 82 g  <br \/>w tym cukry: 20 g  <br \/>B\u0142onnik: 3,0 g  <br \/>Bia\u0142ko: 7,0 g  <br \/>S\u00f3l: 0,5 g  <\/p>\n<p>INFORMACJA ALERGENNA<br \/>Mo\u017ce zawiera\u0107 ZBO\u017bA ZAWIERAJ\u0104CE GLUTEN, MLEKO (\u0142\u0105cznie z LAKTOZ\u0104) i ORZECHY. <\/p>\n<p>ZALECANE WARUNKI PRZECHOWYWANIA<br \/>Przechowywa\u0107 w ch\u0142odnym, suchym miejscu, z dala od \u015bwiat\u0142a.<\/p>","protected":false},"excerpt":{"rendered":"<p>SK\u0141ADNIKIm\u0105ka ry\u017cowa* 75 %, cukier trzcinowy nierafinowany*, syrop kukurydziany*, kakao w proszku* 2,8 %, kakao w proszku o obni\u017conej zawarto\u015bci t\u0142uszczu* 2,6 %, emulgator: lecytyny (z SOI*), s\u00f3l (*certyfikowany sk\u0142adnik ekologiczny) OPIS Idealne jako dodatek do MLEKA, jogurtu czy ulubionego napoju ro\u015blinnego. WARTO\u015a\u0106 OD\u017bYWCZA W 100 gWarto\u015b\u0107 energetyczna: 1603 kJ \/ 378 kcal T\u0142uszcz: 2,0 [&hellip;]<\/p>","protected":false},"featured_media":6371,"comment_status":"closed","ping_status":"open","template":"","meta":{"_acf_changed":false},"product_brand":[],"product_cat":[941,265],"product_tag":[],"class_list":{"0":"post-6370","1":"product","2":"type-product","3":"status-publish","4":"has-post-thumbnail","6":"product_cat-kulki-poduszki-platki-na-slodko","7":"product_cat-sniadaniowe","8":"pa_ean-matka-5073","9":"pa_gwarancja-przydatnosci-324","10":"pa_ilosc-w-opakowaniu-2472","11":"pa_jednostka-podstawowa-szt","12":"pa_kod-cn-1904-10-90","13":"pa_masa-netto-207","14":"pa_objetosc-brutto-5072","15":"pa_producent-turtle-owsianki-platki","16":"pa_producent-nazwa-adres-turtle-sprl-rue-du-monastere-12-1000-bruxelles","17":"pa_tagi-bez-glutenu-w-skladnikach","18":"pa_tagi-certyfikat-bio","19":"pa_tagi-weganski","20":"pa_tagi-wegetarianski","22":"first","23":"instock","24":"taxable","25":"shipping-taxable","26":"purchasable","27":"product-type-simple"},"acf":[],"_links":{"self":[{"href":"https:\/\/wiejskieprzysmaki.estima.site\/en\/wp-json\/wp\/v2\/product\/6370","targetHints":{"allow":["GET"]}}],"collection":[{"href":"https:\/\/wiejskieprzysmaki.estima.site\/en\/wp-json\/wp\/v2\/product"}],"about":[{"href":"https:\/\/wiejskieprzysmaki.estima.site\/en\/wp-json\/wp\/v2\/types\/product"}],"replies":[{"embeddable":true,"href":"https:\/\/wiejskieprzysmaki.estima.site\/en\/wp-json\/wp\/v2\/comments?post=6370"}],"wp:featuredmedia":[{"embeddable":true,"href":"https:\/\/wiejskieprzysmaki.estima.site\/en\/wp-json\/wp\/v2\/media\/6371"}],"wp:attachment":[{"href":"https:\/\/wiejskieprzysmaki.estima.site\/en\/wp-json\/wp\/v2\/media?parent=6370"}],"wp:term":[{"taxonomy":"product_brand","embeddable":true,"href":"https:\/\/wiejskieprzysmaki.estima.site\/en\/wp-json\/wp\/v2\/product_brand?post=6370"},{"taxonomy":"product_cat","embeddable":true,"href":"https:\/\/wiejskieprzysmaki.estima.site\/en\/wp-json\/wp\/v2\/product_cat?post=6370"},{"taxonomy":"product_tag","embeddable":true,"href":"https:\/\/wiejskieprzysmaki.estima.site\/en\/wp-json\/wp\/v2\/product_tag?post=6370"}],"curies":[{"name":"wp","href":"https:\/\/api.w.org\/{rel}","templated":true}]}}