{"id":6374,"date":"2025-02-18T11:15:09","date_gmt":"2025-02-18T10:15:09","guid":{"rendered":"https:\/\/wiejskieprzysmaki.estima.site\/produkt\/kolka-zbozowe-kolorowe-bezglutenowe-bio-300-g-turtle\/"},"modified":"2025-02-18T11:15:16","modified_gmt":"2025-02-18T10:15:16","slug":"kolka-zbozowe-kolorowe-bezglutenowe-bio-300-g-turtle","status":"publish","type":"product","link":"https:\/\/wiejskieprzysmaki.estima.site\/en\/product\/kolka-zbozowe-kolorowe-bezglutenowe-bio-300-g-turtle\/","title":{"rendered":"K\u00d3\u0141KA ZBO\u017bOWE KOLOROWE BEZGLUTENOWE BIO 300 g &#8211; TURTLE"},"content":{"rendered":"<p>SK\u0141ADNIKI<br \/>m\u0105ka kukurydziana*, m\u0105ka OWSIANA* (bezglutenowa), m\u0105ka ry\u017cowa*, cukier trzcinowy*, \u0142uska kukurydziana*, \u017cywno\u015b\u0107 barwi\u0105ca* (spirulina*, krokosz barwierski*, rzodkiew*, cytryna*, batat*), s\u00f3l morska, naturalny aromat malinowy, naturalny aromat porzeczkowy. (*certyfikowane sk\u0142adniki ekologiczne)<\/p>\n<p>OPIS<br \/>Pyszne chrupki zbo\u017cowe z naturalnymi barwnikami ro\u015blinnymi, \u015bwietnie smakuj\u0105 i dodaj\u0105 energii!<br \/>\u015aniadaniowa alternatywa dla klasycznej kanapki. Takie \u015bniadanie to dobra propozycja zar\u00f3wno dla dzieci, jak i doros\u0142ych. Doskonale wsp\u00f3\u0142graj\u0105 zar\u00f3wno z mlekiem, jogurtem, jak i z napojem ro\u015blinnym.<br \/>\u0179r\u00f3d\u0142o b\u0142onnika pokarmowego. Bez oleju palmowego i barwnik\u00f3w.<\/p>\n<p>WARTO\u015a\u0106 OD\u017bYWCZA W 100 g<br \/>Warto\u015b\u0107 energetyczna: 1529 kJ\/361 kcal<br \/>T\u0142uszcz: 1,6 g<br \/>w tym kwasy t\u0142uszczowe nasycone: 0,1 g<br \/>W\u0119glowodany: 80 g<br \/>w tym cukry: 19,8 g<br \/>B\u0142onnik: 6,9 g<br \/>Bia\u0142ko: 3,6 g<br \/>S\u00f3l: 0,7 g<\/p>\n<p>INFORMACJA ALERGENNA<br \/>Mo\u017ce zawiera\u0107 SOJ\u0118, MLEKO, ORZESZKI ZIEMNE i ORZECHY.<\/p>\n<p>ZALECANE WARUNKI PRZECHOWYWANIA<br \/>Przechowywa\u0107 w suchym, ch\u0142odnym miejscu, z dala od \u015bwiat\u0142a.<\/p>","protected":false},"excerpt":{"rendered":"<p>SK\u0141ADNIKIm\u0105ka kukurydziana*, m\u0105ka OWSIANA* (bezglutenowa), m\u0105ka ry\u017cowa*, cukier trzcinowy*, \u0142uska kukurydziana*, \u017cywno\u015b\u0107 barwi\u0105ca* (spirulina*, krokosz barwierski*, rzodkiew*, cytryna*, batat*), s\u00f3l morska, naturalny aromat malinowy, naturalny aromat porzeczkowy. (*certyfikowane sk\u0142adniki ekologiczne) OPISPyszne chrupki zbo\u017cowe z naturalnymi barwnikami ro\u015blinnymi, \u015bwietnie smakuj\u0105 i dodaj\u0105 energii!\u015aniadaniowa alternatywa dla klasycznej kanapki. Takie \u015bniadanie to dobra propozycja zar\u00f3wno dla dzieci, jak [&hellip;]<\/p>","protected":false},"featured_media":6375,"comment_status":"closed","ping_status":"open","template":"","meta":{"_acf_changed":false},"product_brand":[],"product_cat":[941,265],"product_tag":[],"class_list":{"0":"post-6374","1":"product","2":"type-product","3":"status-publish","4":"has-post-thumbnail","6":"product_cat-kulki-poduszki-platki-na-slodko","7":"product_cat-sniadaniowe","8":"pa_ean-matka-5077","9":"pa_gwarancja-przydatnosci-324","10":"pa_ilosc-w-opakowaniu-331","11":"pa_jednostka-podstawowa-szt","12":"pa_kod-cn-1904-10-10","13":"pa_masa-netto-207","14":"pa_objetosc-brutto-5076","15":"pa_producent-turtle-owsianki-platki","16":"pa_producent-nazwa-adres-turtle-sprl-rue-du-monastere-12-1000-bruxelles","17":"pa_tagi-bez-glutenu-deklaracja","18":"pa_tagi-certyfikat-bio","19":"pa_tagi-weganski","20":"pa_tagi-wegetarianski","22":"first","23":"instock","24":"taxable","25":"shipping-taxable","26":"purchasable","27":"product-type-simple"},"acf":[],"_links":{"self":[{"href":"https:\/\/wiejskieprzysmaki.estima.site\/en\/wp-json\/wp\/v2\/product\/6374","targetHints":{"allow":["GET"]}}],"collection":[{"href":"https:\/\/wiejskieprzysmaki.estima.site\/en\/wp-json\/wp\/v2\/product"}],"about":[{"href":"https:\/\/wiejskieprzysmaki.estima.site\/en\/wp-json\/wp\/v2\/types\/product"}],"replies":[{"embeddable":true,"href":"https:\/\/wiejskieprzysmaki.estima.site\/en\/wp-json\/wp\/v2\/comments?post=6374"}],"wp:featuredmedia":[{"embeddable":true,"href":"https:\/\/wiejskieprzysmaki.estima.site\/en\/wp-json\/wp\/v2\/media\/6375"}],"wp:attachment":[{"href":"https:\/\/wiejskieprzysmaki.estima.site\/en\/wp-json\/wp\/v2\/media?parent=6374"}],"wp:term":[{"taxonomy":"product_brand","embeddable":true,"href":"https:\/\/wiejskieprzysmaki.estima.site\/en\/wp-json\/wp\/v2\/product_brand?post=6374"},{"taxonomy":"product_cat","embeddable":true,"href":"https:\/\/wiejskieprzysmaki.estima.site\/en\/wp-json\/wp\/v2\/product_cat?post=6374"},{"taxonomy":"product_tag","embeddable":true,"href":"https:\/\/wiejskieprzysmaki.estima.site\/en\/wp-json\/wp\/v2\/product_tag?post=6374"}],"curies":[{"name":"wp","href":"https:\/\/api.w.org\/{rel}","templated":true}]}}