{"id":6392,"date":"2025-02-18T11:15:09","date_gmt":"2025-02-18T10:15:09","guid":{"rendered":"https:\/\/wiejskieprzysmaki.estima.site\/produkt\/olej-kokosowy-mct-keto-bio-500-ml-batom\/"},"modified":"2025-02-18T11:15:27","modified_gmt":"2025-02-18T10:15:27","slug":"olej-kokosowy-mct-keto-bio-500-ml-batom","status":"publish","type":"product","link":"https:\/\/wiejskieprzysmaki.estima.site\/en\/product\/olej-kokosowy-mct-keto-bio-500-ml-batom\/","title":{"rendered":"OLEJ KOKOSOWY MCT KETO BIO 500 ml &#8211; BATOM"},"content":{"rendered":"<p>SK\u0141ADNIKI<br \/>ekologiczny olej MCT z oleju kokosowego (Cocos nucifera).<\/p>\n<p>OPIS<br \/>Olej MCT to znakomite uzupe\u0142nienie codziennej diety w kwas kaprylowy oraz kwas kaprynowy. Kompozycja \u015brednio\u0142a\u0144cuchowych kwas\u00f3w t\u0142uszczowych: kwas kaprylowy: 60 %, kwas kaprynowy: 40 %. Obydwa te kwasy zaliczane s\u0105 do tzw. \u015brednio\u0142a\u0144cuchowych kwas\u00f3w t\u0142uszczowych (z angielskiego medium chain triglycerides &#8211; MCT). <br \/>Znajduje zastosowanie do: napoi, sa\u0142atek, shake czy smoothie. Polecany w diecie ketogenicznej oraz dla os\u00f3b aktywnych fizycznie. <br \/>Zr\u00f3wnowa\u017cony spos\u00f3b \u017cywienia oraz zdrowy tryb \u017cycia s\u0105 niezb\u0119dne do prawid\u0142owego funkcjonowania organizmu.  <\/p>\n<p>SPOS\u00d3B U\u017bYCIA<br \/>dzie\u0144 1-7: raz dziennie 5 ml (jedna \u0142y\u017ceczka)  <br \/>dzie\u0144 7+: 3 &#8211; 4 razy dziennie 15 ml (trzy \u0142y\u017ceczki)  <\/p>\n<p>WARTO\u015a\u0106 OD\u017bYWCZA W 100 g<br \/>Warto\u015b\u0107 energetyczna: 3747 kJ\/895 kcal<br \/>T\u0142uszcz: 99 g<br \/>w tym kwasy t\u0142uszczowe nasycone: 99 g  <br \/>w tym kwasy t\u0142uszczowe jednonienasycone: 0 g  <br \/>w tym kwasy t\u0142uszczowe wielonienasycone: 0 g  <br \/>W\u0119glowodany: 0,8 g<br \/>w tym cukry: 0 g  <br \/>B\u0142onnik: 0 g<br \/>Bia\u0142ko: 0,1 g<br \/>S\u00f3l: 0 g  <br \/>kwas kaprylowy: 60 g<br \/>kwas kaprynowy: 40 g<\/p>\n<p>ZALECANE WARUNKI PRZECHOWYWANIA<br \/>Przechowywa\u0107 w suchym, ch\u0142odnym i zacienionym miejscu.<\/p>","protected":false},"excerpt":{"rendered":"<p>SK\u0141ADNIKIekologiczny olej MCT z oleju kokosowego (Cocos nucifera). OPISOlej MCT to znakomite uzupe\u0142nienie codziennej diety w kwas kaprylowy oraz kwas kaprynowy. Kompozycja \u015brednio\u0142a\u0144cuchowych kwas\u00f3w t\u0142uszczowych: kwas kaprylowy: 60 %, kwas kaprynowy: 40 %. Obydwa te kwasy zaliczane s\u0105 do tzw. \u015brednio\u0142a\u0144cuchowych kwas\u00f3w t\u0142uszczowych (z angielskiego medium chain triglycerides &#8211; MCT). Znajduje zastosowanie do: napoi, sa\u0142atek, [&hellip;]<\/p>","protected":false},"featured_media":6393,"comment_status":"closed","ping_status":"open","template":"","meta":{"_acf_changed":false},"product_brand":[],"product_cat":[993,1073],"product_tag":[],"class_list":{"0":"post-6392","1":"product","2":"type-product","3":"status-publish","4":"has-post-thumbnail","6":"product_cat-oleje-i-oliwy","7":"product_cat-oleje-plynne","8":"pa_ean-matka-5089","9":"pa_gwarancja-przydatnosci-320","10":"pa_ilosc-w-opakowaniu-298","11":"pa_jednostka-podstawowa-szt","12":"pa_kod-cn-1513-11-91","13":"pa_kraj-pochodzenia-skladnikow-sri-lanka","14":"pa_objetosc-brutto-520","15":"pa_objetosc-netto-376","16":"pa_producent-batom-oleje-soki-sole-kapielowe","17":"pa_producent-nazwa-adres-batom-pl-jozef-lesniak-hurtownia-zdrowej-zywnosci-generala-augusta-fieldorfa-nila-17-31-209-krakow","18":"pa_tagi-bez-cukru-w-skladnikach","19":"pa_tagi-bez-glutenu-w-skladnikach","20":"pa_tagi-certyfikat-bio","21":"pa_tagi-weganski","22":"pa_tagi-wegetarianski","24":"first","25":"instock","26":"taxable","27":"shipping-taxable","28":"purchasable","29":"product-type-simple"},"acf":[],"_links":{"self":[{"href":"https:\/\/wiejskieprzysmaki.estima.site\/en\/wp-json\/wp\/v2\/product\/6392","targetHints":{"allow":["GET"]}}],"collection":[{"href":"https:\/\/wiejskieprzysmaki.estima.site\/en\/wp-json\/wp\/v2\/product"}],"about":[{"href":"https:\/\/wiejskieprzysmaki.estima.site\/en\/wp-json\/wp\/v2\/types\/product"}],"replies":[{"embeddable":true,"href":"https:\/\/wiejskieprzysmaki.estima.site\/en\/wp-json\/wp\/v2\/comments?post=6392"}],"wp:featuredmedia":[{"embeddable":true,"href":"https:\/\/wiejskieprzysmaki.estima.site\/en\/wp-json\/wp\/v2\/media\/6393"}],"wp:attachment":[{"href":"https:\/\/wiejskieprzysmaki.estima.site\/en\/wp-json\/wp\/v2\/media?parent=6392"}],"wp:term":[{"taxonomy":"product_brand","embeddable":true,"href":"https:\/\/wiejskieprzysmaki.estima.site\/en\/wp-json\/wp\/v2\/product_brand?post=6392"},{"taxonomy":"product_cat","embeddable":true,"href":"https:\/\/wiejskieprzysmaki.estima.site\/en\/wp-json\/wp\/v2\/product_cat?post=6392"},{"taxonomy":"product_tag","embeddable":true,"href":"https:\/\/wiejskieprzysmaki.estima.site\/en\/wp-json\/wp\/v2\/product_tag?post=6392"}],"curies":[{"name":"wp","href":"https:\/\/api.w.org\/{rel}","templated":true}]}}