{"id":6398,"date":"2025-02-18T11:15:09","date_gmt":"2025-02-18T10:15:09","guid":{"rendered":"https:\/\/wiejskieprzysmaki.estima.site\/produkt\/czekolada-biala-bio-100-g-meybona\/"},"modified":"2025-02-18T11:15:33","modified_gmt":"2025-02-18T10:15:33","slug":"czekolada-biala-bio-100-g-meybona","status":"publish","type":"product","link":"https:\/\/wiejskieprzysmaki.estima.site\/en\/product\/czekolada-biala-bio-100-g-meybona\/","title":{"rendered":"CZEKOLADA BIA\u0141A BIO 100 g &#8211; MEYBONA"},"content":{"rendered":"<p>SK\u0141ADNIKI<br \/>cukier trzcinowy nierafinowany*, t\u0142uszcz kakaowy*, MLEKO pe\u0142ne w proszku* (25 %), wanilia Bourbon*. (*certyfikowany sk\u0142adnik ekologiczny)<\/p>\n<p>OPIS<br \/>Wy\u015bmienita tabliczka bia\u0142ej czekolady, idealna dawka energii na ka\u017cd\u0105 por\u0119 dnia, zar\u00f3wno dla dzieci, jak i doros\u0142ych.<\/p>\n<p>WARTO\u015a\u0106 OD\u017bYWCZA W 100 g<br \/>Warto\u015b\u0107 energetyczna: 2501 kJ\/604 kcal <br \/>T\u0142uszcz: 43,2 g <br \/>w tym kwasy t\u0142uszczowe nasycone: 26,1 g <br \/>W\u0119glowodany: 47,1 g <br \/>w tym cukry: 47,1 g <br \/>Bia\u0142ko: 6,6 g <br \/>S\u00f3l: 0,23 g<\/p>\n<p>INFORMACJA ALERGENNA<br \/>Mo\u017ce zawiera\u0107 ZBO\u017bA ZAWIERAJ\u0104CE GLUTEN (PSZENICA), MIGDA\u0141Y i ORZECHY LASKOWE<\/p>\n<p>ZALECANE WARUNKI PRZECHOWYWANIA<br \/>Przechowywa\u0107 w suchym miejscu w temperaturze pokojowej. Chroni\u0107 przed ciep\u0142em.<\/p>","protected":false},"excerpt":{"rendered":"<p>SK\u0141ADNIKIcukier trzcinowy nierafinowany*, t\u0142uszcz kakaowy*, MLEKO pe\u0142ne w proszku* (25 %), wanilia Bourbon*. (*certyfikowany sk\u0142adnik ekologiczny) OPISWy\u015bmienita tabliczka bia\u0142ej czekolady, idealna dawka energii na ka\u017cd\u0105 por\u0119 dnia, zar\u00f3wno dla dzieci, jak i doros\u0142ych. WARTO\u015a\u0106 OD\u017bYWCZA W 100 gWarto\u015b\u0107 energetyczna: 2501 kJ\/604 kcal T\u0142uszcz: 43,2 g w tym kwasy t\u0142uszczowe nasycone: 26,1 g W\u0119glowodany: 47,1 g [&hellip;]<\/p>","protected":false},"featured_media":6399,"comment_status":"closed","ping_status":"open","template":"","meta":{"_acf_changed":false},"product_brand":[],"product_cat":[1187,139],"product_tag":[],"class_list":{"0":"post-6398","1":"product","2":"type-product","3":"status-publish","4":"has-post-thumbnail","6":"product_cat-czekolady-i-czekoladki","7":"product_cat-slodycze-i-przekaski","8":"pa_ean-matka-5095","9":"pa_gwarancja-przydatnosci-324","10":"pa_ilosc-w-opakowaniu-350","11":"pa_jednostka-podstawowa-szt","12":"pa_kod-cn-1704-90-30","13":"pa_masa-netto-242","14":"pa_objetosc-brutto-1272","15":"pa_producent-meybona-czekolady","16":"pa_producent-nazwa-adres-meybona-schokoladenfabrik-meyerkamp-gmbh-co-kg-alter-postweg-255-d-32584-lohne-germany","17":"pa_tagi-bez-glutenu-w-skladnikach","18":"pa_tagi-certyfikat-bio","19":"pa_tagi-wegetarianski","21":"first","22":"instock","23":"taxable","24":"shipping-taxable","25":"purchasable","26":"product-type-simple"},"acf":[],"_links":{"self":[{"href":"https:\/\/wiejskieprzysmaki.estima.site\/en\/wp-json\/wp\/v2\/product\/6398","targetHints":{"allow":["GET"]}}],"collection":[{"href":"https:\/\/wiejskieprzysmaki.estima.site\/en\/wp-json\/wp\/v2\/product"}],"about":[{"href":"https:\/\/wiejskieprzysmaki.estima.site\/en\/wp-json\/wp\/v2\/types\/product"}],"replies":[{"embeddable":true,"href":"https:\/\/wiejskieprzysmaki.estima.site\/en\/wp-json\/wp\/v2\/comments?post=6398"}],"wp:featuredmedia":[{"embeddable":true,"href":"https:\/\/wiejskieprzysmaki.estima.site\/en\/wp-json\/wp\/v2\/media\/6399"}],"wp:attachment":[{"href":"https:\/\/wiejskieprzysmaki.estima.site\/en\/wp-json\/wp\/v2\/media?parent=6398"}],"wp:term":[{"taxonomy":"product_brand","embeddable":true,"href":"https:\/\/wiejskieprzysmaki.estima.site\/en\/wp-json\/wp\/v2\/product_brand?post=6398"},{"taxonomy":"product_cat","embeddable":true,"href":"https:\/\/wiejskieprzysmaki.estima.site\/en\/wp-json\/wp\/v2\/product_cat?post=6398"},{"taxonomy":"product_tag","embeddable":true,"href":"https:\/\/wiejskieprzysmaki.estima.site\/en\/wp-json\/wp\/v2\/product_tag?post=6398"}],"curies":[{"name":"wp","href":"https:\/\/api.w.org\/{rel}","templated":true}]}}