{"id":6402,"date":"2025-02-18T11:15:09","date_gmt":"2025-02-18T10:15:09","guid":{"rendered":"https:\/\/wiejskieprzysmaki.estima.site\/produkt\/czekolada-gorzka-72-bio-100-g-meybona\/"},"modified":"2025-02-18T11:15:34","modified_gmt":"2025-02-18T10:15:34","slug":"czekolada-gorzka-72-bio-100-g-meybona","status":"publish","type":"product","link":"https:\/\/wiejskieprzysmaki.estima.site\/en\/product\/czekolada-gorzka-72-bio-100-g-meybona\/","title":{"rendered":"CZEKOLADA GORZKA 72 % BIO 100 g &#8211; MEYBONA"},"content":{"rendered":"<p>SK\u0141ADNIKI<br \/>miazga kakaowa*, cukier trzcinowy nierafinowany*, t\u0142uszcz kakaowy*, wanilia Bourbon*. (*certyfikowany sk\u0142adnik ekologiczny). Masa kakaowa min. 72 %.<\/p>\n<p>OPIS<br \/>Wy\u015bmienita tabliczka gorzkiej czekolady, idealna dawka energii na ka\u017cd\u0105 por\u0119 dnia, zar\u00f3wno dla dzieci, jak i doros\u0142ych.<\/p>\n<p>WARTO\u015a\u0106 OD\u017bYWCZA W 100 g<br \/>Warto\u015b\u0107 energetyczna: 2484 kJ\/601 kcal <br \/>T\u0142uszcz: 46,4 g <br \/>w tym kwasy t\u0142uszczowe nasycone: 28 g <br \/>W\u0119glowodany: 32,7 g <br \/>w tym cukry: 27,7 g <br \/>Bia\u0142ko: 8,2 g <br \/>S\u00f3l: 0,03 g<\/p>\n<p>INFORMACJA ALERGENNA<br \/>Mo\u017ce zawiera\u0107 ZBO\u017bA ZAWIERAJ\u0104CE GLUTEN (PSZENICA), MLEKO (\u0142\u0105cznie z LAKTOZ\u0104), MIGDA\u0141Y i ORZECHY LASKOWE<\/p>\n<p>ZALECANE WARUNKI PRZECHOWYWANIA<br \/>Przechowywa\u0107 w suchym miejscu w temperaturze pokojowej. Chroni\u0107 przed ciep\u0142em.<\/p>","protected":false},"excerpt":{"rendered":"<p>SK\u0141ADNIKImiazga kakaowa*, cukier trzcinowy nierafinowany*, t\u0142uszcz kakaowy*, wanilia Bourbon*. (*certyfikowany sk\u0142adnik ekologiczny). Masa kakaowa min. 72 %. OPISWy\u015bmienita tabliczka gorzkiej czekolady, idealna dawka energii na ka\u017cd\u0105 por\u0119 dnia, zar\u00f3wno dla dzieci, jak i doros\u0142ych. WARTO\u015a\u0106 OD\u017bYWCZA W 100 gWarto\u015b\u0107 energetyczna: 2484 kJ\/601 kcal T\u0142uszcz: 46,4 g w tym kwasy t\u0142uszczowe nasycone: 28 g W\u0119glowodany: 32,7 [&hellip;]<\/p>","protected":false},"featured_media":6403,"comment_status":"closed","ping_status":"open","template":"","meta":{"_acf_changed":false},"product_brand":[],"product_cat":[1187,139],"product_tag":[],"class_list":{"0":"post-6402","1":"product","2":"type-product","3":"status-publish","4":"has-post-thumbnail","6":"product_cat-czekolady-i-czekoladki","7":"product_cat-slodycze-i-przekaski","8":"pa_ean-matka-5098","9":"pa_gwarancja-przydatnosci-324","10":"pa_ilosc-w-opakowaniu-350","11":"pa_jednostka-podstawowa-szt","12":"pa_kod-cn-1806-32-90","13":"pa_masa-netto-242","14":"pa_objetosc-brutto-1272","15":"pa_producent-meybona-czekolady","16":"pa_producent-nazwa-adres-meybona-schokoladenfabrik-meyerkamp-gmbh-co-kg-alter-postweg-255-d-32584-lohne-germany","17":"pa_tagi-bez-glutenu-w-skladnikach","18":"pa_tagi-certyfikat-bio","19":"pa_tagi-weganski","20":"pa_tagi-wegetarianski","22":"first","23":"instock","24":"taxable","25":"shipping-taxable","26":"purchasable","27":"product-type-simple"},"acf":[],"_links":{"self":[{"href":"https:\/\/wiejskieprzysmaki.estima.site\/en\/wp-json\/wp\/v2\/product\/6402","targetHints":{"allow":["GET"]}}],"collection":[{"href":"https:\/\/wiejskieprzysmaki.estima.site\/en\/wp-json\/wp\/v2\/product"}],"about":[{"href":"https:\/\/wiejskieprzysmaki.estima.site\/en\/wp-json\/wp\/v2\/types\/product"}],"replies":[{"embeddable":true,"href":"https:\/\/wiejskieprzysmaki.estima.site\/en\/wp-json\/wp\/v2\/comments?post=6402"}],"wp:featuredmedia":[{"embeddable":true,"href":"https:\/\/wiejskieprzysmaki.estima.site\/en\/wp-json\/wp\/v2\/media\/6403"}],"wp:attachment":[{"href":"https:\/\/wiejskieprzysmaki.estima.site\/en\/wp-json\/wp\/v2\/media?parent=6402"}],"wp:term":[{"taxonomy":"product_brand","embeddable":true,"href":"https:\/\/wiejskieprzysmaki.estima.site\/en\/wp-json\/wp\/v2\/product_brand?post=6402"},{"taxonomy":"product_cat","embeddable":true,"href":"https:\/\/wiejskieprzysmaki.estima.site\/en\/wp-json\/wp\/v2\/product_cat?post=6402"},{"taxonomy":"product_tag","embeddable":true,"href":"https:\/\/wiejskieprzysmaki.estima.site\/en\/wp-json\/wp\/v2\/product_tag?post=6402"}],"curies":[{"name":"wp","href":"https:\/\/api.w.org\/{rel}","templated":true}]}}