{"id":6430,"date":"2025-02-18T11:15:35","date_gmt":"2025-02-18T10:15:35","guid":{"rendered":"https:\/\/wiejskieprzysmaki.estima.site\/produkt\/krem-kokosowy-do-gotowania-i-pieczenia-bezglutenowy-bio-200-ml-natumi\/"},"modified":"2025-02-18T11:15:45","modified_gmt":"2025-02-18T10:15:45","slug":"krem-kokosowy-do-gotowania-i-pieczenia-bezglutenowy-bio-200-ml-natumi","status":"publish","type":"product","link":"https:\/\/wiejskieprzysmaki.estima.site\/en\/product\/krem-kokosowy-do-gotowania-i-pieczenia-bezglutenowy-bio-200-ml-natumi\/","title":{"rendered":"KREM KOKOSOWY DO GOTOWANIA I PIECZENIA BEZGLUTENOWY BIO 200 ml &#8211; NATUMI"},"content":{"rendered":"<p>SK\u0141ADNIKI<br \/>nap\u00f3j kokosowy* (mi\u0105\u017csz z kokosa*, woda) (56 %), woda, substancje zag\u0119szczaj\u0105ce: guma gellan, m\u0105czka chleba \u015bwi\u0119toja\u0144skiego*, guma guar*, syrop glukozowy*, s\u00f3l morska (*certyfikowany sk\u0142adni ekologiczny)<\/p>\n<p>OPIS<br \/>Produkt UHT. Wstrz\u0105sn\u0105\u0107 przed spo\u017cyciem. Produkt nie nadaje si\u0119 do ubijania. Mo\u017ce by\u0107 stosowany na zimno lub na gor\u0105co.  <\/p>\n<p>WARTO\u015a\u0106 OD\u017bYWCZA W 100  ml<br \/>Warto\u015b\u0107 energetyczna &#8211; 405 kJ\/98 kcal  <br \/>T\u0142uszcz &#8211; 9,1 g  <br \/>w tym kwasy t\u0142uszczowe nasycone &#8211; 8,5 g  <br \/>kwasy t\u0142uszczowe jednonienasycone &#8211; 0 g  <br \/>kwasy t\u0142uszczowe wielonienasycone &#8211; 0 g  <br \/>W\u0119glowodany &#8211; 3,1 g  <br \/>w tym cukry &#8211; 2,5 g  <br \/>B\u0142onnik &#8211; 0,2 g  <br \/>Bia\u0142ko &#8211; 0,8 g  <br \/>S\u00f3l &#8211; 0,10 g  <\/p>\n<p>INFORMACJA ALERGENNA<br \/>Mo\u017ce zawiera\u0107 ORZECHY i SOJ\u0118  <\/p>\n<p>ZALECANE WARUNKI PRZECHOWYWANIA<br \/>Po otwarciu przechowywa\u0107 w lod\u00f3wce i spo\u017cy\u0107 w ci\u0105gu 4 dni.<\/p>","protected":false},"excerpt":{"rendered":"<p>SK\u0141ADNIKInap\u00f3j kokosowy* (mi\u0105\u017csz z kokosa*, woda) (56 %), woda, substancje zag\u0119szczaj\u0105ce: guma gellan, m\u0105czka chleba \u015bwi\u0119toja\u0144skiego*, guma guar*, syrop glukozowy*, s\u00f3l morska (*certyfikowany sk\u0142adni ekologiczny) OPISProdukt UHT. Wstrz\u0105sn\u0105\u0107 przed spo\u017cyciem. Produkt nie nadaje si\u0119 do ubijania. Mo\u017ce by\u0107 stosowany na zimno lub na gor\u0105co. WARTO\u015a\u0106 OD\u017bYWCZA W 100 mlWarto\u015b\u0107 energetyczna &#8211; 405 kJ\/98 kcal T\u0142uszcz [&hellip;]<\/p>","protected":false},"featured_media":6431,"comment_status":"closed","ping_status":"open","template":"","meta":{"_acf_changed":false},"product_brand":[],"product_cat":[134,1008],"product_tag":[],"class_list":{"0":"post-6430","1":"product","2":"type-product","3":"status-publish","4":"has-post-thumbnail","6":"product_cat-napoje","7":"product_cat-roslinne-alternatywy-mleka-i-smietany","8":"pa_ean-matka-5117","9":"pa_gwarancja-przydatnosci-311","10":"pa_ilosc-w-opakowaniu-392","11":"pa_jednostka-podstawowa-szt","12":"pa_kod-cn-2106-90-92","13":"pa_kraj-pochodzenia-skladnikow-turcja","14":"pa_objetosc-brutto-5116","15":"pa_objetosc-netto-436","16":"pa_producent-natumi-napoje-i-kremy-roslinne","17":"pa_producent-nazwa-adres-natumi-gmbh-gierlichstr-17-53840-troisdorf","18":"pa_tagi-bez-glutenu-deklaracja","19":"pa_tagi-bez-glutenu-w-skladnikach","20":"pa_tagi-certyfikat-bio","21":"pa_tagi-weganski","22":"pa_tagi-wegetarianski","24":"first","25":"instock","26":"taxable","27":"shipping-taxable","28":"purchasable","29":"product-type-simple"},"acf":[],"_links":{"self":[{"href":"https:\/\/wiejskieprzysmaki.estima.site\/en\/wp-json\/wp\/v2\/product\/6430","targetHints":{"allow":["GET"]}}],"collection":[{"href":"https:\/\/wiejskieprzysmaki.estima.site\/en\/wp-json\/wp\/v2\/product"}],"about":[{"href":"https:\/\/wiejskieprzysmaki.estima.site\/en\/wp-json\/wp\/v2\/types\/product"}],"replies":[{"embeddable":true,"href":"https:\/\/wiejskieprzysmaki.estima.site\/en\/wp-json\/wp\/v2\/comments?post=6430"}],"wp:featuredmedia":[{"embeddable":true,"href":"https:\/\/wiejskieprzysmaki.estima.site\/en\/wp-json\/wp\/v2\/media\/6431"}],"wp:attachment":[{"href":"https:\/\/wiejskieprzysmaki.estima.site\/en\/wp-json\/wp\/v2\/media?parent=6430"}],"wp:term":[{"taxonomy":"product_brand","embeddable":true,"href":"https:\/\/wiejskieprzysmaki.estima.site\/en\/wp-json\/wp\/v2\/product_brand?post=6430"},{"taxonomy":"product_cat","embeddable":true,"href":"https:\/\/wiejskieprzysmaki.estima.site\/en\/wp-json\/wp\/v2\/product_cat?post=6430"},{"taxonomy":"product_tag","embeddable":true,"href":"https:\/\/wiejskieprzysmaki.estima.site\/en\/wp-json\/wp\/v2\/product_tag?post=6430"}],"curies":[{"name":"wp","href":"https:\/\/api.w.org\/{rel}","templated":true}]}}