{"id":6432,"date":"2025-02-18T11:15:35","date_gmt":"2025-02-18T10:15:35","guid":{"rendered":"https:\/\/wiejskieprzysmaki.estima.site\/produkt\/kasza-jaglana-bezglutenowa-bio-2-kg-bio-planet\/"},"modified":"2025-02-20T15:25:37","modified_gmt":"2025-02-20T14:25:37","slug":"kasza-jaglana-bezglutenowa-bio-2-kg-bio-planet","status":"publish","type":"product","link":"https:\/\/wiejskieprzysmaki.estima.site\/en\/product\/kasza-jaglana-bezglutenowa-bio-2-kg-bio-planet\/","title":{"rendered":"KASZA JAGLANA BEZGLUTENOWA BIO 2 kg &#8211; BIO PLANET"},"content":{"rendered":"<p>SK\u0141ADNIKI<br \/>ekologiczna kasza jaglana 100 %.<\/p>\n<p>OPIS<br \/>Ekologiczna kasza jaglana otrzymana z \u0142uszczonego prosa. Doskona\u0142a na \u015bniadanie z suszonymi owocami. W wersji wytrawnej mo\u017ce by\u0107 podawana z duszonymi warzywami i \u015bwie\u017cymi zio\u0142ami.<\/p>\n<p>SPOS\u00d3B PRZYGOTOWANIA<br \/>uprzednio wyp\u0142ukan\u0105 kasz\u0119 gotowa\u0107 w osolonej wodzie w proporcji 1:3 (1 porcja kaszy na 3 porcje wody) na ma\u0142ym ogniu ok.20 min.<\/p>\n<p>WARTO\u015a\u0106 OD\u017bYWCZA W 100 g<br \/>Warto\u015b\u0107 energetyczna &#8211; 1498 kJ \/ 354 kcal<br \/>T\u0142uszcz &#8211; 3,4 g<br \/>w tym kwasy t\u0142uszczowe nasycone &#8211; 0,4 g<br \/>W\u0119glowodany &#8211; 70 g<br \/>w tym cukry &#8211; 1,6 g<br \/>B\u0142onnik &#8211; 3,0 g<br \/>Bia\u0142ko &#8211; 9,3 g<br \/>S\u00f3l &#8211; 0 g<\/p>\n<p>ZALECANE WARUNKI PRZECHOWYWANIA<br \/>Przechowywa\u0107 w suchym i ch\u0142odnym miejscu.<\/p>","protected":false},"excerpt":{"rendered":"<p>SK\u0141ADNIKIekologiczna kasza jaglana 100 %. OPISEkologiczna kasza jaglana otrzymana z \u0142uszczonego prosa. Doskona\u0142a na \u015bniadanie z suszonymi owocami. W wersji wytrawnej mo\u017ce by\u0107 podawana z duszonymi warzywami i \u015bwie\u017cymi zio\u0142ami. SPOS\u00d3B PRZYGOTOWANIAuprzednio wyp\u0142ukan\u0105 kasz\u0119 gotowa\u0107 w osolonej wodzie w proporcji 1:3 (1 porcja kaszy na 3 porcje wody) na ma\u0142ym ogniu ok.20 min. WARTO\u015a\u0106 OD\u017bYWCZA [&hellip;]<\/p>","protected":false},"featured_media":655,"comment_status":"closed","ping_status":"open","template":"","meta":{"_acf_changed":false},"product_brand":[],"product_cat":[313],"product_tag":[],"class_list":{"0":"post-6432","1":"product","2":"type-product","3":"status-publish","4":"has-post-thumbnail","6":"product_cat-ryze-i-kasze","7":"pa_ean-matka-567","8":"pa_ean-matka-642","9":"pa_gwarancja-przydatnosci-522","10":"pa_ilosc-w-opakowaniu-543","11":"pa_jednostka-podstawowa-szt","12":"pa_kod-cn-1103-19-90","13":"pa_kraj-pochodzenia-skladnikow-ukraina","14":"pa_masa-netto-544","15":"pa_objetosc-brutto-548","16":"pa_producent-bio-planet-seria-niebieska-ryze-kasze-ziarna","17":"pa_producent-nazwa-adres-bio-planet-s-a-wilkowa-wies-7-05-084-leszno","18":"pa_tagi-bez-cukru-w-skladnikach","19":"pa_tagi-bez-glutenu-deklaracja","20":"pa_tagi-bez-glutenu-w-skladnikach","21":"pa_tagi-certyfikat-bio","22":"pa_tagi-weganski","23":"pa_tagi-wegetarianski","25":"first","26":"instock","27":"taxable","28":"shipping-taxable","29":"purchasable","30":"product-type-simple"},"acf":[],"_links":{"self":[{"href":"https:\/\/wiejskieprzysmaki.estima.site\/en\/wp-json\/wp\/v2\/product\/6432","targetHints":{"allow":["GET"]}}],"collection":[{"href":"https:\/\/wiejskieprzysmaki.estima.site\/en\/wp-json\/wp\/v2\/product"}],"about":[{"href":"https:\/\/wiejskieprzysmaki.estima.site\/en\/wp-json\/wp\/v2\/types\/product"}],"replies":[{"embeddable":true,"href":"https:\/\/wiejskieprzysmaki.estima.site\/en\/wp-json\/wp\/v2\/comments?post=6432"}],"wp:featuredmedia":[{"embeddable":true,"href":"https:\/\/wiejskieprzysmaki.estima.site\/en\/wp-json\/wp\/v2\/media\/655"}],"wp:attachment":[{"href":"https:\/\/wiejskieprzysmaki.estima.site\/en\/wp-json\/wp\/v2\/media?parent=6432"}],"wp:term":[{"taxonomy":"product_brand","embeddable":true,"href":"https:\/\/wiejskieprzysmaki.estima.site\/en\/wp-json\/wp\/v2\/product_brand?post=6432"},{"taxonomy":"product_cat","embeddable":true,"href":"https:\/\/wiejskieprzysmaki.estima.site\/en\/wp-json\/wp\/v2\/product_cat?post=6432"},{"taxonomy":"product_tag","embeddable":true,"href":"https:\/\/wiejskieprzysmaki.estima.site\/en\/wp-json\/wp\/v2\/product_tag?post=6432"}],"curies":[{"name":"wp","href":"https:\/\/api.w.org\/{rel}","templated":true}]}}