{"id":6438,"date":"2025-02-18T11:15:35","date_gmt":"2025-02-18T10:15:35","guid":{"rendered":"https:\/\/wiejskieprzysmaki.estima.site\/produkt\/jagody-inkaskie-suszone-bio-400-g-bio-planet\/"},"modified":"2025-02-18T11:15:50","modified_gmt":"2025-02-18T10:15:50","slug":"jagody-inkaskie-suszone-bio-400-g-bio-planet","status":"publish","type":"product","link":"https:\/\/wiejskieprzysmaki.estima.site\/en\/product\/jagody-inkaskie-suszone-bio-400-g-bio-planet\/","title":{"rendered":"JAGODY INKASKIE SUSZONE BIO 400 g &#8211; BIO PLANET"},"content":{"rendered":"<p>SK\u0141ADNIKI<br \/>ekologiczne jagody inkaskie suszone 100 %.<\/p>\n<p>OPIS<br \/>Ekologiczne jagody inkaskie to egzotyczne owoce, zwane r\u00f3wnie\u017c z\u0142otymi jagodami. Charakteryzuj\u0105 si\u0119 wyra\u017anym, unikalnym, s\u0142odko-cierpkim smakiem. Polecamy jako pyszn\u0105 i od\u017cywcz\u0105 samodzieln\u0105 przek\u0105sk\u0119, jak r\u00f3wnie\u017c jako dodatek do kotajli owocowych, musli, deser\u00f3w, czy bakaliowych mieszanek.<\/p>\n<p>WARTO\u015a\u0106 OD\u017bYWCZA W 100 g<br \/>Warto\u015b\u0107 energetyczna &#8211;  1379 kJ \/ 329 kcal<br \/>T\u0142uszcz &#8211; 6,6 g<br \/>w tym kwasy t\u0142uszczowe nasycone &#8211; 0,7 g<br \/>W\u0119glowodany &#8211; 50 g<br \/>w tym cukry &#8211; 40 g<br \/>B\u0142onnik &#8211; 21 g<br \/>Bia\u0142ko &#8211; 7,0 g<br \/>S\u00f3l &#8211; 0 g<\/p>\n<p>ZALECANE WARUNKI PRZECHOWYWANIA<br \/>Przechowywa\u0107 w suchym i ch\u0142odnym miejscu.<\/p>","protected":false},"excerpt":{"rendered":"<p>SK\u0141ADNIKIekologiczne jagody inkaskie suszone 100 %. OPISEkologiczne jagody inkaskie to egzotyczne owoce, zwane r\u00f3wnie\u017c z\u0142otymi jagodami. Charakteryzuj\u0105 si\u0119 wyra\u017anym, unikalnym, s\u0142odko-cierpkim smakiem. Polecamy jako pyszn\u0105 i od\u017cywcz\u0105 samodzieln\u0105 przek\u0105sk\u0119, jak r\u00f3wnie\u017c jako dodatek do kotajli owocowych, musli, deser\u00f3w, czy bakaliowych mieszanek. WARTO\u015a\u0106 OD\u017bYWCZA W 100 gWarto\u015b\u0107 energetyczna &#8211; 1379 kJ \/ 329 kcalT\u0142uszcz &#8211; 6,6 [&hellip;]<\/p>","protected":false},"featured_media":6439,"comment_status":"closed","ping_status":"open","template":"","meta":{"_acf_changed":false},"product_brand":[],"product_cat":[830],"product_tag":[],"class_list":{"0":"post-6438","1":"product","2":"type-product","3":"status-publish","4":"has-post-thumbnail","6":"product_cat-orzechy-i-owoce-suszone","7":"pa_ean-matka-5119","8":"pa_ean-matka-2496","9":"pa_gwarancja-przydatnosci-311","10":"pa_ilosc-w-opakowaniu-298","11":"pa_jednostka-podstawowa-szt","12":"pa_kod-cn-0813-40-95","13":"pa_kraj-pochodzenia-skladnikow-peru","14":"pa_masa-netto-268","15":"pa_objetosc-brutto-204","16":"pa_producent-bio-planet-seria-fioletowa-owoce-suszone","17":"pa_producent-nazwa-adres-bio-planet-s-a-wilkowa-wies-7-05-084-leszno","18":"pa_tagi-bez-cukru-w-skladnikach","19":"pa_tagi-bez-glutenu-w-skladnikach","20":"pa_tagi-certyfikat-bio","21":"pa_tagi-weganski","22":"pa_tagi-wegetarianski","24":"first","25":"instock","26":"taxable","27":"shipping-taxable","28":"purchasable","29":"product-type-simple"},"acf":[],"_links":{"self":[{"href":"https:\/\/wiejskieprzysmaki.estima.site\/en\/wp-json\/wp\/v2\/product\/6438","targetHints":{"allow":["GET"]}}],"collection":[{"href":"https:\/\/wiejskieprzysmaki.estima.site\/en\/wp-json\/wp\/v2\/product"}],"about":[{"href":"https:\/\/wiejskieprzysmaki.estima.site\/en\/wp-json\/wp\/v2\/types\/product"}],"replies":[{"embeddable":true,"href":"https:\/\/wiejskieprzysmaki.estima.site\/en\/wp-json\/wp\/v2\/comments?post=6438"}],"wp:featuredmedia":[{"embeddable":true,"href":"https:\/\/wiejskieprzysmaki.estima.site\/en\/wp-json\/wp\/v2\/media\/6439"}],"wp:attachment":[{"href":"https:\/\/wiejskieprzysmaki.estima.site\/en\/wp-json\/wp\/v2\/media?parent=6438"}],"wp:term":[{"taxonomy":"product_brand","embeddable":true,"href":"https:\/\/wiejskieprzysmaki.estima.site\/en\/wp-json\/wp\/v2\/product_brand?post=6438"},{"taxonomy":"product_cat","embeddable":true,"href":"https:\/\/wiejskieprzysmaki.estima.site\/en\/wp-json\/wp\/v2\/product_cat?post=6438"},{"taxonomy":"product_tag","embeddable":true,"href":"https:\/\/wiejskieprzysmaki.estima.site\/en\/wp-json\/wp\/v2\/product_tag?post=6438"}],"curies":[{"name":"wp","href":"https:\/\/api.w.org\/{rel}","templated":true}]}}