{"id":6450,"date":"2025-02-18T11:15:51","date_gmt":"2025-02-18T10:15:51","guid":{"rendered":"https:\/\/wiejskieprzysmaki.estima.site\/produkt\/platki-rozy-suszone-bio-10-g-polska-roza\/"},"modified":"2025-02-18T11:15:56","modified_gmt":"2025-02-18T10:15:56","slug":"platki-rozy-suszone-bio-10-g-polska-roza","status":"publish","type":"product","link":"https:\/\/wiejskieprzysmaki.estima.site\/en\/product\/platki-rozy-suszone-bio-10-g-polska-roza\/","title":{"rendered":"P\u0141ATKI R\u00d3\u017bY SUSZONE BIO 10 g &#8211; POLSKA R\u00d3\u017bA"},"content":{"rendered":"<p>SK\u0141ADNIKI<br \/>100 % ekologiczne suszone p\u0142atki r\u00f3\u017cy (Rosa rugosa)<\/p>\n<p>OPIS<br \/>P\u0142atki do dekoracji ciast i wypiek\u00f3w, do parzenia wraz z herbat\u0105.  <\/p>\n<p>UWAGA<br \/>Smak i kolor jest zale\u017cny od u\u017cytej partii p\u0142atk\u00f3w.  <\/p>\n<p>ZALECANE WARUNKI PRZECHOWYWANIA<br \/>Przechowywa\u0107 w suchym i ch\u0142odnym miejscu.  <\/p>","protected":false},"excerpt":{"rendered":"<p>SK\u0141ADNIKI100 % ekologiczne suszone p\u0142atki r\u00f3\u017cy (Rosa rugosa) OPISP\u0142atki do dekoracji ciast i wypiek\u00f3w, do parzenia wraz z herbat\u0105. UWAGASmak i kolor jest zale\u017cny od u\u017cytej partii p\u0142atk\u00f3w. ZALECANE WARUNKI PRZECHOWYWANIAPrzechowywa\u0107 w suchym i ch\u0142odnym miejscu.<\/p>","protected":false},"featured_media":6451,"comment_status":"closed","ping_status":"open","template":"","meta":{"_acf_changed":false},"product_brand":[],"product_cat":[282,283],"product_tag":[],"class_list":{"0":"post-6450","1":"product","2":"type-product","3":"status-publish","4":"has-post-thumbnail","6":"product_cat-herbaty-i-ziola","7":"product_cat-ziolowe-owocowe-jednorodne","8":"pa_ean-matka-5128","9":"pa_gwarancja-przydatnosci-320","10":"pa_ilosc-w-opakowaniu-340","11":"pa_jednostka-podstawowa-szt","12":"pa_kod-cn-2106-90-92","13":"pa_kraj-pochodzenia-skladnikow-polska","14":"pa_masa-netto-1036","15":"pa_objetosc-brutto-5127","16":"pa_producent-polska-roza-soki-owocowe-syropy-shoty","17":"pa_producent-nazwa-adres-polska-roza-ernest-michalski-sp-z-o-o-rozy-5-05-090-falenty-nowe","18":"pa_tagi-bez-cukru-w-skladnikach","19":"pa_tagi-bez-glutenu-w-skladnikach","20":"pa_tagi-certyfikat-bio","21":"pa_tagi-weganski","22":"pa_tagi-wegetarianski","24":"first","25":"instock","26":"taxable","27":"shipping-taxable","28":"purchasable","29":"product-type-simple"},"acf":[],"_links":{"self":[{"href":"https:\/\/wiejskieprzysmaki.estima.site\/en\/wp-json\/wp\/v2\/product\/6450","targetHints":{"allow":["GET"]}}],"collection":[{"href":"https:\/\/wiejskieprzysmaki.estima.site\/en\/wp-json\/wp\/v2\/product"}],"about":[{"href":"https:\/\/wiejskieprzysmaki.estima.site\/en\/wp-json\/wp\/v2\/types\/product"}],"replies":[{"embeddable":true,"href":"https:\/\/wiejskieprzysmaki.estima.site\/en\/wp-json\/wp\/v2\/comments?post=6450"}],"wp:featuredmedia":[{"embeddable":true,"href":"https:\/\/wiejskieprzysmaki.estima.site\/en\/wp-json\/wp\/v2\/media\/6451"}],"wp:attachment":[{"href":"https:\/\/wiejskieprzysmaki.estima.site\/en\/wp-json\/wp\/v2\/media?parent=6450"}],"wp:term":[{"taxonomy":"product_brand","embeddable":true,"href":"https:\/\/wiejskieprzysmaki.estima.site\/en\/wp-json\/wp\/v2\/product_brand?post=6450"},{"taxonomy":"product_cat","embeddable":true,"href":"https:\/\/wiejskieprzysmaki.estima.site\/en\/wp-json\/wp\/v2\/product_cat?post=6450"},{"taxonomy":"product_tag","embeddable":true,"href":"https:\/\/wiejskieprzysmaki.estima.site\/en\/wp-json\/wp\/v2\/product_tag?post=6450"}],"curies":[{"name":"wp","href":"https:\/\/api.w.org\/{rel}","templated":true}]}}