{"id":6458,"date":"2025-02-18T11:15:51","date_gmt":"2025-02-18T10:15:51","guid":{"rendered":"https:\/\/wiejskieprzysmaki.estima.site\/produkt\/masa-makowa-z-bakaliami-bio-850-g-croc-crac-bioveri\/"},"modified":"2025-02-18T11:16:04","modified_gmt":"2025-02-18T10:16:04","slug":"masa-makowa-z-bakaliami-bio-850-g-croc-crac-bioveri","status":"publish","type":"product","link":"https:\/\/wiejskieprzysmaki.estima.site\/en\/product\/masa-makowa-z-bakaliami-bio-850-g-croc-crac-bioveri\/","title":{"rendered":"MASA MAKOWA Z BAKALIAMI BIO 850 g  &#8211; CROC-CRAC (BIOVERI)"},"content":{"rendered":"<p>SK\u0141ADNIKI <br \/>woda, mak* 23 %, cukier*, bakalie* 12 % [rodzynki* 42 %, sk\u00f3rka z pomara\u0144czy* 32 % (sk\u00f3rka z pomara\u0144czy* 80 %, syrop kukurydziany*, s\u00f3l), sk\u00f3rka z cytryny* 26 % (sk\u00f3rka z cytryny* 80 %, syrop glukozowy*)], mi\u00f3d*, p\u0142atki OWSIANE*, naturalny aromat MIGDA\u0141OWY. (* certyfikowany sk\u0142adnik ekologiczny)<\/p>\n<p>WARTO\u015a\u0106 OD\u017bYWCZA W 100 g <br \/>Warto\u015b\u0107 energetyczna: 962 kJ\/230 kcal  <br \/>T\u0142uszcz: 9,3 g  <br \/>w tym kwasy nasycone: 1,3 g  <br \/>W\u0119glowodany: 28 g  <br \/>w tym cukry:  27 g  <br \/>B\u0142onnik: 5,6 g  <br \/>Bia\u0142ko: 5,5 g  <br \/>S\u00f3l: 0,03 g<\/p>\n<p>INFORMACJA ALERGENNA<br \/>Produkt mo\u017ce zawiera\u0107 SOJ\u0118, MLEKO, JAJA i SELER.  <\/p>\n<p>ZALECANE WARUNKI PRZECHOWYWANIA <br \/>Przechowywa\u0107 w suchym i ch\u0142odnym miejscu. Po otwarciu przechowywa\u0107 w lod\u00f3wce i zu\u017cy\u0107 w ci\u0105gu 48 godzin.<\/p>","protected":false},"excerpt":{"rendered":"<p>SK\u0141ADNIKI woda, mak* 23 %, cukier*, bakalie* 12 % [rodzynki* 42 %, sk\u00f3rka z pomara\u0144czy* 32 % (sk\u00f3rka z pomara\u0144czy* 80 %, syrop kukurydziany*, s\u00f3l), sk\u00f3rka z cytryny* 26 % (sk\u00f3rka z cytryny* 80 %, syrop glukozowy*)], mi\u00f3d*, p\u0142atki OWSIANE*, naturalny aromat MIGDA\u0141OWY. (* certyfikowany sk\u0142adnik ekologiczny) WARTO\u015a\u0106 OD\u017bYWCZA W 100 g Warto\u015b\u0107 energetyczna: 962 [&hellip;]<\/p>","protected":false},"featured_media":6459,"comment_status":"closed","ping_status":"open","template":"","meta":{"_acf_changed":false},"product_brand":[],"product_cat":[36],"product_tag":[],"class_list":{"0":"post-6458","1":"product","2":"type-product","3":"status-publish","4":"has-post-thumbnail","6":"product_cat-dodatki-do-wypiekow-i-deserow","7":"pa_ean-matka-5137","8":"pa_gwarancja-przydatnosci-324","9":"pa_ilosc-w-opakowaniu-340","10":"pa_jednostka-podstawowa-szt","11":"pa_kod-cn-2008-19-99","12":"pa_masa-netto-3664","13":"pa_objetosc-brutto-513","14":"pa_producent-bioveri-sezamki-masa-makowa","15":"pa_producent-nazwa-adres-bioveri-spolka-z-ograniczona-odpowiedzialnoscia-sp-komandytowa-koscielna-10-95-100-dabrowka-wielka","16":"pa_tagi-certyfikat-bio","17":"pa_tagi-wegetarianski","19":"first","20":"instock","21":"taxable","22":"shipping-taxable","23":"purchasable","24":"product-type-simple"},"acf":[],"_links":{"self":[{"href":"https:\/\/wiejskieprzysmaki.estima.site\/en\/wp-json\/wp\/v2\/product\/6458","targetHints":{"allow":["GET"]}}],"collection":[{"href":"https:\/\/wiejskieprzysmaki.estima.site\/en\/wp-json\/wp\/v2\/product"}],"about":[{"href":"https:\/\/wiejskieprzysmaki.estima.site\/en\/wp-json\/wp\/v2\/types\/product"}],"replies":[{"embeddable":true,"href":"https:\/\/wiejskieprzysmaki.estima.site\/en\/wp-json\/wp\/v2\/comments?post=6458"}],"wp:featuredmedia":[{"embeddable":true,"href":"https:\/\/wiejskieprzysmaki.estima.site\/en\/wp-json\/wp\/v2\/media\/6459"}],"wp:attachment":[{"href":"https:\/\/wiejskieprzysmaki.estima.site\/en\/wp-json\/wp\/v2\/media?parent=6458"}],"wp:term":[{"taxonomy":"product_brand","embeddable":true,"href":"https:\/\/wiejskieprzysmaki.estima.site\/en\/wp-json\/wp\/v2\/product_brand?post=6458"},{"taxonomy":"product_cat","embeddable":true,"href":"https:\/\/wiejskieprzysmaki.estima.site\/en\/wp-json\/wp\/v2\/product_cat?post=6458"},{"taxonomy":"product_tag","embeddable":true,"href":"https:\/\/wiejskieprzysmaki.estima.site\/en\/wp-json\/wp\/v2\/product_tag?post=6458"}],"curies":[{"name":"wp","href":"https:\/\/api.w.org\/{rel}","templated":true}]}}