{"id":6481,"date":"2025-02-18T11:16:31","date_gmt":"2025-02-18T10:16:31","guid":{"rendered":"https:\/\/wiejskieprzysmaki.estima.site\/produkt\/ocet-jablkowy-5-niefiltrowany-bio-5-l-horeca-bio-planet\/"},"modified":"2025-02-18T11:16:31","modified_gmt":"2025-02-18T10:16:31","slug":"ocet-jablkowy-5-niefiltrowany-bio-5-l-horeca-bio-planet","status":"publish","type":"product","link":"https:\/\/wiejskieprzysmaki.estima.site\/en\/product\/ocet-jablkowy-5-niefiltrowany-bio-5-l-horeca-bio-planet\/","title":{"rendered":"OCET JAB\u0141KOWY 5 % NIEFILTROWANY BIO 5 L &#8211; HORECA (BIO PLANET)"},"content":{"rendered":"<p>SK\u0141ADNIKI<br \/>ekologiczny ocet jab\u0142kowy 100 %.<\/p>\n<p>OPIS<br \/>Polecamy do dressing\u00f3w, marynat, sos\u00f3w. Naturalnie m\u0119tny. Przed spo\u017cyciem wstrz\u0105sn\u0105\u0107. Zawiera siarczyny.<br \/>Produkt niepasteryzowany<\/p>\n<p>ZALECANE WARUNKI PRZECHOWYWANIA<br \/>Przechowywa\u0107 w suchym i ch\u0142odnym miejscu. Chroni\u0107 przed bezpo\u015brednim dzia\u0142aniem promieni s\u0142onecznych. Po otwarciu przechowywa\u0107 w lod\u00f3wce i spo\u017cy\u0107 w ci\u0105gu 30 dni.<\/p>","protected":false},"excerpt":{"rendered":"<p>SK\u0141ADNIKIekologiczny ocet jab\u0142kowy 100 %. OPISPolecamy do dressing\u00f3w, marynat, sos\u00f3w. Naturalnie m\u0119tny. Przed spo\u017cyciem wstrz\u0105sn\u0105\u0107. Zawiera siarczyny.Produkt niepasteryzowany ZALECANE WARUNKI PRZECHOWYWANIAPrzechowywa\u0107 w suchym i ch\u0142odnym miejscu. Chroni\u0107 przed bezpo\u015brednim dzia\u0142aniem promieni s\u0142onecznych. Po otwarciu przechowywa\u0107 w lod\u00f3wce i spo\u017cy\u0107 w ci\u0105gu 30 dni.<\/p>","protected":false},"featured_media":6482,"comment_status":"closed","ping_status":"open","template":"","meta":{"_acf_changed":false},"product_brand":[],"product_cat":[363,362],"product_tag":[],"class_list":{"0":"post-6481","1":"product","2":"type-product","3":"status-publish","4":"has-post-thumbnail","6":"product_cat-jablkowe","7":"product_cat-octy","8":"pa_ean-matka-5153","9":"pa_gwarancja-przydatnosci-522","10":"pa_ilosc-w-opakowaniu-543","11":"pa_jednostka-podstawowa-szt","12":"pa_kod-cn-2209-00-99","13":"pa_kraj-pochodzenia-skladnikow-rolnictwo-ue","14":"pa_objetosc-brutto-5152","15":"pa_objetosc-netto-1224","16":"pa_producent-horeca-bio-pozostale","17":"pa_producent-nazwa-adres-bio-planet-s-a-wilkowa-wies-7-05-084-leszno","18":"pa_tagi-bez-cukru-w-skladnikach","19":"pa_tagi-bez-glutenu-w-skladnikach","20":"pa_tagi-certyfikat-bio","21":"pa_tagi-weganski","22":"pa_tagi-wegetarianski","24":"first","25":"instock","26":"taxable","27":"shipping-taxable","28":"purchasable","29":"product-type-simple"},"acf":[],"_links":{"self":[{"href":"https:\/\/wiejskieprzysmaki.estima.site\/en\/wp-json\/wp\/v2\/product\/6481","targetHints":{"allow":["GET"]}}],"collection":[{"href":"https:\/\/wiejskieprzysmaki.estima.site\/en\/wp-json\/wp\/v2\/product"}],"about":[{"href":"https:\/\/wiejskieprzysmaki.estima.site\/en\/wp-json\/wp\/v2\/types\/product"}],"replies":[{"embeddable":true,"href":"https:\/\/wiejskieprzysmaki.estima.site\/en\/wp-json\/wp\/v2\/comments?post=6481"}],"wp:featuredmedia":[{"embeddable":true,"href":"https:\/\/wiejskieprzysmaki.estima.site\/en\/wp-json\/wp\/v2\/media\/6482"}],"wp:attachment":[{"href":"https:\/\/wiejskieprzysmaki.estima.site\/en\/wp-json\/wp\/v2\/media?parent=6481"}],"wp:term":[{"taxonomy":"product_brand","embeddable":true,"href":"https:\/\/wiejskieprzysmaki.estima.site\/en\/wp-json\/wp\/v2\/product_brand?post=6481"},{"taxonomy":"product_cat","embeddable":true,"href":"https:\/\/wiejskieprzysmaki.estima.site\/en\/wp-json\/wp\/v2\/product_cat?post=6481"},{"taxonomy":"product_tag","embeddable":true,"href":"https:\/\/wiejskieprzysmaki.estima.site\/en\/wp-json\/wp\/v2\/product_tag?post=6481"}],"curies":[{"name":"wp","href":"https:\/\/api.w.org\/{rel}","templated":true}]}}