{"id":6491,"date":"2025-02-18T11:16:31","date_gmt":"2025-02-18T10:16:31","guid":{"rendered":"https:\/\/wiejskieprzysmaki.estima.site\/produkt\/kisiel-instant-dzika-roza-bezglutenowy-bio-30-g-dary-natury\/"},"modified":"2025-02-18T11:16:35","modified_gmt":"2025-02-18T10:16:35","slug":"kisiel-instant-dzika-roza-bezglutenowy-bio-30-g-dary-natury","status":"publish","type":"product","link":"https:\/\/wiejskieprzysmaki.estima.site\/en\/product\/kisiel-instant-dzika-roza-bezglutenowy-bio-30-g-dary-natury\/","title":{"rendered":"KISIEL INSTANT DZIKA R\u00d3\u017bA BEZGLUTENOWY BIO 30 g &#8211; DARY NATURY"},"content":{"rendered":"<p>SK\u0141ADNIKI <br \/>skrobia ziemniaczana*, cukier trzcinowy*, sok z owoc\u00f3w dzikiej r\u00f3\u017cy* 2 %, ekstrakt z owoc\u00f3w dzikiej r\u00f3\u017cy* 2 %, sok z cytryny*, maltodekstryna*, ekstrakt z hibiskusa*, p\u0142atki dzikiej r\u00f3\u017cy* 0,2 % (*certyfikowany sk\u0142adnik ekologiczny)<\/p>\n<p>OPIS<br \/>Ekologiczny kisiel dzika r\u00f3\u017ca, z dodatkiem naturalnych sok\u00f3w i w 100 % z naturalnych sk\u0142adnik\u00f3w. Pyszna przek\u0105ska do szybkiego i \u0142atwego przygotowania w kubku.<\/p>\n<p>SPOS\u00d3B PRZYGOTOWANIA <br \/>Zawarto\u015b\u0107 opakowania wsypa\u0107 do kubka. Zala\u0107 niewielk\u0105 ilo\u015bci\u0105 zimnej, przegotowanej wody (ok. 20 ml) i dok\u0142adnie wymiesza\u0107. Pozosta\u0142\u0105 cz\u0119\u015b\u0107 kubka wype\u0142ni\u0107 gor\u0105c\u0105 wod\u0105 (ok. 180 ml), energicznie mieszaj\u0105c.<\/p>\n<p>WARTO\u015a\u0106 OD\u017bYWCZA W 100 g po przyrz\u0105dzeniu <br \/>Warto\u015b\u0107 energetyczna: 190 kJ \/ 45 kcal  <br \/>T\u0142uszcz: 0 g  <br \/>w tym kwasy t\u0142uszczowe nasycone: 0 g  <br \/>W\u0119glowodany: 11 g  <br \/>w tym cukry: 6,0 g  <br \/>Bia\u0142ko: 0 g  <br \/>S\u00f3l: 0 g  <\/p>\n<p>ZALECANE WARUNKI PRZECHOWYWANIA <br \/>Przechowywa\u0107 w suchym i ch\u0142odnym miejscu.<\/p>","protected":false},"excerpt":{"rendered":"<p>SK\u0141ADNIKI skrobia ziemniaczana*, cukier trzcinowy*, sok z owoc\u00f3w dzikiej r\u00f3\u017cy* 2 %, ekstrakt z owoc\u00f3w dzikiej r\u00f3\u017cy* 2 %, sok z cytryny*, maltodekstryna*, ekstrakt z hibiskusa*, p\u0142atki dzikiej r\u00f3\u017cy* 0,2 % (*certyfikowany sk\u0142adnik ekologiczny) OPISEkologiczny kisiel dzika r\u00f3\u017ca, z dodatkiem naturalnych sok\u00f3w i w 100 % z naturalnych sk\u0142adnik\u00f3w. Pyszna przek\u0105ska do szybkiego i \u0142atwego [&hellip;]<\/p>","protected":false},"featured_media":6492,"comment_status":"closed","ping_status":"open","template":"","meta":{"_acf_changed":false},"product_brand":[],"product_cat":[396],"product_tag":[],"class_list":{"0":"post-6491","1":"product","2":"type-product","3":"status-publish","4":"has-post-thumbnail","6":"product_cat-budynie-galaretki-kisiele","7":"pa_ean-matka-5159","8":"pa_gwarancja-przydatnosci-311","9":"pa_ilosc-w-opakowaniu-392","10":"pa_jednostka-podstawowa-szt","11":"pa_kod-cn-1901-90-99","12":"pa_masa-netto-232","13":"pa_objetosc-brutto-5158","14":"pa_producent-dary-natury-inne","15":"pa_producent-nazwa-adres-miroslaw-angielczyk-dary-natury-koryciny-73-17-315-grodzisk","16":"pa_tagi-bez-glutenu-deklaracja","17":"pa_tagi-bez-glutenu-w-skladnikach","18":"pa_tagi-certyfikat-bio","19":"pa_tagi-weganski","20":"pa_tagi-wegetarianski","22":"first","23":"instock","24":"taxable","25":"shipping-taxable","26":"purchasable","27":"product-type-simple"},"acf":[],"_links":{"self":[{"href":"https:\/\/wiejskieprzysmaki.estima.site\/en\/wp-json\/wp\/v2\/product\/6491","targetHints":{"allow":["GET"]}}],"collection":[{"href":"https:\/\/wiejskieprzysmaki.estima.site\/en\/wp-json\/wp\/v2\/product"}],"about":[{"href":"https:\/\/wiejskieprzysmaki.estima.site\/en\/wp-json\/wp\/v2\/types\/product"}],"replies":[{"embeddable":true,"href":"https:\/\/wiejskieprzysmaki.estima.site\/en\/wp-json\/wp\/v2\/comments?post=6491"}],"wp:featuredmedia":[{"embeddable":true,"href":"https:\/\/wiejskieprzysmaki.estima.site\/en\/wp-json\/wp\/v2\/media\/6492"}],"wp:attachment":[{"href":"https:\/\/wiejskieprzysmaki.estima.site\/en\/wp-json\/wp\/v2\/media?parent=6491"}],"wp:term":[{"taxonomy":"product_brand","embeddable":true,"href":"https:\/\/wiejskieprzysmaki.estima.site\/en\/wp-json\/wp\/v2\/product_brand?post=6491"},{"taxonomy":"product_cat","embeddable":true,"href":"https:\/\/wiejskieprzysmaki.estima.site\/en\/wp-json\/wp\/v2\/product_cat?post=6491"},{"taxonomy":"product_tag","embeddable":true,"href":"https:\/\/wiejskieprzysmaki.estima.site\/en\/wp-json\/wp\/v2\/product_tag?post=6491"}],"curies":[{"name":"wp","href":"https:\/\/api.w.org\/{rel}","templated":true}]}}