{"id":6519,"date":"2025-02-18T11:16:31","date_gmt":"2025-02-18T10:16:31","guid":{"rendered":"https:\/\/wiejskieprzysmaki.estima.site\/produkt\/burak-sproszkowany-bio-200-g-bio-planet\/"},"modified":"2025-02-20T15:13:36","modified_gmt":"2025-02-20T14:13:36","slug":"burak-sproszkowany-bio-200-g-bio-planet","status":"publish","type":"product","link":"https:\/\/wiejskieprzysmaki.estima.site\/en\/product\/burak-sproszkowany-bio-200-g-bio-planet\/","title":{"rendered":"BURAK SPROSZKOWANY BIO 200 g &#8211; BIO PLANET"},"content":{"rendered":"<p>SK\u0141ADNIKI  <br \/>ekologiczny burak sproszkowany 100 %.<\/p>\n<p>OPIS  <br \/>Ekologiczny burak w postaci sproszkowanej stanowi po\u017cywny sk\u0142adnik napoj\u00f3w i koktajli. <\/p>\n<p>ZALECANE SPO\u017bYCIE<br \/>30 g dziennie tj. 3 miarki do\u0142\u0105czone do produktu. Polecamy jako dodatek do kefir\u00f3w, jogurt\u00f3w, sok\u00f3w. Zawarto\u015b\u0107 witamin i sk\u0142adnik\u00f3w mineralnych w zalecanej do spo\u017cycia dziennej porcji produktu: witamina C: 25 mg (31 %*), \u017celazo: 2,1 mg (15 %*). Witamina C zwi\u0119ksza przyswajanie \u017celaza. \u017belazo i witamina C pomaga w prawid\u0142owym funkcjonowaniu uk\u0142adu odporno\u015bciowego. Nie nale\u017cy przekracza\u0107 zalecanej porcji do spo\u017cycia w ci\u0105gu dnia. <\/p>\n<p>Suplement diety nie mo\u017ce by\u0107 stosowany jako substytut zr\u00f3\u017cnicowanej diety.\t<\/p>\n<p>WARTO\u015a\u0106 OD\u017bYWCZA W 100 g  <br \/>Warto\u015b\u0107 energetyczna \t1573 kJ\/371 kcal<br \/>T\u0142uszcz \t1,1 g<br \/>w tym kwasy t\u0142uszczowe nasycone \t0,2 g<br \/>W\u0119glowodany \t76 g<br \/>w tym cukry \t46 g<br \/>B\u0142onnik \t6,1 g<br \/>Bia\u0142ko \t11 g<br \/>S\u00f3l \t1,37 g<br \/>Witaminy i sk\u0142adniki mineralne\t<br \/>Witamina C\t83,70 mg (105 %*)<br \/>\u017belazo\t6,93 mg (50 %*)<br \/>*dzienna referencyjna warto\u015b\u0107 spo\u017cycia witamin i sk\u0142adnik\u00f3w mineralnych (dla osoby doros\u0142ej).\t<\/p>\n<p>ZALECANE WARUNKI PRZECHOWYWANIA  <br \/>Przechowywa\u0107 w suchym i ch\u0142odnym miejscu.<\/p>","protected":false},"excerpt":{"rendered":"<p>SK\u0141ADNIKI ekologiczny burak sproszkowany 100 %. OPIS Ekologiczny burak w postaci sproszkowanej stanowi po\u017cywny sk\u0142adnik napoj\u00f3w i koktajli. ZALECANE SPO\u017bYCIE30 g dziennie tj. 3 miarki do\u0142\u0105czone do produktu. Polecamy jako dodatek do kefir\u00f3w, jogurt\u00f3w, sok\u00f3w. Zawarto\u015b\u0107 witamin i sk\u0142adnik\u00f3w mineralnych w zalecanej do spo\u017cycia dziennej porcji produktu: witamina C: 25 mg (31 %*), \u017celazo: 2,1 [&hellip;]<\/p>","protected":false},"featured_media":6520,"comment_status":"closed","ping_status":"open","template":"","meta":{"_acf_changed":false},"product_brand":[],"product_cat":[290,9057],"product_tag":[],"class_list":{"0":"post-6519","1":"product","2":"type-product","3":"status-publish","4":"has-post-thumbnail","6":"product_cat-produkty-sproszkowane","7":"product_cat-suplementy-diety","8":"pa_ean-matka-5177","9":"pa_gwarancja-przydatnosci-324","10":"pa_ilosc-w-opakowaniu-298","11":"pa_jednostka-podstawowa-szt","12":"pa_kod-cn-0712-90-90","13":"pa_kraj-pochodzenia-skladnikow-niemcy","14":"pa_masa-netto-354","15":"pa_objetosc-brutto-778","16":"pa_producent-bio-planet-seria-superfoods","17":"pa_producent-nazwa-adres-bio-planet-s-a-wilkowa-wies-7-05-084-leszno","18":"pa_tagi-bez-cukru-w-skladnikach","19":"pa_tagi-bez-glutenu-w-skladnikach","20":"pa_tagi-certyfikat-bio","21":"pa_tagi-weganski","22":"pa_tagi-wegetarianski","24":"first","25":"instock","26":"taxable","27":"shipping-taxable","28":"purchasable","29":"product-type-simple"},"acf":[],"_links":{"self":[{"href":"https:\/\/wiejskieprzysmaki.estima.site\/en\/wp-json\/wp\/v2\/product\/6519","targetHints":{"allow":["GET"]}}],"collection":[{"href":"https:\/\/wiejskieprzysmaki.estima.site\/en\/wp-json\/wp\/v2\/product"}],"about":[{"href":"https:\/\/wiejskieprzysmaki.estima.site\/en\/wp-json\/wp\/v2\/types\/product"}],"replies":[{"embeddable":true,"href":"https:\/\/wiejskieprzysmaki.estima.site\/en\/wp-json\/wp\/v2\/comments?post=6519"}],"wp:featuredmedia":[{"embeddable":true,"href":"https:\/\/wiejskieprzysmaki.estima.site\/en\/wp-json\/wp\/v2\/media\/6520"}],"wp:attachment":[{"href":"https:\/\/wiejskieprzysmaki.estima.site\/en\/wp-json\/wp\/v2\/media?parent=6519"}],"wp:term":[{"taxonomy":"product_brand","embeddable":true,"href":"https:\/\/wiejskieprzysmaki.estima.site\/en\/wp-json\/wp\/v2\/product_brand?post=6519"},{"taxonomy":"product_cat","embeddable":true,"href":"https:\/\/wiejskieprzysmaki.estima.site\/en\/wp-json\/wp\/v2\/product_cat?post=6519"},{"taxonomy":"product_tag","embeddable":true,"href":"https:\/\/wiejskieprzysmaki.estima.site\/en\/wp-json\/wp\/v2\/product_tag?post=6519"}],"curies":[{"name":"wp","href":"https:\/\/api.w.org\/{rel}","templated":true}]}}