{"id":6529,"date":"2025-02-18T11:16:49","date_gmt":"2025-02-18T10:16:49","guid":{"rendered":"https:\/\/wiejskieprzysmaki.estima.site\/produkt\/collagen-10-000-mg-shot-30-ml-primabiotic\/"},"modified":"2025-02-20T15:13:34","modified_gmt":"2025-02-20T14:13:34","slug":"collagen-10-000-mg-shot-30-ml-primabiotic","status":"publish","type":"product","link":"https:\/\/wiejskieprzysmaki.estima.site\/en\/product\/collagen-10-000-mg-shot-30-ml-primabiotic\/","title":{"rendered":"COLLAGEN (10 000 mg) SHOT 30 ml &#8211; PRIMABIOTIC"},"content":{"rendered":"<p>SK\u0141ADNIKI<br \/>sok jab\u0142kowy odtworzony z zag\u0119szczonego soku jab\u0142kowego, sok cytrynowy odtworzony z zag\u0119szczonego soku cytrynowego, hydrolizowany kolagen wo\u0142owy, witamina C (kwas L-askorbinowy), niacyna (amid kwasu nikotynowego), witamina E (octan D-alfa-tokoferylu), kwas pantotenowy (D-pantotenian wapnia), witamina B2 (ryboflawina), witamina B6 (chlorowodorek pirydoksyny), tiamina (monoazotan tiaminy), witamina A (octan retinylu), kwas foliowy (kwas pteroilomonoglutaminowy), biotyna (D-biotyna), witamina D (cholekalcyferol), witamina B12 (cyjanokobalamina), aromat brzoskwiniowy. <\/p>\n<p>Sk\u0142adniki aktywne w zalecanej dziennej porcji (30 ml)<br \/>kolagen &#8211; 10 000 mg<br \/>witamina C &#8211; 80 mg (100 %**)<br \/>niacyna &#8211; 4,1 mg (26 %**)<br \/>witamina E &#8211; 3 mg (25 %**)<br \/>kwas pantotenowy &#8211; 1,5 mg (25 %**)<br \/>ryboflawina &#8211; 0,4 mg (31 %**)<br \/>witamina B6 &#8211; 0,4 mg (29 %**)<br \/>tiamina &#8211; 0,3 mg (25 %**)<br \/>witamina A &#8211; 121 \u00b5g (15 %**)<br \/>kwas foliowy &#8211; 60 \u00b5g (30 %**)<br \/>biotyna &#8211; 13 \u00b5g (26 %**)<br \/>witamina D &#8211; 1,2 \u00b5g (24 %**)<br \/>witamina B12 &#8211; 1,2 \u00b5g (48 %**)<\/p>\n<p>** &#8211; [dzienna referencyjna warto\u015b\u0107 spo\u017cycia witamin i sk\u0142adnik\u00f3w mineralnych (dla osoby doros\u0142ej)]<\/p>\n<p>OPIS<br \/>Suplement diety w formie p\u0142ynnej. Zawiera 10 000 mg kolagenu w porcji dziennej. Bez dodatku cukr\u00f3w. Zawiera naturalnie wyst\u0119puj\u0105ce cukry.<br \/>Wzbogacony 12 witaminami, m.in. witamin\u0105 C, kt\u00f3ra pomaga w prawid\u0142owej produkcji kolagenu, w celu zapewnienia prawid\u0142owego funkcjonowania ko\u015bci, chrz\u0105stek oraz sk\u00f3ry.<br \/>Biotyna pomaga zachowa\u0107 zdrowe w\u0142osy i paznokcie.<br \/>Witamina D pomaga w prawid\u0142owym funkcjonowaniu mi\u0119\u015bni oraz utrzymaniu zdrowych ko\u015bci i z\u0119b\u00f3w.<\/p>\n<p>ZALECANE SPO\u017bYCIE I INNE UWAGI<br \/>Zalecana dzienna porcja niezb\u0119dna do uzyskania korzystnego dzia\u0142ania: 1 buteleczka (30 ml).<br \/>Zaleca si\u0119 regularne stosowanie przez d\u0142u\u017cszy czas (minimum 4 tygodnie). <br \/>Przed u\u017cyciem wstrz\u0105sn\u0105\u0107. Nie nale\u017cy przekracza\u0107 zalecanej porcji do spo\u017cycia w ci\u0105gu dnia. Suplementy diety nie mog\u0105 by\u0107 stosowane jako substytut (zamiennik) zr\u00f3\u017cnicowanej diety. <br \/>Zr\u00f3wnowa\u017cony spos\u00f3b \u017cywienia oraz zdrowy tryb \u017cycia s\u0105 niezb\u0119dne do prawid\u0142owego funkcjonowania organizmu.<br \/>Suplement diety przeznaczony dla zdrowej populacji os\u00f3b doros\u0142ych do 75 roku \u017cycia. Nie stosowa\u0107 u os\u00f3b maj\u0105cych predyspozycje do tworzenia kamieni nerkowych lub choruj\u0105cych na kamic\u0119 nerkow\u0105. <br \/>Nie stosowa\u0107 w przypadku nadwra\u017cliwo\u015bci na kt\u00f3rykolwiek ze sk\u0142adnik\u00f3w produktu. <br \/>Kobiety w ci\u0105\u017cy i karmi\u0105ce piersi\u0105 przed zastosowaniem suplementu powinny skonsultowa\u0107 si\u0119 z lekarzem. <br \/>Produkt przeznaczony wy\u0142\u0105cznie dla os\u00f3b doros\u0142ych. <br \/>Tworzenie si\u0119 osad\u00f3w jest zjawiskiem naturalnym i nie \u015bwiadczy o wadzie produktu. Ze wzgl\u0119du na obecno\u015b\u0107 sk\u0142adnik\u00f3w naturalnych barwa produktu mo\u017ce ulega\u0107 zmianie (od z\u0142otej do ciemnobr\u0105zowej)<\/p>\n<p>ZALECANE WARUNKI PRZECHOWYWANIA <br \/>Przechowywa\u0107 w suchym, ciemnym miejscu, w temperaturze poni\u017cej 25 \u2103, w spos\u00f3b niedost\u0119pny dla ma\u0142ych dzieci.<br \/>Najlepiej pi\u0107 sch\u0142odzony, do 24 godzin po otwarciu.<\/p>","protected":false},"excerpt":{"rendered":"<p>SK\u0141ADNIKIsok jab\u0142kowy odtworzony z zag\u0119szczonego soku jab\u0142kowego, sok cytrynowy odtworzony z zag\u0119szczonego soku cytrynowego, hydrolizowany kolagen wo\u0142owy, witamina C (kwas L-askorbinowy), niacyna (amid kwasu nikotynowego), witamina E (octan D-alfa-tokoferylu), kwas pantotenowy (D-pantotenian wapnia), witamina B2 (ryboflawina), witamina B6 (chlorowodorek pirydoksyny), tiamina (monoazotan tiaminy), witamina A (octan retinylu), kwas foliowy (kwas pteroilomonoglutaminowy), biotyna (D-biotyna), witamina D [&hellip;]<\/p>","protected":false},"featured_media":6530,"comment_status":"closed","ping_status":"open","template":"","meta":{"_acf_changed":false},"product_brand":[],"product_cat":[3711,9057],"product_tag":[],"class_list":{"0":"post-6529","1":"product","2":"type-product","3":"status-publish","4":"has-post-thumbnail","6":"product_cat-produkty-w-plynie","7":"product_cat-suplementy-diety","8":"pa_ean-matka-5190","9":"pa_gwarancja-przydatnosci-320","10":"pa_ilosc-w-opakowaniu-322","11":"pa_jednostka-podstawowa-szt","12":"pa_kod-cn-2202-99-19","13":"pa_objetosc-brutto-5188","14":"pa_objetosc-netto-3709","15":"pa_producent-primabiotic-kolagen-do-picia","16":"pa_producent-nazwa-adres-probiotics-polska-bratuszyn-21-62-720-brudzew","17":"pa_tagi-bez-cukru-w-skladnikach","18":"pa_tagi-bez-glutenu-w-skladnikach","20":"first","21":"instock","22":"taxable","23":"shipping-taxable","24":"purchasable","25":"product-type-simple"},"acf":[],"_links":{"self":[{"href":"https:\/\/wiejskieprzysmaki.estima.site\/en\/wp-json\/wp\/v2\/product\/6529","targetHints":{"allow":["GET"]}}],"collection":[{"href":"https:\/\/wiejskieprzysmaki.estima.site\/en\/wp-json\/wp\/v2\/product"}],"about":[{"href":"https:\/\/wiejskieprzysmaki.estima.site\/en\/wp-json\/wp\/v2\/types\/product"}],"replies":[{"embeddable":true,"href":"https:\/\/wiejskieprzysmaki.estima.site\/en\/wp-json\/wp\/v2\/comments?post=6529"}],"wp:featuredmedia":[{"embeddable":true,"href":"https:\/\/wiejskieprzysmaki.estima.site\/en\/wp-json\/wp\/v2\/media\/6530"}],"wp:attachment":[{"href":"https:\/\/wiejskieprzysmaki.estima.site\/en\/wp-json\/wp\/v2\/media?parent=6529"}],"wp:term":[{"taxonomy":"product_brand","embeddable":true,"href":"https:\/\/wiejskieprzysmaki.estima.site\/en\/wp-json\/wp\/v2\/product_brand?post=6529"},{"taxonomy":"product_cat","embeddable":true,"href":"https:\/\/wiejskieprzysmaki.estima.site\/en\/wp-json\/wp\/v2\/product_cat?post=6529"},{"taxonomy":"product_tag","embeddable":true,"href":"https:\/\/wiejskieprzysmaki.estima.site\/en\/wp-json\/wp\/v2\/product_tag?post=6529"}],"curies":[{"name":"wp","href":"https:\/\/api.w.org\/{rel}","templated":true}]}}