{"id":6535,"date":"2025-02-18T11:16:49","date_gmt":"2025-02-18T10:16:49","guid":{"rendered":"https:\/\/wiejskieprzysmaki.estima.site\/produkt\/fasola-cannellini-w-zalewie-bio-300-g-220-g-sloik-alce-nero\/"},"modified":"2025-02-18T11:16:57","modified_gmt":"2025-02-18T10:16:57","slug":"fasola-cannellini-w-zalewie-bio-300-g-220-g-sloik-alce-nero","status":"publish","type":"product","link":"https:\/\/wiejskieprzysmaki.estima.site\/en\/product\/fasola-cannellini-w-zalewie-bio-300-g-220-g-sloik-alce-nero\/","title":{"rendered":"FASOLA CANNELLINI W ZALEWIE BIO 300 g (220 g) (S\u0141OIK) &#8211; ALCE NERO"},"content":{"rendered":"<p>SK\u0141ADNIKI<br \/>fasola cannellini*, woda, s\u00f3l (*certyfikowany sk\u0142adnik od\u017cywczy)  <\/p>\n<p>OPIS<br \/>Mo\u017ce stanowi\u0107 dodatek do zimnych lub ciep\u0142ych da\u0144. W przypadku spo\u017cycia na ciep\u0142o podgrza\u0107 ca\u0142\u0105 zawarto\u015b\u0107 s\u0142oiczka, nie doprowadza\u0107 do wrzenia. Produkt pasteryzowany. <\/p>\n<p>WARTO\u015a\u0106 OD\u017bYWCZA W 100 g produktu po ods\u0105czeniu<br \/>Warto\u015b\u0107 energetyczna: 334 kJ \/ 79 kcal<br \/>T\u0142uszcz: 0,6 g<br \/>w  tym kwasy nasycone: 0,1 g<br \/>W\u0119glowodany: 11 g<br \/>w tym cukry: 0,2 g <br \/>B\u0142onnik: 4,8 g<br \/>Bia\u0142ko: 5,3 g<br \/>S\u00f3l: 0,5 g<\/p>\n<p>INFORMACJA ALERGENNA<br \/>Mo\u017ce zawiera\u0107 SOJ\u0118<\/p>\n<p>ZALECANE WARUNKI PRZECHOWYWANIA<br \/>Po otwarciu przechowywa\u0107 w lod\u00f3wce i spo\u017cy\u0107 w ci\u0105gu 3-4 dni.<\/p>","protected":false},"excerpt":{"rendered":"<p>SK\u0141ADNIKIfasola cannellini*, woda, s\u00f3l (*certyfikowany sk\u0142adnik od\u017cywczy) OPISMo\u017ce stanowi\u0107 dodatek do zimnych lub ciep\u0142ych da\u0144. W przypadku spo\u017cycia na ciep\u0142o podgrza\u0107 ca\u0142\u0105 zawarto\u015b\u0107 s\u0142oiczka, nie doprowadza\u0107 do wrzenia. Produkt pasteryzowany. WARTO\u015a\u0106 OD\u017bYWCZA W 100 g produktu po ods\u0105czeniuWarto\u015b\u0107 energetyczna: 334 kJ \/ 79 kcalT\u0142uszcz: 0,6 gw tym kwasy nasycone: 0,1 gW\u0119glowodany: 11 gw tym cukry: [&hellip;]<\/p>","protected":false},"featured_media":6536,"comment_status":"closed","ping_status":"open","template":"","meta":{"_acf_changed":false},"product_brand":[],"product_cat":[1182,315],"product_tag":[],"class_list":{"0":"post-6535","1":"product","2":"type-product","3":"status-publish","4":"has-post-thumbnail","6":"product_cat-konserwowe-fermentowane","7":"product_cat-warzywa-straczkowe","8":"pa_ean-matka-5193","9":"pa_gwarancja-przydatnosci-522","10":"pa_ilosc-w-opakowaniu-374","11":"pa_jednostka-podstawowa-szt","12":"pa_kod-cn-2005-51-00","13":"pa_masa-netto-207","14":"pa_objetosc-brutto-1713","15":"pa_producent-alce-nero-wloskie-produkty","16":"pa_producent-nazwa-adres-alce-nero-s-p-a-via-palazzetti-5c-40068-san-lazzaro-di-savena-bo","17":"pa_tagi-bez-cukru-w-skladnikach","18":"pa_tagi-bez-glutenu-w-skladnikach","19":"pa_tagi-certyfikat-bio","20":"pa_tagi-weganski","21":"pa_tagi-wegetarianski","23":"first","24":"instock","25":"taxable","26":"shipping-taxable","27":"purchasable","28":"product-type-simple"},"acf":[],"_links":{"self":[{"href":"https:\/\/wiejskieprzysmaki.estima.site\/en\/wp-json\/wp\/v2\/product\/6535","targetHints":{"allow":["GET"]}}],"collection":[{"href":"https:\/\/wiejskieprzysmaki.estima.site\/en\/wp-json\/wp\/v2\/product"}],"about":[{"href":"https:\/\/wiejskieprzysmaki.estima.site\/en\/wp-json\/wp\/v2\/types\/product"}],"replies":[{"embeddable":true,"href":"https:\/\/wiejskieprzysmaki.estima.site\/en\/wp-json\/wp\/v2\/comments?post=6535"}],"wp:featuredmedia":[{"embeddable":true,"href":"https:\/\/wiejskieprzysmaki.estima.site\/en\/wp-json\/wp\/v2\/media\/6536"}],"wp:attachment":[{"href":"https:\/\/wiejskieprzysmaki.estima.site\/en\/wp-json\/wp\/v2\/media?parent=6535"}],"wp:term":[{"taxonomy":"product_brand","embeddable":true,"href":"https:\/\/wiejskieprzysmaki.estima.site\/en\/wp-json\/wp\/v2\/product_brand?post=6535"},{"taxonomy":"product_cat","embeddable":true,"href":"https:\/\/wiejskieprzysmaki.estima.site\/en\/wp-json\/wp\/v2\/product_cat?post=6535"},{"taxonomy":"product_tag","embeddable":true,"href":"https:\/\/wiejskieprzysmaki.estima.site\/en\/wp-json\/wp\/v2\/product_tag?post=6535"}],"curies":[{"name":"wp","href":"https:\/\/api.w.org\/{rel}","templated":true}]}}