{"id":6543,"date":"2025-02-18T11:16:49","date_gmt":"2025-02-18T10:16:49","guid":{"rendered":"https:\/\/wiejskieprzysmaki.estima.site\/produkt\/aronia-czarna-melanocarpa-ekstrakt-200-mg-bezglutenowy-60-kapsulek-pharmovit\/"},"modified":"2025-02-20T15:13:34","modified_gmt":"2025-02-20T14:13:34","slug":"aronia-czarna-melanocarpa-ekstrakt-200-mg-bezglutenowy-60-kapsulek-pharmovit","status":"publish","type":"product","link":"https:\/\/wiejskieprzysmaki.estima.site\/en\/product\/aronia-czarna-melanocarpa-ekstrakt-200-mg-bezglutenowy-60-kapsulek-pharmovit\/","title":{"rendered":"ARONIA CZARNA MELANOCARPA EKSTRAKT (200 mg) BEZGLUTENOWY 60 KAPSU\u0141EK &#8211; PHARMOVIT"},"content":{"rendered":"<p>SK\u0141ADNIKI<br \/>ekstrakt z owoc\u00f3w aronii czarnej, mikronizowane wyt\u0142oki z aronii czarnej, otoczka kapsu\u0142ki: \u017celatyna.<\/p>\n<p>Sk\u0142adniki w porcji dziennej 1 kapsu\u0142ka<br \/>ekstrakt 20:1 z owoc\u00f3w aronii czarnej &#8211; 200 mg<br \/>mikronizowane wyt\u0142oki z aronii czarnej &#8211; 150 mg<\/p>\n<p>OPIS<br \/>Suplement diety. <br \/>Ekstrakt z aronii czarnej wykazuje dzia\u0142anie antyoksydacyjne, pomaga chroni\u0107 kom\u00f3rki przed uszkodzeniami wywo\u0142anymi przez wolne rodniki. <\/p>\n<p>ZALECANE SPO\u017bYCIE I INNE UWAGI<br \/>Zalecana porcja produktu do spo\u017cycia w ci\u0105gu dnia niezb\u0119dna do uzyskania korzystnego dzia\u0142ania produktu: spo\u017cywa\u0107 1 kapsu\u0142k\u0119 dziennie. Popi\u0107 wod\u0105 (250 ml). Zalecana porcja dzienna to 1 kapsu\u0142ka. <br \/>Nie nale\u017cy przekracza\u0107 zalecanej porcji do spo\u017cycia w ci\u0105gu dnia. Nie stosowa\u0107 w przypadku uczulenia na kt\u00f3rykolwiek ze sk\u0142adnik\u00f3w. <br \/>Produkt dla doros\u0142ych. Spo\u017cywanie produktu nie zaleca si\u0119 kobietom w ci\u0105\u017cy i karmi\u0105cym piersi\u0105. Produkt nie mo\u017ce by\u0107 stosowany jako substytut zr\u00f3\u017cnicowanej diety. <br \/>Wa\u017cne jest prowadzenie zdrowego trybu \u017cycia i zr\u00f3wnowa\u017conego sposobu \u017cywienia. <\/p>\n<p>ZALECANE WARUNKI PRZECHOWYWANIA<br \/>Chroni\u0107 przed \u015bwiat\u0142em. Przechowywa\u0107 w szczelnie zamkni\u0119tym opakowaniu, w temperaturze pokojowej, w suchym miejscu, w spos\u00f3b niedost\u0119pny dla ma\u0142ych dzieci.<\/p>","protected":false},"excerpt":{"rendered":"<p>SK\u0141ADNIKIekstrakt z owoc\u00f3w aronii czarnej, mikronizowane wyt\u0142oki z aronii czarnej, otoczka kapsu\u0142ki: \u017celatyna. Sk\u0142adniki w porcji dziennej 1 kapsu\u0142kaekstrakt 20:1 z owoc\u00f3w aronii czarnej &#8211; 200 mgmikronizowane wyt\u0142oki z aronii czarnej &#8211; 150 mg OPISSuplement diety. Ekstrakt z aronii czarnej wykazuje dzia\u0142anie antyoksydacyjne, pomaga chroni\u0107 kom\u00f3rki przed uszkodzeniami wywo\u0142anymi przez wolne rodniki. ZALECANE SPO\u017bYCIE I [&hellip;]<\/p>","protected":false},"featured_media":6544,"comment_status":"closed","ping_status":"open","template":"","meta":{"_acf_changed":false},"product_brand":[],"product_cat":[1497,9057],"product_tag":[],"class_list":{"0":"post-6543","1":"product","2":"type-product","3":"status-publish","4":"has-post-thumbnail","6":"product_cat-kapsulki-tabletki","7":"product_cat-suplementy-diety","8":"pa_ean-matka-5202","9":"pa_gwarancja-przydatnosci-320","10":"pa_ilosc-w-opakowaniu-454","11":"pa_jednostka-podstawowa-szt","12":"pa_kod-cn-2106-90-92","13":"pa_masa-netto-1373","14":"pa_objetosc-brutto-5200","15":"pa_producent-pharmovit-suplementy-diety","16":"pa_producent-nazwa-adres-pharmovit-dystybucja-spolka-z-ograniczona-odpowiedzialnoscia-ul-kostrogaj-9d-09-400-plock","17":"pa_tagi-bez-cukru-w-skladnikach","18":"pa_tagi-bez-glutenu-deklaracja","19":"pa_tagi-bez-glutenu-w-skladnikach","21":"first","22":"instock","23":"taxable","24":"shipping-taxable","25":"purchasable","26":"product-type-simple"},"acf":[],"_links":{"self":[{"href":"https:\/\/wiejskieprzysmaki.estima.site\/en\/wp-json\/wp\/v2\/product\/6543","targetHints":{"allow":["GET"]}}],"collection":[{"href":"https:\/\/wiejskieprzysmaki.estima.site\/en\/wp-json\/wp\/v2\/product"}],"about":[{"href":"https:\/\/wiejskieprzysmaki.estima.site\/en\/wp-json\/wp\/v2\/types\/product"}],"replies":[{"embeddable":true,"href":"https:\/\/wiejskieprzysmaki.estima.site\/en\/wp-json\/wp\/v2\/comments?post=6543"}],"wp:featuredmedia":[{"embeddable":true,"href":"https:\/\/wiejskieprzysmaki.estima.site\/en\/wp-json\/wp\/v2\/media\/6544"}],"wp:attachment":[{"href":"https:\/\/wiejskieprzysmaki.estima.site\/en\/wp-json\/wp\/v2\/media?parent=6543"}],"wp:term":[{"taxonomy":"product_brand","embeddable":true,"href":"https:\/\/wiejskieprzysmaki.estima.site\/en\/wp-json\/wp\/v2\/product_brand?post=6543"},{"taxonomy":"product_cat","embeddable":true,"href":"https:\/\/wiejskieprzysmaki.estima.site\/en\/wp-json\/wp\/v2\/product_cat?post=6543"},{"taxonomy":"product_tag","embeddable":true,"href":"https:\/\/wiejskieprzysmaki.estima.site\/en\/wp-json\/wp\/v2\/product_tag?post=6543"}],"curies":[{"name":"wp","href":"https:\/\/api.w.org\/{rel}","templated":true}]}}