{"id":6549,"date":"2025-02-18T11:16:49","date_gmt":"2025-02-18T10:16:49","guid":{"rendered":"https:\/\/wiejskieprzysmaki.estima.site\/produkt\/syrop-prawoslazowy-bio-200-ml-mir-lek\/"},"modified":"2025-02-20T15:13:33","modified_gmt":"2025-02-20T14:13:33","slug":"syrop-prawoslazowy-bio-200-ml-mir-lek","status":"publish","type":"product","link":"https:\/\/wiejskieprzysmaki.estima.site\/en\/product\/syrop-prawoslazowy-bio-200-ml-mir-lek\/","title":{"rendered":"SYROP PRAWO\u015aLAZOWY BIO 200 ml &#8211; MIR-LEK"},"content":{"rendered":"<p>SK\u0141ADNIKI<br \/>macerat z korzenia prawo\u015blazu lekarskiego* (Althaea officinalis) (60 %), cukier trzcinowy*, sok z cytryny*. (*certyfikowany sk\u0142adnik ekologiczny) <\/p>\n<p>OPIS<br \/>Suplement diety. Produkt pasteryzowany.<br \/>Ilo\u015b\u0107 maceratu z korzenia prawo\u015blazu w jednej porcji (5 ml) &#8211; 3 g, w dziennej porcji (10 ml) &#8211; 6 g<br \/>Prawo\u015blaz lekarski wp\u0142ywa koj\u0105co na gard\u0142o i struny g\u0142osowe, wspomaga uk\u0142ad trawienny, wspiera prawid\u0142owe funkcjonowanie i prac\u0119 jelit. <\/p>\n<p>ZALECANE SPO\u017bYCIE I INNE UWAGI<br \/>1 \u0142y\u017ceczka (5 ml) syropu dwa razy nadob\u0119, rano i wieczorem. <br \/>Nie nale\u017cy przekracza\u0107 zalecanej porcji do spo\u017cycia w ci\u0105gu dnia. <br \/>Osad jest zjawiskiem naturalnym i nie wp\u0142ywa na jako\u015b\u0107 produktu. Wstrz\u0105sn\u0105\u0107 przed spo\u017cyciem.<br \/>Suplementy diety nie mog\u0105 by\u0107 stosowane jako substytut (zamiennik) zr\u00f3\u017cnicowanej diety. Zr\u00f3wnowa\u017cony spos\u00f3b \u017cywienia oraz zdrowy tryb \u017cycia s\u0105 niezb\u0119dne do prawid\u0142owego funkcjonowania organizmu. <br \/>Nie stosowa\u0107 u kobiet w ci\u0105\u017cy, w okresie karmienia piersi\u0105 i dzieci poni\u017cej 3 lat. Nie stosowa\u0107 u os\u00f3b uczulonych na jakikolwiek sk\u0142adnik produktu. <\/p>\n<p>ZALECANE WARUNKI PRZECHOWYWANIA<br \/>Przechowywa\u0107 w suchym miejscu, w spos\u00f3b niedost\u0119pny dla ma\u0142ych dzieci. Chroni\u0107 przed dost\u0119pem promieni s\u0142onecznych. Po otwarciu przechowywa\u0107 w lod\u00f3wce, w szczelnie zamkni\u0119tej butelce.  <\/p>","protected":false},"excerpt":{"rendered":"<p>SK\u0141ADNIKImacerat z korzenia prawo\u015blazu lekarskiego* (Althaea officinalis) (60 %), cukier trzcinowy*, sok z cytryny*. (*certyfikowany sk\u0142adnik ekologiczny) OPISSuplement diety. Produkt pasteryzowany.Ilo\u015b\u0107 maceratu z korzenia prawo\u015blazu w jednej porcji (5 ml) &#8211; 3 g, w dziennej porcji (10 ml) &#8211; 6 gPrawo\u015blaz lekarski wp\u0142ywa koj\u0105co na gard\u0142o i struny g\u0142osowe, wspomaga uk\u0142ad trawienny, wspiera prawid\u0142owe funkcjonowanie [&hellip;]<\/p>","protected":false},"featured_media":6550,"comment_status":"closed","ping_status":"open","template":"","meta":{"_acf_changed":false},"product_brand":[],"product_cat":[3711,9057],"product_tag":[],"class_list":{"0":"post-6549","1":"product","2":"type-product","3":"status-publish","4":"has-post-thumbnail","6":"product_cat-produkty-w-plynie","7":"product_cat-suplementy-diety","8":"pa_ean-matka-5206","9":"pa_gwarancja-przydatnosci-320","10":"pa_ilosc-w-opakowaniu-327","11":"pa_jednostka-podstawowa-szt","12":"pa_kod-cn-2106-90-59","13":"pa_objetosc-brutto-1306","14":"pa_objetosc-netto-436","15":"pa_producent-mir-lek-suplementy-diety","16":"pa_producent-nazwa-adres-mir-lek-sp-zo-o-ul-lipowa-3-42-421-rudniki","17":"pa_tagi-bez-glutenu-w-skladnikach","18":"pa_tagi-certyfikat-bio","19":"pa_tagi-weganski","20":"pa_tagi-wegetarianski","22":"first","23":"instock","24":"taxable","25":"shipping-taxable","26":"purchasable","27":"product-type-simple"},"acf":[],"_links":{"self":[{"href":"https:\/\/wiejskieprzysmaki.estima.site\/en\/wp-json\/wp\/v2\/product\/6549","targetHints":{"allow":["GET"]}}],"collection":[{"href":"https:\/\/wiejskieprzysmaki.estima.site\/en\/wp-json\/wp\/v2\/product"}],"about":[{"href":"https:\/\/wiejskieprzysmaki.estima.site\/en\/wp-json\/wp\/v2\/types\/product"}],"replies":[{"embeddable":true,"href":"https:\/\/wiejskieprzysmaki.estima.site\/en\/wp-json\/wp\/v2\/comments?post=6549"}],"wp:featuredmedia":[{"embeddable":true,"href":"https:\/\/wiejskieprzysmaki.estima.site\/en\/wp-json\/wp\/v2\/media\/6550"}],"wp:attachment":[{"href":"https:\/\/wiejskieprzysmaki.estima.site\/en\/wp-json\/wp\/v2\/media?parent=6549"}],"wp:term":[{"taxonomy":"product_brand","embeddable":true,"href":"https:\/\/wiejskieprzysmaki.estima.site\/en\/wp-json\/wp\/v2\/product_brand?post=6549"},{"taxonomy":"product_cat","embeddable":true,"href":"https:\/\/wiejskieprzysmaki.estima.site\/en\/wp-json\/wp\/v2\/product_cat?post=6549"},{"taxonomy":"product_tag","embeddable":true,"href":"https:\/\/wiejskieprzysmaki.estima.site\/en\/wp-json\/wp\/v2\/product_tag?post=6549"}],"curies":[{"name":"wp","href":"https:\/\/api.w.org\/{rel}","templated":true}]}}