{"id":6551,"date":"2025-02-18T11:16:49","date_gmt":"2025-02-18T10:16:49","guid":{"rendered":"https:\/\/wiejskieprzysmaki.estima.site\/produkt\/propolis-forte-ekstrakt-w-kroplach-bio-100-ml-physalis\/"},"modified":"2025-02-20T15:13:33","modified_gmt":"2025-02-20T14:13:33","slug":"propolis-forte-ekstrakt-w-kroplach-bio-100-ml-physalis","status":"publish","type":"product","link":"https:\/\/wiejskieprzysmaki.estima.site\/en\/product\/propolis-forte-ekstrakt-w-kroplach-bio-100-ml-physalis\/","title":{"rendered":"PROPOLIS FORTE EKSTRAKT W KROPLACH BIO 100 ml &#8211; PHYSALIS"},"content":{"rendered":"<p>SK\u0141ADNIKI<br \/>wodno-alkoholowy ekstrakt z propolisu* 100 %. (* certyfikowany sk\u0142adnik ekologiczny)<\/p>\n<p>OPIS<br \/>Suplement diety. <\/p>\n<p>ZALECANE SPO\u017bYCIE I INNE UWAGI<br \/>3 x dziennie po 20 &#8211; 30 kropli. Popi\u0107 wod\u0105 lub sokiem owocowym. Przed otwarciem wstrz\u0105sn\u0105\u0107.<br \/>Nie stosowa\u0107 w okresie ci\u0105\u017cy i podczas karmienia piersi\u0105. Nie stosowa\u0107 w przypadku nadwra\u017cliwo\u015bci na kt\u00f3rykolwiek ze sk\u0142adnik\u00f3w. Nie nale\u017cy przekracza\u0107 zalecanej porcji do spo\u017cycia w ci\u0105gu dnia. Suplementy diety nie mog\u0105 by\u0107 stosowane jako substytut (zamiennik) zr\u00f3\u017cnicowanej diety.<\/p>\n<p>ZALECANE WARUNKI PRZECHOWYWANIA<br \/>Przechowywa\u0107 w suchym i zacienionym miejscu w temperaturze (max. 25\u00b0C). Przechowywa\u0107 w spos\u00f3b niedost\u0119pny dla ma\u0142ych dzieci.<\/p>","protected":false},"excerpt":{"rendered":"<p>SK\u0141ADNIKIwodno-alkoholowy ekstrakt z propolisu* 100 %. (* certyfikowany sk\u0142adnik ekologiczny) OPISSuplement diety. ZALECANE SPO\u017bYCIE I INNE UWAGI3 x dziennie po 20 &#8211; 30 kropli. Popi\u0107 wod\u0105 lub sokiem owocowym. Przed otwarciem wstrz\u0105sn\u0105\u0107.Nie stosowa\u0107 w okresie ci\u0105\u017cy i podczas karmienia piersi\u0105. Nie stosowa\u0107 w przypadku nadwra\u017cliwo\u015bci na kt\u00f3rykolwiek ze sk\u0142adnik\u00f3w. Nie nale\u017cy przekracza\u0107 zalecanej porcji do [&hellip;]<\/p>","protected":false},"featured_media":6552,"comment_status":"closed","ping_status":"open","template":"","meta":{"_acf_changed":false},"product_brand":[],"product_cat":[3711,9057],"product_tag":[],"class_list":{"0":"post-6551","1":"product","2":"type-product","3":"status-publish","4":"has-post-thumbnail","6":"product_cat-produkty-w-plynie","7":"product_cat-suplementy-diety","8":"pa_ean-matka-5210","9":"pa_gwarancja-przydatnosci-320","10":"pa_ilosc-w-opakowaniu-1372","11":"pa_jednostka-podstawowa-szt","12":"pa_kod-cn-2106-90-92","13":"pa_objetosc-brutto-5208","14":"pa_objetosc-netto-468","15":"pa_producent-physalis-olejki-eteryczne-suplementy","16":"pa_producent-nazwa-adres-keypharm-nv-siemenslaan-11-8020-oostkamp","17":"pa_tagi-bez-cukru-w-skladnikach","18":"pa_tagi-bez-glutenu-w-skladnikach","19":"pa_tagi-certyfikat-bio","20":"pa_tagi-wegetarianski","22":"first","23":"instock","24":"taxable","25":"shipping-taxable","26":"purchasable","27":"product-type-simple"},"acf":[],"_links":{"self":[{"href":"https:\/\/wiejskieprzysmaki.estima.site\/en\/wp-json\/wp\/v2\/product\/6551","targetHints":{"allow":["GET"]}}],"collection":[{"href":"https:\/\/wiejskieprzysmaki.estima.site\/en\/wp-json\/wp\/v2\/product"}],"about":[{"href":"https:\/\/wiejskieprzysmaki.estima.site\/en\/wp-json\/wp\/v2\/types\/product"}],"replies":[{"embeddable":true,"href":"https:\/\/wiejskieprzysmaki.estima.site\/en\/wp-json\/wp\/v2\/comments?post=6551"}],"wp:featuredmedia":[{"embeddable":true,"href":"https:\/\/wiejskieprzysmaki.estima.site\/en\/wp-json\/wp\/v2\/media\/6552"}],"wp:attachment":[{"href":"https:\/\/wiejskieprzysmaki.estima.site\/en\/wp-json\/wp\/v2\/media?parent=6551"}],"wp:term":[{"taxonomy":"product_brand","embeddable":true,"href":"https:\/\/wiejskieprzysmaki.estima.site\/en\/wp-json\/wp\/v2\/product_brand?post=6551"},{"taxonomy":"product_cat","embeddable":true,"href":"https:\/\/wiejskieprzysmaki.estima.site\/en\/wp-json\/wp\/v2\/product_cat?post=6551"},{"taxonomy":"product_tag","embeddable":true,"href":"https:\/\/wiejskieprzysmaki.estima.site\/en\/wp-json\/wp\/v2\/product_tag?post=6551"}],"curies":[{"name":"wp","href":"https:\/\/api.w.org\/{rel}","templated":true}]}}