{"id":6603,"date":"2025-02-18T11:17:29","date_gmt":"2025-02-18T10:17:29","guid":{"rendered":"https:\/\/wiejskieprzysmaki.estima.site\/produkt\/deser-sojowy-mango-brzoskwinia-bezglutenowy-bio-150-g-sojade\/"},"modified":"2025-02-18T11:17:31","modified_gmt":"2025-02-18T10:17:31","slug":"deser-sojowy-mango-brzoskwinia-bezglutenowy-bio-150-g-sojade","status":"publish","type":"product","link":"https:\/\/wiejskieprzysmaki.estima.site\/en\/product\/deser-sojowy-mango-brzoskwinia-bezglutenowy-bio-150-g-sojade\/","title":{"rendered":"DESER SOJOWY MANGO &#8211; BRZOSKWINIA BEZGLUTENOWY BIO 150 g &#8211; SOJADE"},"content":{"rendered":"<p>SK\u0141ADNIKI<br \/>nap\u00f3j SOJOWY* 78 % (woda, ob\u0142uszczone ziarno SOI*), mango* (6,5 %), brzoskwinia* (2,5 %), nierafinowany cukier trzcinowy*, naturalny aromat mango*, naturalny aromat brzoskwiniowy*, skrobia z tapioki*, koncentrat sok z cytryn*, substancja zag\u0119szczaj\u0105ca: m\u0105czka chleba \u015bwi\u0119toja\u0144skiego*, wybrane \u017cywe kultury bakterii (Bifidus i Lactobacillus acidophilus) (*certyfikowany sk\u0142adnik ekologiczny)<\/p>\n<p>OPIS<br \/>Wega\u0144ski odpowiednik jogurtu owocowego. Produkt bezglutenowy.<\/p>\n<p>WARTO\u015a\u0106 OD\u017bYWCZA W 100 g<br \/>Warto\u015b\u0107 energetyczna 314 kJ\/75 kcal<br \/>T\u0142uszcz: 2,2 g<br \/>w tym kwasy t\u0142uszczowe nasycone: 0,3 g<br \/>W\u0119glowodany: 9,9 g<br \/>w tym cukry: 9,5 g<br \/>Bia\u0142ko: 3,8 g<br \/>S\u00f3l: 0,07 g<\/p>\n<p>ZALECANE WARUNKI PRZECHOWYWANIA<br \/>Przechowywa\u0107 w temperaturze od +2 do +8\u00b0C<\/p>","protected":false},"excerpt":{"rendered":"<p>SK\u0141ADNIKInap\u00f3j SOJOWY* 78 % (woda, ob\u0142uszczone ziarno SOI*), mango* (6,5 %), brzoskwinia* (2,5 %), nierafinowany cukier trzcinowy*, naturalny aromat mango*, naturalny aromat brzoskwiniowy*, skrobia z tapioki*, koncentrat sok z cytryn*, substancja zag\u0119szczaj\u0105ca: m\u0105czka chleba \u015bwi\u0119toja\u0144skiego*, wybrane \u017cywe kultury bakterii (Bifidus i Lactobacillus acidophilus) (*certyfikowany sk\u0142adnik ekologiczny) OPISWega\u0144ski odpowiednik jogurtu owocowego. Produkt bezglutenowy. WARTO\u015a\u0106 OD\u017bYWCZA W [&hellip;]<\/p>","protected":false},"featured_media":6604,"comment_status":"closed","ping_status":"open","template":"","meta":{"_acf_changed":false},"product_brand":[],"product_cat":[274,275],"product_tag":[],"class_list":{"0":"post-6603","1":"product","2":"type-product","3":"status-publish","4":"has-post-thumbnail","6":"product_cat-lodowka-inne","7":"product_cat-roslinne-alternatywy-jogurtow","8":"pa_ean-matka-5246","9":"pa_gwarancja-przydatnosci-681","10":"pa_ilosc-w-opakowaniu-298","11":"pa_jednostka-podstawowa-szt","12":"pa_kod-cn-2106-90-98","13":"pa_kraj-pochodzenia-skladnikow-turcja","14":"pa_masa-netto-197","15":"pa_objetosc-brutto-4554","16":"pa_producent-sojade-prod-sojowe-bifidus-desery-ryz-i-soj","17":"pa_producent-nazwa-adres-olga-2-rue-julien-neveu-bp-93106-35531-noyal-sur-vilaine","18":"pa_tagi-bez-glutenu-deklaracja","19":"pa_tagi-bez-glutenu-w-skladnikach","20":"pa_tagi-certyfikat-bio","21":"pa_tagi-weganski","22":"pa_tagi-wegetarianski","24":"first","25":"instock","26":"taxable","27":"shipping-taxable","28":"purchasable","29":"product-type-simple"},"acf":[],"_links":{"self":[{"href":"https:\/\/wiejskieprzysmaki.estima.site\/en\/wp-json\/wp\/v2\/product\/6603","targetHints":{"allow":["GET"]}}],"collection":[{"href":"https:\/\/wiejskieprzysmaki.estima.site\/en\/wp-json\/wp\/v2\/product"}],"about":[{"href":"https:\/\/wiejskieprzysmaki.estima.site\/en\/wp-json\/wp\/v2\/types\/product"}],"replies":[{"embeddable":true,"href":"https:\/\/wiejskieprzysmaki.estima.site\/en\/wp-json\/wp\/v2\/comments?post=6603"}],"wp:featuredmedia":[{"embeddable":true,"href":"https:\/\/wiejskieprzysmaki.estima.site\/en\/wp-json\/wp\/v2\/media\/6604"}],"wp:attachment":[{"href":"https:\/\/wiejskieprzysmaki.estima.site\/en\/wp-json\/wp\/v2\/media?parent=6603"}],"wp:term":[{"taxonomy":"product_brand","embeddable":true,"href":"https:\/\/wiejskieprzysmaki.estima.site\/en\/wp-json\/wp\/v2\/product_brand?post=6603"},{"taxonomy":"product_cat","embeddable":true,"href":"https:\/\/wiejskieprzysmaki.estima.site\/en\/wp-json\/wp\/v2\/product_cat?post=6603"},{"taxonomy":"product_tag","embeddable":true,"href":"https:\/\/wiejskieprzysmaki.estima.site\/en\/wp-json\/wp\/v2\/product_tag?post=6603"}],"curies":[{"name":"wp","href":"https:\/\/api.w.org\/{rel}","templated":true}]}}