{"id":6641,"date":"2025-02-18T11:17:47","date_gmt":"2025-02-18T10:17:47","guid":{"rendered":"https:\/\/wiejskieprzysmaki.estima.site\/produkt\/wafelek-z-samopszy-z-kremem-mleczno-kakaowym-z-probiotykami-bio-30-g-harmonica\/"},"modified":"2025-02-18T11:17:48","modified_gmt":"2025-02-18T10:17:48","slug":"wafelek-z-samopszy-z-kremem-mleczno-kakaowym-z-probiotykami-bio-30-g-harmonica","status":"publish","type":"product","link":"https:\/\/wiejskieprzysmaki.estima.site\/en\/product\/wafelek-z-samopszy-z-kremem-mleczno-kakaowym-z-probiotykami-bio-30-g-harmonica\/","title":{"rendered":"WAFELEK Z SAMOPSZY Z KREMEM MLECZNO &#8211; KAKAOWYM Z PROBIOTYKAMI BIO 30 g &#8211; HARMONICA"},"content":{"rendered":"<p>SK\u0141ADNIKI<br \/>wafelek* (m\u0105ka z PSZENICY samopszy pe\u0142noziarnista*, olej s\u0142onecznikowy*, substancja spulchniaj\u0105ca: wodorow\u0119glan sodu, s\u00f3l), krem* [cukier trzcinowy*, t\u0142uszcz kokosowy*, pasta ze s\u0142onecznika*, odt\u0142uszczone MLEKO w proszku* 9,7 %, kakao w proszku o obni\u017conej zawarto\u015bci t\u0142uszczu* 4,6 %, inulina z agawy*, kultury bakterii probiotycznych (1,1 %) (L. bulgaricus, Bifidobacterium longum, L.  plantarum, L. gasseri, przeciwutleniacz: ekstrakty z rozmarynu (wyci\u0105gi z rozmarynu*)] (* certyfikowany sk\u0142adnik ekologiczny)<\/p>\n<p>OPIS<br \/>Zr\u00f3wnowa\u017cony spos\u00f3b \u017cywienia oraz zdrowy tryb \u017cycia s\u0105 niezb\u0119dne do prawid\u0142owego funkcjonowania organizmu. <\/p>\n<p>WARTO\u015a\u0106 OD\u017bYWCZA W 100 g <br \/>Warto\u015b\u0107 energetyczna: 2214 kJ\/529 kcal<br \/>T\u0142uszcz: 29 g <br \/>w tym kwasy t\u0142uszczowe nasycone: 13 g <br \/>W\u0119glowodany: 60 g <br \/>w tym cukry: 32 g <br \/>Bia\u0142ko: 8,9 g <br \/>S\u00f3l: 0,3 g <\/p>\n<p>INFORMACJA ALERGENNA<br \/>Mo\u017ce zawiera\u0107 SOJ\u0118, ORZESZKI ZIEMNE i ORZECHY. <\/p>\n<p>ZALECANE WARUNKI PRZECHOWYWANIA<br \/>Przechowywa\u0107 w suchym i ch\u0142odnym miejscu. <\/p>","protected":false},"excerpt":{"rendered":"<p>SK\u0141ADNIKIwafelek* (m\u0105ka z PSZENICY samopszy pe\u0142noziarnista*, olej s\u0142onecznikowy*, substancja spulchniaj\u0105ca: wodorow\u0119glan sodu, s\u00f3l), krem* [cukier trzcinowy*, t\u0142uszcz kokosowy*, pasta ze s\u0142onecznika*, odt\u0142uszczone MLEKO w proszku* 9,7 %, kakao w proszku o obni\u017conej zawarto\u015bci t\u0142uszczu* 4,6 %, inulina z agawy*, kultury bakterii probiotycznych (1,1 %) (L. bulgaricus, Bifidobacterium longum, L. plantarum, L. gasseri, przeciwutleniacz: ekstrakty z [&hellip;]<\/p>","protected":false},"featured_media":6642,"comment_status":"closed","ping_status":"open","template":"","meta":{"_acf_changed":false},"product_brand":[],"product_cat":[465,139],"product_tag":[],"class_list":{"0":"post-6641","1":"product","2":"type-product","3":"status-publish","4":"has-post-thumbnail","6":"product_cat-batony-wafelki-sezamki","7":"product_cat-slodycze-i-przekaski","8":"pa_ean-matka-5276","9":"pa_gwarancja-przydatnosci-324","10":"pa_ilosc-w-opakowaniu-327","11":"pa_jednostka-podstawowa-szt","12":"pa_kod-cn-1905-32-99","13":"pa_masa-netto-232","14":"pa_objetosc-brutto-5273","15":"pa_producent-harmonica-wafelki","16":"pa_producent-nazwa-adres-darimex-98-eood-suhodolska-str-185-sofia-bulgaria","17":"pa_tagi-certyfikat-bio","18":"pa_tagi-wegetarianski","20":"first","21":"instock","22":"taxable","23":"shipping-taxable","24":"purchasable","25":"product-type-simple"},"acf":[],"_links":{"self":[{"href":"https:\/\/wiejskieprzysmaki.estima.site\/en\/wp-json\/wp\/v2\/product\/6641","targetHints":{"allow":["GET"]}}],"collection":[{"href":"https:\/\/wiejskieprzysmaki.estima.site\/en\/wp-json\/wp\/v2\/product"}],"about":[{"href":"https:\/\/wiejskieprzysmaki.estima.site\/en\/wp-json\/wp\/v2\/types\/product"}],"replies":[{"embeddable":true,"href":"https:\/\/wiejskieprzysmaki.estima.site\/en\/wp-json\/wp\/v2\/comments?post=6641"}],"wp:featuredmedia":[{"embeddable":true,"href":"https:\/\/wiejskieprzysmaki.estima.site\/en\/wp-json\/wp\/v2\/media\/6642"}],"wp:attachment":[{"href":"https:\/\/wiejskieprzysmaki.estima.site\/en\/wp-json\/wp\/v2\/media?parent=6641"}],"wp:term":[{"taxonomy":"product_brand","embeddable":true,"href":"https:\/\/wiejskieprzysmaki.estima.site\/en\/wp-json\/wp\/v2\/product_brand?post=6641"},{"taxonomy":"product_cat","embeddable":true,"href":"https:\/\/wiejskieprzysmaki.estima.site\/en\/wp-json\/wp\/v2\/product_cat?post=6641"},{"taxonomy":"product_tag","embeddable":true,"href":"https:\/\/wiejskieprzysmaki.estima.site\/en\/wp-json\/wp\/v2\/product_tag?post=6641"}],"curies":[{"name":"wp","href":"https:\/\/api.w.org\/{rel}","templated":true}]}}