{"id":6655,"date":"2025-02-18T11:17:47","date_gmt":"2025-02-18T10:17:47","guid":{"rendered":"https:\/\/wiejskieprzysmaki.estima.site\/produkt\/kapary-marynowane-bio-100-g-50-g-bio-planet\/"},"modified":"2025-02-18T11:18:01","modified_gmt":"2025-02-18T10:18:01","slug":"kapary-marynowane-bio-100-g-50-g-bio-planet","status":"publish","type":"product","link":"https:\/\/wiejskieprzysmaki.estima.site\/en\/product\/kapary-marynowane-bio-100-g-50-g-bio-planet\/","title":{"rendered":"KAPARY MARYNOWANE BIO 100 g (50 g) &#8211; BIO PLANET"},"content":{"rendered":"<p>SK\u0141ADNIKI<br \/>kapary*, woda, ocet winny*, s\u00f3l, regulator kwasowo\u015bci: kwas mlekowy (*certyfikowany sk\u0142adnik ekologiczny).<\/p>\n<p>OPIS<br \/>Idealne jako dodatek do sa\u0142atek, pizzy, potraw z makaronu oraz da\u0144 mi\u0119snych lub rybnych.<\/p>\n<p>WARTO\u015a\u0106 OD\u017bYWCZA W 100 g<br \/>Warto\u015b\u0107 energetyczna: 97 kJ \/ 23 kcal<br \/>T\u0142uszcz: 0,4 g<br \/>w tym kwasy t\u0142uszczowe nasycone: 0 g<br \/>W\u0119glowodany: 1,4 g<br \/>w tym cukry: 1,0 g<br \/>B\u0142onnik: 3,3 g<br \/>Bia\u0142ko: 1,9 g<br \/>S\u00f3l: 5,9 g<\/p>\n<p>ZALECANE WARUNKI PRZECHOWYWANIA<br \/>Przechowywa\u0107 w suchym i ch\u0142odnym miejscu. Po otwarciu przechowywa\u0107 w warunkach ch\u0142odniczych i spo\u017cy\u0107 w ci\u0105gu 10 dni.<\/p>","protected":false},"excerpt":{"rendered":"<p>SK\u0141ADNIKIkapary*, woda, ocet winny*, s\u00f3l, regulator kwasowo\u015bci: kwas mlekowy (*certyfikowany sk\u0142adnik ekologiczny). OPISIdealne jako dodatek do sa\u0142atek, pizzy, potraw z makaronu oraz da\u0144 mi\u0119snych lub rybnych. WARTO\u015a\u0106 OD\u017bYWCZA W 100 gWarto\u015b\u0107 energetyczna: 97 kJ \/ 23 kcalT\u0142uszcz: 0,4 gw tym kwasy t\u0142uszczowe nasycone: 0 gW\u0119glowodany: 1,4 gw tym cukry: 1,0 gB\u0142onnik: 3,3 gBia\u0142ko: 1,9 gS\u00f3l: [&hellip;]<\/p>","protected":false},"featured_media":6656,"comment_status":"closed","ping_status":"open","template":"","meta":{"_acf_changed":false},"product_brand":[],"product_cat":[1061,180],"product_tag":[],"class_list":{"0":"post-6655","1":"product","2":"type-product","3":"status-publish","4":"has-post-thumbnail","6":"product_cat-marynowane-kiszone","7":"product_cat-warzywa-i-grzyby-przetworzone","8":"pa_ean-matka-5284","9":"pa_gwarancja-przydatnosci-301","10":"pa_ilosc-w-opakowaniu-298","11":"pa_jednostka-podstawowa-szt","12":"pa_kod-cn-2005-99-20","13":"pa_kraj-pochodzenia-skladnikow-rolnictwo-ue-spoza-ue","14":"pa_masa-netto-242","15":"pa_objetosc-brutto-5283","16":"pa_producent-bio-planet-seria-inne","17":"pa_producent-nazwa-adres-bio-planet-s-a-wilkowa-wies-7-05-084-leszno","18":"pa_tagi-bez-cukru-w-skladnikach","19":"pa_tagi-bez-glutenu-w-skladnikach","20":"pa_tagi-certyfikat-bio","21":"pa_tagi-weganski","22":"pa_tagi-wegetarianski","24":"first","25":"instock","26":"taxable","27":"shipping-taxable","28":"purchasable","29":"product-type-simple"},"acf":[],"_links":{"self":[{"href":"https:\/\/wiejskieprzysmaki.estima.site\/en\/wp-json\/wp\/v2\/product\/6655","targetHints":{"allow":["GET"]}}],"collection":[{"href":"https:\/\/wiejskieprzysmaki.estima.site\/en\/wp-json\/wp\/v2\/product"}],"about":[{"href":"https:\/\/wiejskieprzysmaki.estima.site\/en\/wp-json\/wp\/v2\/types\/product"}],"replies":[{"embeddable":true,"href":"https:\/\/wiejskieprzysmaki.estima.site\/en\/wp-json\/wp\/v2\/comments?post=6655"}],"wp:featuredmedia":[{"embeddable":true,"href":"https:\/\/wiejskieprzysmaki.estima.site\/en\/wp-json\/wp\/v2\/media\/6656"}],"wp:attachment":[{"href":"https:\/\/wiejskieprzysmaki.estima.site\/en\/wp-json\/wp\/v2\/media?parent=6655"}],"wp:term":[{"taxonomy":"product_brand","embeddable":true,"href":"https:\/\/wiejskieprzysmaki.estima.site\/en\/wp-json\/wp\/v2\/product_brand?post=6655"},{"taxonomy":"product_cat","embeddable":true,"href":"https:\/\/wiejskieprzysmaki.estima.site\/en\/wp-json\/wp\/v2\/product_cat?post=6655"},{"taxonomy":"product_tag","embeddable":true,"href":"https:\/\/wiejskieprzysmaki.estima.site\/en\/wp-json\/wp\/v2\/product_tag?post=6655"}],"curies":[{"name":"wp","href":"https:\/\/api.w.org\/{rel}","templated":true}]}}