{"id":6661,"date":"2025-02-18T11:17:47","date_gmt":"2025-02-18T10:17:47","guid":{"rendered":"https:\/\/wiejskieprzysmaki.estima.site\/produkt\/oliwki-zielone-bez-pestek-w-zalewie-bio-280-g-150-g-bio-planet\/"},"modified":"2025-02-18T11:18:04","modified_gmt":"2025-02-18T10:18:04","slug":"oliwki-zielone-bez-pestek-w-zalewie-bio-280-g-150-g-bio-planet","status":"publish","type":"product","link":"https:\/\/wiejskieprzysmaki.estima.site\/en\/product\/oliwki-zielone-bez-pestek-w-zalewie-bio-280-g-150-g-bio-planet\/","title":{"rendered":"OLIWKI ZIELONE BEZ PESTEK W ZALEWIE BIO 280 g (150 g) &#8211; BIO PLANET"},"content":{"rendered":"<p>SK\u0141ADNIKI<br \/>oliwki zielone*, woda, s\u00f3l, regulator kwasowo\u015bci: kwas mlekowy (*certyfikowany sk\u0142adnik ekologiczny)<\/p>\n<p>OPIS<br \/>Idealne jako przystawka lub jako dodatek do sa\u0142atek, pizzy oraz da\u0144 mi\u0119snych i rybnych. Produkt mo\u017ce zawiera\u0107 pestki lub fragmenty pestek.<\/p>\n<p>WARTO\u015a\u0106 OD\u017bYWCZA W 100 g<br \/>Warto\u015b\u0107 energetyczna: 573 kJ \/ 139 kcal<br \/>T\u0142uszcz: 13 g<br \/>w tym kwasy t\u0142uszczowe nasycone: 2,4 g<br \/>W\u0119glowodany: 2,2 g<br \/>w tym cukry: < 0,1 g<br \/>B\u0142onnik: 2,5 g<br \/>Bia\u0142ko: 1,2 g<br \/>S\u00f3l: 3,0 g<\/p>\n<p>ZALECANE WARUKI PRZECHOWYWANIA<br \/>Przechowywa\u0107 w suchym i ch\u0142odnym miejscu. Po otwarciu przechowywa\u0107 w warunkach ch\u0142odniczych i spo\u017cy\u0107 w ci\u0105gu 10 dni.<\/p>","protected":false},"excerpt":{"rendered":"<p>SK\u0141ADNIKIoliwki zielone*, woda, s\u00f3l, regulator kwasowo\u015bci: kwas mlekowy (*certyfikowany sk\u0142adnik ekologiczny) OPISIdealne jako przystawka lub jako dodatek do sa\u0142atek, pizzy oraz da\u0144 mi\u0119snych i rybnych. Produkt mo\u017ce zawiera\u0107 pestki lub fragmenty pestek. WARTO\u015a\u0106 OD\u017bYWCZA W 100 gWarto\u015b\u0107 energetyczna: 573 kJ \/ 139 kcalT\u0142uszcz: 13 gw tym kwasy t\u0142uszczowe nasycone: 2,4 gW\u0119glowodany: 2,2 gw tym cukry: [&hellip;]<\/p>","protected":false},"featured_media":6662,"comment_status":"closed","ping_status":"open","template":"","meta":{"_acf_changed":false},"product_brand":[],"product_cat":[1338,998],"product_tag":[],"class_list":{"0":"post-6661","1":"product","2":"type-product","3":"status-publish","4":"has-post-thumbnail","6":"product_cat-oliwki","7":"product_cat-przetwory-warzywne-i-owocowe","8":"pa_ean-matka-5286","9":"pa_gwarancja-przydatnosci-522","10":"pa_ilosc-w-opakowaniu-366","11":"pa_jednostka-podstawowa-szt","12":"pa_kod-cn-2005-70-00","13":"pa_kraj-pochodzenia-skladnikow-wlochy","14":"pa_masa-netto-1334","15":"pa_objetosc-brutto-1336","16":"pa_producent-bio-planet-seria-inne","17":"pa_producent-nazwa-adres-bio-planet-s-a-wilkowa-wies-7-05-084-leszno","18":"pa_tagi-bez-cukru-w-skladnikach","19":"pa_tagi-bez-glutenu-w-skladnikach","20":"pa_tagi-certyfikat-bio","21":"pa_tagi-weganski","22":"pa_tagi-wegetarianski","24":"first","25":"instock","26":"taxable","27":"shipping-taxable","28":"purchasable","29":"product-type-simple"},"acf":[],"_links":{"self":[{"href":"https:\/\/wiejskieprzysmaki.estima.site\/en\/wp-json\/wp\/v2\/product\/6661","targetHints":{"allow":["GET"]}}],"collection":[{"href":"https:\/\/wiejskieprzysmaki.estima.site\/en\/wp-json\/wp\/v2\/product"}],"about":[{"href":"https:\/\/wiejskieprzysmaki.estima.site\/en\/wp-json\/wp\/v2\/types\/product"}],"replies":[{"embeddable":true,"href":"https:\/\/wiejskieprzysmaki.estima.site\/en\/wp-json\/wp\/v2\/comments?post=6661"}],"wp:featuredmedia":[{"embeddable":true,"href":"https:\/\/wiejskieprzysmaki.estima.site\/en\/wp-json\/wp\/v2\/media\/6662"}],"wp:attachment":[{"href":"https:\/\/wiejskieprzysmaki.estima.site\/en\/wp-json\/wp\/v2\/media?parent=6661"}],"wp:term":[{"taxonomy":"product_brand","embeddable":true,"href":"https:\/\/wiejskieprzysmaki.estima.site\/en\/wp-json\/wp\/v2\/product_brand?post=6661"},{"taxonomy":"product_cat","embeddable":true,"href":"https:\/\/wiejskieprzysmaki.estima.site\/en\/wp-json\/wp\/v2\/product_cat?post=6661"},{"taxonomy":"product_tag","embeddable":true,"href":"https:\/\/wiejskieprzysmaki.estima.site\/en\/wp-json\/wp\/v2\/product_tag?post=6661"}],"curies":[{"name":"wp","href":"https:\/\/api.w.org\/{rel}","templated":true}]}}