{"id":6685,"date":"2025-02-18T11:18:17","date_gmt":"2025-02-18T10:18:17","guid":{"rendered":"https:\/\/wiejskieprzysmaki.estima.site\/produkt\/witamina-adek-w-kroplach-bezglutenowe-30-ml-pharmovit-clean-label\/"},"modified":"2025-02-20T15:13:31","modified_gmt":"2025-02-20T14:13:31","slug":"witamina-adek-w-kroplach-bezglutenowe-30-ml-pharmovit-clean-label","status":"publish","type":"product","link":"https:\/\/wiejskieprzysmaki.estima.site\/en\/product\/witamina-adek-w-kroplach-bezglutenowe-30-ml-pharmovit-clean-label\/","title":{"rendered":"WITAMINA ADEK W KROPLACH BEZGLUTENOWE 30 ml &#8211; PHARMOVIT (CLEAN LABEL)"},"content":{"rendered":"<p>SK\u0141ADNIKI<br \/>oliwa z oliwek extra virgin, witamina E (octan-d-alfa-tokoferylu), witamina K (menachinon), witamina D (cholekalcyferol), witamina A (palmitynian retinylu)<\/p>\n<p>Sk\u0142adniki w porcji dziennej (3 krople)<br \/>Witamina A &#8211; 800 \u00b5g (100 % RWS**)<br \/>Witamina D &#8211; 100 \u00b5g\/4000 IU (2000 % RWS**)<br \/>Witamina E &#8211; 12 mg (100 % RWS**)<br \/>Witamina K &#8211; 75 \u00b5g (100 % RWS**)<\/p>\n<p>** RWS &#8211; Referencyjne Warto\u015bci Spo\u017cycia<\/p>\n<p>OPIS<br \/>Suplement diety. Kompleks witamin A, D, E i K rozpuszczonych w oliwie z oliwek extra virgin t\u0142oczonej na zimno. <br \/>Witamina A pomaga w zachowaniu zdrowej sk\u00f3ry oraz w utrzymaniu prawid\u0142owego widzenia. Przyczynia si\u0119 r\u00f3wnie\u017c do utrzymania prawid\u0142owego metabolizmu \u017celaza, odgrywa rol\u0119 w procesie specjalizacji kom\u00f3rek oraz pomaga w prawid\u0142owym funkcjonowaniu uk\u0142adu odporno\u015bciowego. <br \/>Witamina D pomaga w prawid\u0142owym wch\u0142anianiu\/wykorzystaniu wapnia i fosforu, w utrzymaniu prawid\u0142owego poziomu wapnia we krwi, w prawid\u0142owym funkcjonowaniu mi\u0119\u015bni oraz w utrzymaniu zdrowych ko\u015bci, z\u0119b\u00f3w. <br \/>Witamina E pomaga w ochronie kom\u00f3rek przed stresem oksydacyjnym. <br \/>Witamina K pomaga w utrzymaniu zdrowych ko\u015bci oraz przyczynia si\u0119 do prawid\u0142owego krzepni\u0119cia krwi. <br \/>Witaminy A, D, E, K nale\u017c\u0105 do substancji rozpuszczalnych w t\u0142uszczach, dlatego ich no\u015bnikiem jest oliwa z oliwek extra virgin, kt\u00f3ra pomaga w ich prawid\u0142owym wch\u0142anianiu.<br \/>Produkt nie zawiera laktozy i SOI.<\/p>\n<p>ZALECANE SPO\u017bYCIE I INNE UWAGI<br \/>Zalecana porcja produktu do spo\u017cycia w ci\u0105gu dnia niezb\u0119dna do uzyskania korzystnego dzia\u0142ania produktu: Spo\u017cywa\u0107 doustnie 3 krople dziennie lub dodaj\u0105c do zimnego posi\u0142ku np. sa\u0142atki. Przed u\u017cyciem wstrz\u0105sn\u0105\u0107. Zalecana porcja dzienna to 3 krople.<br \/>Suplement diety przeznaczony wy\u0142\u0105cznie dla os\u00f3b zdrowych powy\u017cej 75 roku \u017cycia.<br \/>Suplementy diety nie mog\u0105 by\u0107 stosowane jako substytut zr\u00f3\u017cnicowanej diety.<br \/>Wa\u017cne jest prowadzenie zdrowego trybu \u017cycia i zr\u00f3wnowa\u017conego sposobu \u017cywienia.<br \/>Produkt dla doros\u0142ych.<br \/>Spo\u017cywanie produktu nie zaleca si\u0119 kobietom w ci\u0105\u017cy i karmi\u0105cym piersi\u0105.<br \/>Produkt nie powinien by\u0107 spo\u017cywany przez osoby przyjmuj\u0105ce \u015brodki przeciwzakrzepowe zawieraj\u0105ce antagonist\u00f3w witaminy K (np. warfaryna i acenokumarol). <br \/>Przed zastosowaniem wskazane jest wykonanie badania 25-(OH)D we krwi oraz konsultacja wyniku badania z lekarzem lub farmaceut\u0105. <br \/>Nie nale\u017cy przekracza\u0107 zalecanej porcji do spo\u017cycia w ci\u0105gu dnia. <br \/>Nie stosowa\u0107 w przypadku uczulenia na kt\u00f3rykolwiek ze sk\u0142adnik\u00f3w.<\/p>\n<p>ZALECANE WARUNKI PRZECHOWYWANIA<br \/>Chroni\u0107 przed \u015bwiat\u0142em. Przechowywa\u0107 w szczelnie zamkni\u0119tym opakowaniu, w temperaturze pokojowej, w suchym miejscu, w spos\u00f3b niedost\u0119pny dla ma\u0142ych dzieci.<\/p>","protected":false},"excerpt":{"rendered":"<p>SK\u0141ADNIKIoliwa z oliwek extra virgin, witamina E (octan-d-alfa-tokoferylu), witamina K (menachinon), witamina D (cholekalcyferol), witamina A (palmitynian retinylu) Sk\u0142adniki w porcji dziennej (3 krople)Witamina A &#8211; 800 \u00b5g (100 % RWS**)Witamina D &#8211; 100 \u00b5g\/4000 IU (2000 % RWS**)Witamina E &#8211; 12 mg (100 % RWS**)Witamina K &#8211; 75 \u00b5g (100 % RWS**) ** RWS [&hellip;]<\/p>","protected":false},"featured_media":6686,"comment_status":"closed","ping_status":"open","template":"","meta":{"_acf_changed":false},"product_brand":[],"product_cat":[3711,9057],"product_tag":[],"class_list":{"0":"post-6685","1":"product","2":"type-product","3":"status-publish","4":"has-post-thumbnail","6":"product_cat-produkty-w-plynie","7":"product_cat-suplementy-diety","8":"pa_ean-matka-5303","9":"pa_gwarancja-przydatnosci-320","10":"pa_ilosc-w-opakowaniu-435","11":"pa_jednostka-podstawowa-szt","12":"pa_kod-cn-2106-90-92","13":"pa_objetosc-brutto-5291","14":"pa_objetosc-netto-3709","15":"pa_producent-pharmovit-suplementy-diety","16":"pa_producent-nazwa-adres-pharmovit-dystrybucja-sp-z-o-o-ul-kostrogaj-9d-09-400-plock","17":"pa_tagi-bez-cukru-w-skladnikach","18":"pa_tagi-bez-glutenu-deklaracja","19":"pa_tagi-bez-glutenu-w-skladnikach","20":"pa_tagi-wegetarianski","22":"first","23":"instock","24":"taxable","25":"shipping-taxable","26":"purchasable","27":"product-type-simple"},"acf":[],"_links":{"self":[{"href":"https:\/\/wiejskieprzysmaki.estima.site\/en\/wp-json\/wp\/v2\/product\/6685","targetHints":{"allow":["GET"]}}],"collection":[{"href":"https:\/\/wiejskieprzysmaki.estima.site\/en\/wp-json\/wp\/v2\/product"}],"about":[{"href":"https:\/\/wiejskieprzysmaki.estima.site\/en\/wp-json\/wp\/v2\/types\/product"}],"replies":[{"embeddable":true,"href":"https:\/\/wiejskieprzysmaki.estima.site\/en\/wp-json\/wp\/v2\/comments?post=6685"}],"wp:featuredmedia":[{"embeddable":true,"href":"https:\/\/wiejskieprzysmaki.estima.site\/en\/wp-json\/wp\/v2\/media\/6686"}],"wp:attachment":[{"href":"https:\/\/wiejskieprzysmaki.estima.site\/en\/wp-json\/wp\/v2\/media?parent=6685"}],"wp:term":[{"taxonomy":"product_brand","embeddable":true,"href":"https:\/\/wiejskieprzysmaki.estima.site\/en\/wp-json\/wp\/v2\/product_brand?post=6685"},{"taxonomy":"product_cat","embeddable":true,"href":"https:\/\/wiejskieprzysmaki.estima.site\/en\/wp-json\/wp\/v2\/product_cat?post=6685"},{"taxonomy":"product_tag","embeddable":true,"href":"https:\/\/wiejskieprzysmaki.estima.site\/en\/wp-json\/wp\/v2\/product_tag?post=6685"}],"curies":[{"name":"wp","href":"https:\/\/api.w.org\/{rel}","templated":true}]}}