{"id":6691,"date":"2025-02-18T11:18:17","date_gmt":"2025-02-18T10:18:17","guid":{"rendered":"https:\/\/wiejskieprzysmaki.estima.site\/produkt\/napoj-ice-tea-o-smaku-owocow-lesnych-bio-500-ml-hollinger\/"},"modified":"2025-02-18T11:18:25","modified_gmt":"2025-02-18T10:18:25","slug":"napoj-ice-tea-o-smaku-owocow-lesnych-bio-500-ml-hollinger","status":"publish","type":"product","link":"https:\/\/wiejskieprzysmaki.estima.site\/en\/product\/napoj-ice-tea-o-smaku-owocow-lesnych-bio-500-ml-hollinger\/","title":{"rendered":"NAP\u00d3J ICE TEA O SMAKU OWOC\u00d3W LE\u015aNYCH BIO 500 ml &#8211; HOLLINGER"},"content":{"rendered":"<p>SK\u0141ADNIKI<br \/>woda, cukier*, sok malinowy* 1 % (z koncentratu soku malinowego), naturalny aromat owoc\u00f3w le\u015bnych, regulator kwasowo\u015bci: kwas cytrynowy, ekstrakt z herbatki owocowej* (0,12 %), koncentrat z marchwi* (*certyfikowany sk\u0142adnik ekologiczny)<\/p>\n<p>OPIS<br \/>Ekologiczny nap\u00f3j ice tea o smaku owoc\u00f3w le\u015bnych z ekstraktem z herbatki owocowej. Produkt pasteryzowany.<\/p>\n<p>WARTO\u015a\u0106 OD\u017bYWCZA W 100 ml<br \/>Warto\u015b\u0107 energetyczna: 113 kJ\/27 kcal <br \/>T\u0142uszcz: &lt;0,5 g <br \/>w tym kwasy t\u0142uszczowe nasycone: &lt;0,1 g <br \/>W\u0119glowodany: 6,3 g <br \/>w tym cukry: 6,1 g <br \/>Bia\u0142ko: &lt;0,5 g <br \/>S\u00f3l: &lt;0,01 g<\/p>\n<p>ZALECANE WARUNKI PRZECHOWYWANIA<br \/>Przechowywa\u0107 w suchym i ch\u0142odnym miejscu<\/p>","protected":false},"excerpt":{"rendered":"<p>SK\u0141ADNIKIwoda, cukier*, sok malinowy* 1 % (z koncentratu soku malinowego), naturalny aromat owoc\u00f3w le\u015bnych, regulator kwasowo\u015bci: kwas cytrynowy, ekstrakt z herbatki owocowej* (0,12 %), koncentrat z marchwi* (*certyfikowany sk\u0142adnik ekologiczny) OPISEkologiczny nap\u00f3j ice tea o smaku owoc\u00f3w le\u015bnych z ekstraktem z herbatki owocowej. Produkt pasteryzowany. WARTO\u015a\u0106 OD\u017bYWCZA W 100 mlWarto\u015b\u0107 energetyczna: 113 kJ\/27 kcal T\u0142uszcz: [&hellip;]<\/p>","protected":false},"featured_media":438,"comment_status":"closed","ping_status":"open","template":"","meta":{"_acf_changed":false},"product_brand":[],"product_cat":[384,134],"product_tag":[],"class_list":{"0":"post-6691","1":"product","2":"type-product","3":"status-publish","4":"has-post-thumbnail","6":"product_cat-inne-napoje","7":"product_cat-napoje","8":"pa_ean-matka-5306","9":"pa_gwarancja-przydatnosci-311","10":"pa_ilosc-w-opakowaniu-374","11":"pa_jednostka-podstawowa-szt","12":"pa_kod-cn-2202-10-00","13":"pa_kraj-pochodzenia-skladnikow-rolnictwo-ue-spoza-ue","14":"pa_objetosc-brutto-383","15":"pa_objetosc-netto-376","16":"pa_producent-hollinger-soki-nektary-napoje-syropy","17":"pa_producent-nazwa-adres-ims-hollinger-gmbh-johann-winter-gasse-29-3021-pressbaum","18":"pa_tagi-bez-glutenu-w-skladnikach","19":"pa_tagi-certyfikat-bio","20":"pa_tagi-weganski","21":"pa_tagi-wegetarianski","23":"first","24":"instock","25":"taxable","26":"shipping-taxable","27":"purchasable","28":"product-type-simple"},"acf":[],"_links":{"self":[{"href":"https:\/\/wiejskieprzysmaki.estima.site\/en\/wp-json\/wp\/v2\/product\/6691","targetHints":{"allow":["GET"]}}],"collection":[{"href":"https:\/\/wiejskieprzysmaki.estima.site\/en\/wp-json\/wp\/v2\/product"}],"about":[{"href":"https:\/\/wiejskieprzysmaki.estima.site\/en\/wp-json\/wp\/v2\/types\/product"}],"replies":[{"embeddable":true,"href":"https:\/\/wiejskieprzysmaki.estima.site\/en\/wp-json\/wp\/v2\/comments?post=6691"}],"wp:featuredmedia":[{"embeddable":true,"href":"https:\/\/wiejskieprzysmaki.estima.site\/en\/wp-json\/wp\/v2\/media\/438"}],"wp:attachment":[{"href":"https:\/\/wiejskieprzysmaki.estima.site\/en\/wp-json\/wp\/v2\/media?parent=6691"}],"wp:term":[{"taxonomy":"product_brand","embeddable":true,"href":"https:\/\/wiejskieprzysmaki.estima.site\/en\/wp-json\/wp\/v2\/product_brand?post=6691"},{"taxonomy":"product_cat","embeddable":true,"href":"https:\/\/wiejskieprzysmaki.estima.site\/en\/wp-json\/wp\/v2\/product_cat?post=6691"},{"taxonomy":"product_tag","embeddable":true,"href":"https:\/\/wiejskieprzysmaki.estima.site\/en\/wp-json\/wp\/v2\/product_tag?post=6691"}],"curies":[{"name":"wp","href":"https:\/\/api.w.org\/{rel}","templated":true}]}}