{"id":6710,"date":"2025-02-18T11:18:17","date_gmt":"2025-02-18T10:18:17","guid":{"rendered":"https:\/\/wiejskieprzysmaki.estima.site\/produkt\/ekstrakty-w-kroplach-na-wsparcie-watroby-bezglutenowe-30-ml-pharmovit-clean-label\/"},"modified":"2025-02-20T15:13:31","modified_gmt":"2025-02-20T14:13:31","slug":"ekstrakty-w-kroplach-na-wsparcie-watroby-bezglutenowe-30-ml-pharmovit-clean-label","status":"publish","type":"product","link":"https:\/\/wiejskieprzysmaki.estima.site\/en\/product\/ekstrakty-w-kroplach-na-wsparcie-watroby-bezglutenowe-30-ml-pharmovit-clean-label\/","title":{"rendered":"EKSTRAKTY W KROPLACH NA WSPARCIE W\u0104TROBY BEZGLUTENOWE 30 ml &#8211; PHARMOVIT (CLEAN LABEL)"},"content":{"rendered":"<p>SK\u0141ADNIKI<br \/>ekstrakt z nasion ostropestu plamistego, ekstrakt z k\u0142\u0105czy kurkumy, ekstrakt z li\u015bci karczocha zwyczajnego.\t<\/p>\n<p>Sk\u0142adniki w porcji dziennej 9 kropli<br \/>Ekstrakt z nasion ostropestu plamistego &#8211; 220 mg<br \/>Ekstrakt z k\u0142\u0105czy kurkumy &#8211; 220 mg<br \/>Ekstrakt z li\u015bci karczocha zwyczajnego &#8211; 160 mg<\/p>\n<p>OPIS<br \/>Suplement diety. <br \/>Ekstrakty w kroplach Wsparcie w\u0105troby to kompozycja 3 ekstrakt\u00f3w ro\u015blinnych (glicerynowo &#8211; wodnych) w kroplach. <br \/>Ostropest plamisty przyczynia si\u0119 do utrzymania prawid\u0142owych funkcji w\u0105troby i wspiera jej detoksykacj\u0119. <br \/>Karczoch zwyczajny wspomaga trawienie, wspiera normalne funkcjonowanie przewodu pokarmowego oraz mo\u017ce przyczyni\u0107 si\u0119 do obni\u017cenia poziomu lipid\u00f3w we krwi. <br \/>Kurkuma (ostry\u017c d\u0142ugi) wspiera zdrowie w\u0105troby, wspomaga produkcj\u0119 p\u0142yn\u00f3w trawiennych i pomaga w trawieniu t\u0142uszcz\u00f3w.\t<\/p>\n<p>ZALECANE SPO\u017bYCIE I INNE UWAGI<br \/>Zalecana porcja produktu do spo\u017cycia w ci\u0105gu dnia niezb\u0119dna do uzyskania korzystnego dzia\u0142ania produktu: Spo\u017cywa\u0107 doustnie 9 kropli dziennie, popi\u0107 szklank\u0105 wody. Przed ka\u017cdym u\u017cyciem wstrz\u0105sn\u0105\u0107. Zalecana porcja dzienna to 9 kropli.\t<br \/>Nie nale\u017cy przekracza\u0107 zalecanej porcji do spo\u017cycia w ci\u0105gu dnia. Nie stosowa\u0107 w przypadku uczulenia na kt\u00f3rykolwiek ze sk\u0142adnik\u00f3w. <br \/>Produkt dla doros\u0142ych. Spo\u017cywania produktu nie zaleca si\u0119 kobietom w ci\u0105\u017cy i karmi\u0105cym piersi\u0105.<br \/>Produkt nie mo\u017ce by\u0107 stosowany jako substytut zr\u00f3\u017cnicowanej diety. <br \/>Wa\u017cne jest prowadzenie zdrowego trybu \u017cycia i zr\u00f3wnowa\u017conego sposobu \u017cywienia.<\/p>\n<p>ZALECANE WARUNKI PRZECHOWYWANIA  <br \/>Chroni\u0107 przed \u015bwiat\u0142em. Przechowywa\u0107 w szczelnie zamkni\u0119tym opakowaniu, w temperaturze pokojowej, w suchym miejscu, w spos\u00f3b niedost\u0119pny dla ma\u0142ych dzieci.<\/p>","protected":false},"excerpt":{"rendered":"<p>SK\u0141ADNIKIekstrakt z nasion ostropestu plamistego, ekstrakt z k\u0142\u0105czy kurkumy, ekstrakt z li\u015bci karczocha zwyczajnego. Sk\u0142adniki w porcji dziennej 9 kropliEkstrakt z nasion ostropestu plamistego &#8211; 220 mgEkstrakt z k\u0142\u0105czy kurkumy &#8211; 220 mgEkstrakt z li\u015bci karczocha zwyczajnego &#8211; 160 mg OPISSuplement diety. Ekstrakty w kroplach Wsparcie w\u0105troby to kompozycja 3 ekstrakt\u00f3w ro\u015blinnych (glicerynowo &#8211; wodnych) [&hellip;]<\/p>","protected":false},"featured_media":6711,"comment_status":"closed","ping_status":"open","template":"","meta":{"_acf_changed":false},"product_brand":[],"product_cat":[3711,9057],"product_tag":[],"class_list":{"0":"post-6710","1":"product","2":"type-product","3":"status-publish","4":"has-post-thumbnail","6":"product_cat-produkty-w-plynie","7":"product_cat-suplementy-diety","8":"pa_ean-matka-5318","9":"pa_gwarancja-przydatnosci-320","10":"pa_ilosc-w-opakowaniu-435","11":"pa_jednostka-podstawowa-szt","12":"pa_kod-cn-2106-90-92","13":"pa_objetosc-brutto-5291","14":"pa_objetosc-netto-3709","15":"pa_producent-pharmovit-suplementy-diety","16":"pa_producent-nazwa-adres-pharmovit-dystrybucja-sp-z-o-o-ul-kostrogaj-9d-09-400-plock","17":"pa_tagi-bez-cukru-w-skladnikach","18":"pa_tagi-bez-glutenu-deklaracja","19":"pa_tagi-bez-glutenu-w-skladnikach","20":"pa_tagi-weganski","21":"pa_tagi-wegetarianski","23":"first","24":"instock","25":"taxable","26":"shipping-taxable","27":"purchasable","28":"product-type-simple"},"acf":[],"_links":{"self":[{"href":"https:\/\/wiejskieprzysmaki.estima.site\/en\/wp-json\/wp\/v2\/product\/6710","targetHints":{"allow":["GET"]}}],"collection":[{"href":"https:\/\/wiejskieprzysmaki.estima.site\/en\/wp-json\/wp\/v2\/product"}],"about":[{"href":"https:\/\/wiejskieprzysmaki.estima.site\/en\/wp-json\/wp\/v2\/types\/product"}],"replies":[{"embeddable":true,"href":"https:\/\/wiejskieprzysmaki.estima.site\/en\/wp-json\/wp\/v2\/comments?post=6710"}],"wp:featuredmedia":[{"embeddable":true,"href":"https:\/\/wiejskieprzysmaki.estima.site\/en\/wp-json\/wp\/v2\/media\/6711"}],"wp:attachment":[{"href":"https:\/\/wiejskieprzysmaki.estima.site\/en\/wp-json\/wp\/v2\/media?parent=6710"}],"wp:term":[{"taxonomy":"product_brand","embeddable":true,"href":"https:\/\/wiejskieprzysmaki.estima.site\/en\/wp-json\/wp\/v2\/product_brand?post=6710"},{"taxonomy":"product_cat","embeddable":true,"href":"https:\/\/wiejskieprzysmaki.estima.site\/en\/wp-json\/wp\/v2\/product_cat?post=6710"},{"taxonomy":"product_tag","embeddable":true,"href":"https:\/\/wiejskieprzysmaki.estima.site\/en\/wp-json\/wp\/v2\/product_tag?post=6710"}],"curies":[{"name":"wp","href":"https:\/\/api.w.org\/{rel}","templated":true}]}}