{"id":6758,"date":"2025-02-18T11:18:50","date_gmt":"2025-02-18T10:18:50","guid":{"rendered":"https:\/\/wiejskieprzysmaki.estima.site\/produkt\/nasiona-lucerny-bio-na-kielki-20-g-vita-line-20227cin00-41137cin0cs-62905cin0ds\/"},"modified":"2025-02-18T11:19:10","modified_gmt":"2025-02-18T10:19:10","slug":"nasiona-lucerny-bio-na-kielki-20-g-vita-line-20227cin00-41137cin0cs-62905cin0ds","status":"publish","type":"product","link":"https:\/\/wiejskieprzysmaki.estima.site\/en\/product\/nasiona-lucerny-bio-na-kielki-20-g-vita-line-20227cin00-41137cin0cs-62905cin0ds\/","title":{"rendered":"NASIONA LUCERNY BIO NA KIE\u0141KI 20 g &#8211; VITA LINE (20227CIN00, 41137CIN0CS, 62905CIN0DS)"},"content":{"rendered":"<p>SK\u0141ADNIKI<br \/>ekologiczne nasiona lucerny (Medicago Sativa)<\/p>\n<p>SPOS\u00d3B U\u017bYCIA<br \/>Nasiona zala\u0107 w wyparzonym s\u0142oiku na kilka godzin letni\u0105 przegotowan\u0105 wod\u0105. Nast\u0119pnie wod\u0119 nale\u017cy zla\u0107, nasiona przep\u0142uka\u0107, nakry\u0107 s\u0142oik gaz\u0105, obwi\u0105za\u0107 i odstawi\u0107 w ciep\u0142e, nienas\u0142onecznione miejsce.<br \/>Przep\u0142ukiwa\u0107 co najmniej 2 razy dziennie. Po 3-4 dniach kie\u0142ki s\u0105 gotowe do spo\u017cycia. Gotowe kie\u0142ki nale\u017cy spo\u017cy\u0107 przed up\u0142ywem 7 dni od wyhodowania. Przechowywa\u0107 w lod\u00f3wce.<\/p>\n<p>ZALECANE WARUNKI PRZECHOWYWANIA<br \/>Przechowywa\u0107 w suchym i ch\u0142odnym miejscu.<\/p>","protected":false},"excerpt":{"rendered":"<p>SK\u0141ADNIKIekologiczne nasiona lucerny (Medicago Sativa) SPOS\u00d3B U\u017bYCIANasiona zala\u0107 w wyparzonym s\u0142oiku na kilka godzin letni\u0105 przegotowan\u0105 wod\u0105. Nast\u0119pnie wod\u0119 nale\u017cy zla\u0107, nasiona przep\u0142uka\u0107, nakry\u0107 s\u0142oik gaz\u0105, obwi\u0105za\u0107 i odstawi\u0107 w ciep\u0142e, nienas\u0142onecznione miejsce.Przep\u0142ukiwa\u0107 co najmniej 2 razy dziennie. Po 3-4 dniach kie\u0142ki s\u0105 gotowe do spo\u017cycia. Gotowe kie\u0142ki nale\u017cy spo\u017cy\u0107 przed up\u0142ywem 7 dni od [&hellip;]<\/p>","protected":false},"featured_media":6759,"comment_status":"closed","ping_status":"open","template":"","meta":{"_acf_changed":false},"product_brand":[],"product_cat":[151],"product_tag":[],"class_list":{"0":"post-6758","1":"product","2":"type-product","3":"status-publish","4":"has-post-thumbnail","6":"product_cat-nasiona-i-ziarna","7":"pa_ean-matka-5347","8":"pa_gwarancja-przydatnosci-311","9":"pa_ilosc-w-opakowaniu-350","10":"pa_jednostka-podstawowa-szt","11":"pa_kod-cn-1209-91-80","12":"pa_kraj-pochodzenia-skladnikow-rolnictwo-ue","13":"pa_masa-netto-737","14":"pa_objetosc-brutto-5343","15":"pa_producent-vita-line-nasiona","16":"pa_producent-nazwa-adres-vilmorin-garden-sp-z-o-o-ks-piotra-wawrzyniaka-2-62-052-komorniki","17":"pa_tagi-bez-cukru-w-skladnikach","18":"pa_tagi-bez-glutenu-w-skladnikach","19":"pa_tagi-certyfikat-bio","20":"pa_tagi-weganski","21":"pa_tagi-wegetarianski","23":"first","24":"instock","25":"taxable","26":"shipping-taxable","27":"purchasable","28":"product-type-simple"},"acf":[],"_links":{"self":[{"href":"https:\/\/wiejskieprzysmaki.estima.site\/en\/wp-json\/wp\/v2\/product\/6758","targetHints":{"allow":["GET"]}}],"collection":[{"href":"https:\/\/wiejskieprzysmaki.estima.site\/en\/wp-json\/wp\/v2\/product"}],"about":[{"href":"https:\/\/wiejskieprzysmaki.estima.site\/en\/wp-json\/wp\/v2\/types\/product"}],"replies":[{"embeddable":true,"href":"https:\/\/wiejskieprzysmaki.estima.site\/en\/wp-json\/wp\/v2\/comments?post=6758"}],"wp:featuredmedia":[{"embeddable":true,"href":"https:\/\/wiejskieprzysmaki.estima.site\/en\/wp-json\/wp\/v2\/media\/6759"}],"wp:attachment":[{"href":"https:\/\/wiejskieprzysmaki.estima.site\/en\/wp-json\/wp\/v2\/media?parent=6758"}],"wp:term":[{"taxonomy":"product_brand","embeddable":true,"href":"https:\/\/wiejskieprzysmaki.estima.site\/en\/wp-json\/wp\/v2\/product_brand?post=6758"},{"taxonomy":"product_cat","embeddable":true,"href":"https:\/\/wiejskieprzysmaki.estima.site\/en\/wp-json\/wp\/v2\/product_cat?post=6758"},{"taxonomy":"product_tag","embeddable":true,"href":"https:\/\/wiejskieprzysmaki.estima.site\/en\/wp-json\/wp\/v2\/product_tag?post=6758"}],"curies":[{"name":"wp","href":"https:\/\/api.w.org\/{rel}","templated":true}]}}