{"id":6768,"date":"2025-02-18T11:19:11","date_gmt":"2025-02-18T10:19:11","guid":{"rendered":"https:\/\/wiejskieprzysmaki.estima.site\/produkt\/kulki-orkiszowo-gryczane-z-kakao-bez-dodatku-cukrow-bio-160-g-helpa\/"},"modified":"2025-02-18T11:19:16","modified_gmt":"2025-02-18T10:19:16","slug":"kulki-orkiszowo-gryczane-z-kakao-bez-dodatku-cukrow-bio-160-g-helpa","status":"publish","type":"product","link":"https:\/\/wiejskieprzysmaki.estima.site\/en\/product\/kulki-orkiszowo-gryczane-z-kakao-bez-dodatku-cukrow-bio-160-g-helpa\/","title":{"rendered":"KULKI ORKISZOWO &#8211; GRYCZANE Z KAKAO BEZ DODATKU CUKR\u00d3W BIO 160 g &#8211; HELPA"},"content":{"rendered":"<p>SK\u0141ADNIKI<br \/>m\u0105ka z PSZENICY ORKISZ* 48 %, kaszka gryczana* 48 %, kakao* 4 % (*certyfikowany sk\u0142adnik ekologiczny)<\/p>\n<p>OPIS  <br \/>P\u0142atki \u015bniadaniowe z prostym sk\u0142adem. Naturalny smak zb\u00f3\u017c w chrupi\u0105cej formie &#8211; to idealny pomys\u0142 na \u015bniadanie. Nasze p\u0142atki \u015bwietnie smakuj\u0105 z dodatkiem MLEKA, napoj\u00f3w ro\u015blinnych lub jako samodzielna przek\u0105ska do chrupania. <br \/>Bez dodatku cukr\u00f3w. Zawiera naturalnie wyst\u0119puj\u0105ce cukry. P\u0142atki nie musz\u0105 by\u0107 s\u0142odkie by by\u0142y pyszne &#8211; tak w\u0142a\u015bnie jest w przypadku naszych produkt\u00f3w \u015bniadaniowych! <br \/>Zawarto\u015b\u0107 soli wynika wy\u0142\u0105cznie z obecno\u015bci naturalnie wyst\u0119puj\u0105ce sodu.<\/p>\n<p>WARTO\u015a\u0106 OD\u017bYWCZA W 100 g<br \/>Warto\u015b\u0107 energetyczna: 1535 kJ\/363 kcal  <br \/>T\u0142uszcz: 3,1 g  <br \/>w tym kwasy t\u0142uszczowe nasycone: 0,8 g  <br \/>Weglowodany: 64 g  <br \/>w tym cukry: 1,7 g  <br \/>B\u0142onnik: 9,4 g<br \/>Bia\u0142ko: 13 g  <br \/>S\u00f3l: 0,02 g<\/p>\n<p>INFORMACJA ALERGENNA<br \/>Produkt mo\u017ce zawiera\u0107 inne zbo\u017ca zawieraj\u0105ce gluten<\/p>\n<p>ZALECANE WARUNKI PRZECHOWYWANIA  <br \/>Przechowywa\u0107 w suchym i ch\u0142odnym miejscu, chroni\u0107 przed bezpo\u015brednim dzia\u0142aniem promieni s\u0142onecznych. Po otwarciu szczelnie zamkn\u0105\u0107 opakowanie. <\/p>","protected":false},"excerpt":{"rendered":"<p>SK\u0141ADNIKIm\u0105ka z PSZENICY ORKISZ* 48 %, kaszka gryczana* 48 %, kakao* 4 % (*certyfikowany sk\u0142adnik ekologiczny) OPIS P\u0142atki \u015bniadaniowe z prostym sk\u0142adem. Naturalny smak zb\u00f3\u017c w chrupi\u0105cej formie &#8211; to idealny pomys\u0142 na \u015bniadanie. Nasze p\u0142atki \u015bwietnie smakuj\u0105 z dodatkiem MLEKA, napoj\u00f3w ro\u015blinnych lub jako samodzielna przek\u0105ska do chrupania. Bez dodatku cukr\u00f3w. Zawiera naturalnie wyst\u0119puj\u0105ce [&hellip;]<\/p>","protected":false},"featured_media":6769,"comment_status":"closed","ping_status":"open","template":"","meta":{"_acf_changed":false},"product_brand":[],"product_cat":[796,265],"product_tag":[],"class_list":{"0":"post-6768","1":"product","2":"type-product","3":"status-publish","4":"has-post-thumbnail","6":"product_cat-platki","7":"product_cat-sniadaniowe","8":"pa_ean-matka-5352","9":"pa_gwarancja-przydatnosci-324","10":"pa_ilosc-w-opakowaniu-331","11":"pa_jednostka-podstawowa-szt","12":"pa_kod-cn-1904-10-90","13":"pa_masa-netto-910","14":"pa_objetosc-brutto-5228","15":"pa_producent-helpa-kaszki","16":"pa_producent-nazwa-adres-helpa-aleksanda-budzowska-anna-rozyk-spolka-jawna-ul-zabia-40-05-504-henrykow-urocze","17":"pa_tagi-bez-cukru-w-skladnikach","18":"pa_tagi-certyfikat-bio","19":"pa_tagi-weganski","20":"pa_tagi-wegetarianski","22":"first","23":"instock","24":"taxable","25":"shipping-taxable","26":"purchasable","27":"product-type-simple"},"acf":[],"_links":{"self":[{"href":"https:\/\/wiejskieprzysmaki.estima.site\/en\/wp-json\/wp\/v2\/product\/6768","targetHints":{"allow":["GET"]}}],"collection":[{"href":"https:\/\/wiejskieprzysmaki.estima.site\/en\/wp-json\/wp\/v2\/product"}],"about":[{"href":"https:\/\/wiejskieprzysmaki.estima.site\/en\/wp-json\/wp\/v2\/types\/product"}],"replies":[{"embeddable":true,"href":"https:\/\/wiejskieprzysmaki.estima.site\/en\/wp-json\/wp\/v2\/comments?post=6768"}],"wp:featuredmedia":[{"embeddable":true,"href":"https:\/\/wiejskieprzysmaki.estima.site\/en\/wp-json\/wp\/v2\/media\/6769"}],"wp:attachment":[{"href":"https:\/\/wiejskieprzysmaki.estima.site\/en\/wp-json\/wp\/v2\/media?parent=6768"}],"wp:term":[{"taxonomy":"product_brand","embeddable":true,"href":"https:\/\/wiejskieprzysmaki.estima.site\/en\/wp-json\/wp\/v2\/product_brand?post=6768"},{"taxonomy":"product_cat","embeddable":true,"href":"https:\/\/wiejskieprzysmaki.estima.site\/en\/wp-json\/wp\/v2\/product_cat?post=6768"},{"taxonomy":"product_tag","embeddable":true,"href":"https:\/\/wiejskieprzysmaki.estima.site\/en\/wp-json\/wp\/v2\/product_tag?post=6768"}],"curies":[{"name":"wp","href":"https:\/\/api.w.org\/{rel}","templated":true}]}}