{"id":6778,"date":"2025-02-18T11:19:11","date_gmt":"2025-02-18T10:19:11","guid":{"rendered":"https:\/\/wiejskieprzysmaki.estima.site\/produkt\/zelki-owocowe-bez-dodatku-cukrow-bezglutenowe-bio-90-g-biogol\/"},"modified":"2025-02-18T11:19:24","modified_gmt":"2025-02-18T10:19:24","slug":"zelki-owocowe-bez-dodatku-cukrow-bezglutenowe-bio-90-g-biogol","status":"publish","type":"product","link":"https:\/\/wiejskieprzysmaki.estima.site\/en\/product\/zelki-owocowe-bez-dodatku-cukrow-bezglutenowe-bio-90-g-biogol\/","title":{"rendered":"\u017bELKI OWOCOWE BEZ DODATKU CUKR\u00d3W BEZGLUTENOWE BIO 90 g &#8211; BIOGOL"},"content":{"rendered":"<p>SK\u0141ADNIKI<br \/>koncentrat soku jab\u0142kowego* 62 %, koncentrat przecieru jab\u0142kowego* 25 %, przecier truskawkowy* 5 %, przecier z czarnej porzeczki* 3 %, koncentrat soku truskawkowego* 1 %, koncentrat soku wi\u015bniowego*, m\u0105ka ry\u017cowa*, substancja \u017celuj\u0105ca: pektyny, naturalny aromat truskawkowy, koncentrat soku cytrynowego* (*certyfikowany sk\u0142adnik ekologiczny).\t<\/p>\n<p>OPIS<br \/>Bez dodatku cukr\u00f3w, zawiera naturalnie wyst\u0119puj\u0105ce cukry. Odpowiedni dla wegan.\t<\/p>\n<p>Warto\u015b\u0107 od\u017cywcza w 100 g<br \/>Warto\u015b\u0107 energetyczna 1407 kJ\/332 kcal<br \/>T\u0142uszcz 1,0 g<br \/>w tym kwasy t\u0142uszczowe nasycone 0,1 g<br \/>W\u0119glowodany 75 g<br \/>w tym cukry 69 g<br \/>B\u0142onnik 3,3 g<br \/>Bia\u0142ko 0,7 g<br \/>S\u00f3l <0,05 g\n\n<br \/>ZALECANE WARUNKI PRZECHOWYWANIA<br \/>Przechowywa\u0107 w suchym i ch\u0142odnym miejscu.<\/p>","protected":false},"excerpt":{"rendered":"<p>SK\u0141ADNIKIkoncentrat soku jab\u0142kowego* 62 %, koncentrat przecieru jab\u0142kowego* 25 %, przecier truskawkowy* 5 %, przecier z czarnej porzeczki* 3 %, koncentrat soku truskawkowego* 1 %, koncentrat soku wi\u015bniowego*, m\u0105ka ry\u017cowa*, substancja \u017celuj\u0105ca: pektyny, naturalny aromat truskawkowy, koncentrat soku cytrynowego* (*certyfikowany sk\u0142adnik ekologiczny). OPISBez dodatku cukr\u00f3w, zawiera naturalnie wyst\u0119puj\u0105ce cukry. Odpowiedni dla wegan. Warto\u015b\u0107 od\u017cywcza w [&hellip;]<\/p>","protected":false},"featured_media":6779,"comment_status":"closed","ping_status":"open","template":"","meta":{"_acf_changed":false},"product_brand":[],"product_cat":[1500,139],"product_tag":[],"class_list":{"0":"post-6778","1":"product","2":"type-product","3":"status-publish","4":"has-post-thumbnail","6":"product_cat-galaretki-zelki-slodycze-i-przekaski","7":"product_cat-slodycze-i-przekaski","8":"pa_ean-matka-5235","9":"pa_gwarancja-przydatnosci-542","10":"pa_ilosc-w-opakowaniu-350","11":"pa_jednostka-podstawowa-szt","12":"pa_kod-cn-2007-99-39","13":"pa_kraj-pochodzenia-skladnikow-rolnictwo-ue-spoza-ue","14":"pa_masa-netto-2520","15":"pa_objetosc-brutto-201","16":"pa_producent-biogol-produkty-sniadaniowe-przekaski-bez-cukru","17":"pa_producent-nazwa-adres-gk4-food-spolka-z-ograniczona-odpowiedzialnoscia-wojska-polskiego-13-72-320-trzebiatow","18":"pa_tagi-bez-cukru-w-skladnikach","19":"pa_tagi-bez-glutenu-deklaracja","20":"pa_tagi-bez-glutenu-w-skladnikach","21":"pa_tagi-certyfikat-bio","22":"pa_tagi-weganski","23":"pa_tagi-wegetarianski","25":"first","26":"instock","27":"taxable","28":"shipping-taxable","29":"purchasable","30":"product-type-simple"},"acf":[],"_links":{"self":[{"href":"https:\/\/wiejskieprzysmaki.estima.site\/en\/wp-json\/wp\/v2\/product\/6778","targetHints":{"allow":["GET"]}}],"collection":[{"href":"https:\/\/wiejskieprzysmaki.estima.site\/en\/wp-json\/wp\/v2\/product"}],"about":[{"href":"https:\/\/wiejskieprzysmaki.estima.site\/en\/wp-json\/wp\/v2\/types\/product"}],"replies":[{"embeddable":true,"href":"https:\/\/wiejskieprzysmaki.estima.site\/en\/wp-json\/wp\/v2\/comments?post=6778"}],"wp:featuredmedia":[{"embeddable":true,"href":"https:\/\/wiejskieprzysmaki.estima.site\/en\/wp-json\/wp\/v2\/media\/6779"}],"wp:attachment":[{"href":"https:\/\/wiejskieprzysmaki.estima.site\/en\/wp-json\/wp\/v2\/media?parent=6778"}],"wp:term":[{"taxonomy":"product_brand","embeddable":true,"href":"https:\/\/wiejskieprzysmaki.estima.site\/en\/wp-json\/wp\/v2\/product_brand?post=6778"},{"taxonomy":"product_cat","embeddable":true,"href":"https:\/\/wiejskieprzysmaki.estima.site\/en\/wp-json\/wp\/v2\/product_cat?post=6778"},{"taxonomy":"product_tag","embeddable":true,"href":"https:\/\/wiejskieprzysmaki.estima.site\/en\/wp-json\/wp\/v2\/product_tag?post=6778"}],"curies":[{"name":"wp","href":"https:\/\/api.w.org\/{rel}","templated":true}]}}