{"id":6780,"date":"2025-02-18T11:19:11","date_gmt":"2025-02-18T10:19:11","guid":{"rendered":"https:\/\/wiejskieprzysmaki.estima.site\/produkt\/pasztet-weganski-soczewicowo-dyniowy-z-czarnuszka-bio-200-g-bio-planet\/"},"modified":"2025-02-18T11:19:26","modified_gmt":"2025-02-18T10:19:26","slug":"pasztet-weganski-soczewicowo-dyniowy-z-czarnuszka-bio-200-g-bio-planet","status":"publish","type":"product","link":"https:\/\/wiejskieprzysmaki.estima.site\/en\/product\/pasztet-weganski-soczewicowo-dyniowy-z-czarnuszka-bio-200-g-bio-planet\/","title":{"rendered":"PASZTET WEGA\u0143SKI SOCZEWICOWO &#8211; DYNIOWY Z CZARNUSZK\u0104 BIO 200 g &#8211; BIO PLANET"},"content":{"rendered":"<p>SK\u0141ADNIKI<br \/>soczewica czerwona* 53,5 %, pestki dyni* 26,8 %, olej kokosowy*, p\u0142atki OWSIANE (bez glutenu)*, czarnuszka* 0,9 %, s\u00f3l k\u0142odawska, majeranek*, oregano*, (*certyfikowany sk\u0142adnik ekologiczny)<\/p>\n<p>WARTO\u015a\u0106 OD\u017bYWCZA W 100 g<br \/>Warto\u015b\u0107 energetyczna: 1391 kJ\/336 kcal<br \/>T\u0142uszcz: 25 g<br \/>w tym kwasy t\u0142uszczowe nasycone: 15 g<br \/>W\u0119glowodany: 9,4 g<br \/>w tym cukry: 1,2 g<br \/>B\u0142onnik: 8,8 g<br \/>Bia\u0142ko: 15 g<br \/>S\u00f3l: 0,6 g<\/p>\n<p>ZALECANE WARUNKI RPZECHOWYWANIA<br \/>Przechowywa\u0107 w temperaturze 2 &#8211; 8 \u00b0C<\/p>","protected":false},"excerpt":{"rendered":"<p>SK\u0141ADNIKIsoczewica czerwona* 53,5 %, pestki dyni* 26,8 %, olej kokosowy*, p\u0142atki OWSIANE (bez glutenu)*, czarnuszka* 0,9 %, s\u00f3l k\u0142odawska, majeranek*, oregano*, (*certyfikowany sk\u0142adnik ekologiczny) WARTO\u015a\u0106 OD\u017bYWCZA W 100 gWarto\u015b\u0107 energetyczna: 1391 kJ\/336 kcalT\u0142uszcz: 25 gw tym kwasy t\u0142uszczowe nasycone: 15 gW\u0119glowodany: 9,4 gw tym cukry: 1,2 gB\u0142onnik: 8,8 gBia\u0142ko: 15 gS\u00f3l: 0,6 g ZALECANE WARUNKI [&hellip;]<\/p>","protected":false},"featured_media":6781,"comment_status":"closed","ping_status":"open","template":"","meta":{"_acf_changed":false},"product_brand":[],"product_cat":[274,753],"product_tag":[],"class_list":{"0":"post-6780","1":"product","2":"type-product","3":"status-publish","4":"has-post-thumbnail","6":"product_cat-lodowka-inne","7":"product_cat-majonezy-hummusy-sosy-pasty","8":"pa_ean-matka-5358","9":"pa_gwarancja-przydatnosci-481","10":"pa_ilosc-w-opakowaniu-350","11":"pa_jednostka-podstawowa-szt","12":"pa_kod-cn-2005-99-50","13":"pa_masa-netto-354","14":"pa_objetosc-brutto-1317","15":"pa_producent-bio-planet-chlodnicze","16":"pa_producent-nazwa-adres-bio-planet-s-a-wilkowa-wies-7-05-084-leszno","17":"pa_tagi-bez-cukru-w-skladnikach","18":"pa_tagi-bez-glutenu-w-skladnikach","19":"pa_tagi-certyfikat-bio","20":"pa_tagi-weganski","21":"pa_tagi-wegetarianski","23":"first","24":"instock","25":"taxable","26":"shipping-taxable","27":"purchasable","28":"product-type-simple"},"acf":[],"_links":{"self":[{"href":"https:\/\/wiejskieprzysmaki.estima.site\/en\/wp-json\/wp\/v2\/product\/6780","targetHints":{"allow":["GET"]}}],"collection":[{"href":"https:\/\/wiejskieprzysmaki.estima.site\/en\/wp-json\/wp\/v2\/product"}],"about":[{"href":"https:\/\/wiejskieprzysmaki.estima.site\/en\/wp-json\/wp\/v2\/types\/product"}],"replies":[{"embeddable":true,"href":"https:\/\/wiejskieprzysmaki.estima.site\/en\/wp-json\/wp\/v2\/comments?post=6780"}],"wp:featuredmedia":[{"embeddable":true,"href":"https:\/\/wiejskieprzysmaki.estima.site\/en\/wp-json\/wp\/v2\/media\/6781"}],"wp:attachment":[{"href":"https:\/\/wiejskieprzysmaki.estima.site\/en\/wp-json\/wp\/v2\/media?parent=6780"}],"wp:term":[{"taxonomy":"product_brand","embeddable":true,"href":"https:\/\/wiejskieprzysmaki.estima.site\/en\/wp-json\/wp\/v2\/product_brand?post=6780"},{"taxonomy":"product_cat","embeddable":true,"href":"https:\/\/wiejskieprzysmaki.estima.site\/en\/wp-json\/wp\/v2\/product_cat?post=6780"},{"taxonomy":"product_tag","embeddable":true,"href":"https:\/\/wiejskieprzysmaki.estima.site\/en\/wp-json\/wp\/v2\/product_tag?post=6780"}],"curies":[{"name":"wp","href":"https:\/\/api.w.org\/{rel}","templated":true}]}}