{"id":6788,"date":"2025-02-18T11:19:11","date_gmt":"2025-02-18T10:19:11","guid":{"rendered":"https:\/\/wiejskieprzysmaki.estima.site\/produkt\/pestki-dyni-jasne-bio-1-kg-bio-planet\/"},"modified":"2025-02-18T11:19:32","modified_gmt":"2025-02-18T10:19:32","slug":"pestki-dyni-jasne-bio-1-kg-bio-planet","status":"publish","type":"product","link":"https:\/\/wiejskieprzysmaki.estima.site\/en\/product\/pestki-dyni-jasne-bio-1-kg-bio-planet\/","title":{"rendered":"PESTKI DYNI JASNE BIO 1 kg &#8211; BIO PLANET"},"content":{"rendered":"<p>SK\u0141ADNIKI<br \/>ekologiczne pestki dyni 100 %.<\/p>\n<p>WARTO\u015a\u0106 OD\u017bYWCZA W 100 g<br \/>Warto\u015b\u0107 energetyczna &#8211; 2375 kJ \/ 574 kcal<br \/>T\u0142uszcz &#8211; 47 g<br \/>w tym kwasy t\u0142uszczowe nasycone &#8211; 11 g<br \/>W\u0119glowodany &#8211; 2,7  g<br \/>w tym cukry &#8211; 1,3 g<br \/>B\u0142onnik &#8211; 8,5 g Bia\u0142ko &#8211; 30 g<br \/>S\u00f3l &#8211; 0,01 g<\/p>\n<p>ZALECANE WARUNKI PRZECHOWYWANIA<br \/>Przechowywa\u0107 w suchym i ch\u0142odnym miejscu.<\/p>","protected":false},"excerpt":{"rendered":"<p>SK\u0141ADNIKIekologiczne pestki dyni 100 %. WARTO\u015a\u0106 OD\u017bYWCZA W 100 gWarto\u015b\u0107 energetyczna &#8211; 2375 kJ \/ 574 kcalT\u0142uszcz &#8211; 47 gw tym kwasy t\u0142uszczowe nasycone &#8211; 11 gW\u0119glowodany &#8211; 2,7 gw tym cukry &#8211; 1,3 gB\u0142onnik &#8211; 8,5 g Bia\u0142ko &#8211; 30 gS\u00f3l &#8211; 0,01 g ZALECANE WARUNKI PRZECHOWYWANIAPrzechowywa\u0107 w suchym i ch\u0142odnym miejscu.<\/p>","protected":false},"featured_media":6789,"comment_status":"closed","ping_status":"open","template":"","meta":{"_acf_changed":false},"product_brand":[],"product_cat":[151],"product_tag":[],"class_list":{"0":"post-6788","1":"product","2":"type-product","3":"status-publish","4":"has-post-thumbnail","6":"product_cat-nasiona-i-ziarna","7":"pa_ean-matka-5363","8":"pa_gwarancja-przydatnosci-324","9":"pa_ilosc-w-opakowaniu-298","10":"pa_jednostka-podstawowa-szt","11":"pa_kod-cn-1207-99-96","12":"pa_kraj-pochodzenia-skladnikow-chiny","13":"pa_masa-netto-209","14":"pa_objetosc-brutto-513","15":"pa_producent-bio-planet-seria-brazowa-orzechy-i-pestki","16":"pa_producent-nazwa-adres-bio-planet-s-a-wilkowa-wies-7-05-084-leszno","17":"pa_tagi-bez-cukru-w-skladnikach","18":"pa_tagi-bez-glutenu-w-skladnikach","19":"pa_tagi-certyfikat-bio","20":"pa_tagi-weganski","21":"pa_tagi-wegetarianski","23":"first","24":"instock","25":"taxable","26":"shipping-taxable","27":"purchasable","28":"product-type-simple"},"acf":[],"_links":{"self":[{"href":"https:\/\/wiejskieprzysmaki.estima.site\/en\/wp-json\/wp\/v2\/product\/6788","targetHints":{"allow":["GET"]}}],"collection":[{"href":"https:\/\/wiejskieprzysmaki.estima.site\/en\/wp-json\/wp\/v2\/product"}],"about":[{"href":"https:\/\/wiejskieprzysmaki.estima.site\/en\/wp-json\/wp\/v2\/types\/product"}],"replies":[{"embeddable":true,"href":"https:\/\/wiejskieprzysmaki.estima.site\/en\/wp-json\/wp\/v2\/comments?post=6788"}],"wp:featuredmedia":[{"embeddable":true,"href":"https:\/\/wiejskieprzysmaki.estima.site\/en\/wp-json\/wp\/v2\/media\/6789"}],"wp:attachment":[{"href":"https:\/\/wiejskieprzysmaki.estima.site\/en\/wp-json\/wp\/v2\/media?parent=6788"}],"wp:term":[{"taxonomy":"product_brand","embeddable":true,"href":"https:\/\/wiejskieprzysmaki.estima.site\/en\/wp-json\/wp\/v2\/product_brand?post=6788"},{"taxonomy":"product_cat","embeddable":true,"href":"https:\/\/wiejskieprzysmaki.estima.site\/en\/wp-json\/wp\/v2\/product_cat?post=6788"},{"taxonomy":"product_tag","embeddable":true,"href":"https:\/\/wiejskieprzysmaki.estima.site\/en\/wp-json\/wp\/v2\/product_tag?post=6788"}],"curies":[{"name":"wp","href":"https:\/\/api.w.org\/{rel}","templated":true}]}}