{"id":6802,"date":"2025-02-18T11:19:37","date_gmt":"2025-02-18T10:19:37","guid":{"rendered":"https:\/\/wiejskieprzysmaki.estima.site\/produkt\/gnocchi-swieze-bio-400-g-bio-verde\/"},"modified":"2025-02-18T11:19:38","modified_gmt":"2025-02-18T10:19:38","slug":"gnocchi-swieze-bio-400-g-bio-verde","status":"publish","type":"product","link":"https:\/\/wiejskieprzysmaki.estima.site\/en\/product\/gnocchi-swieze-bio-400-g-bio-verde\/","title":{"rendered":"GNOCCHI \u015aWIE\u017bE BIO 400 g &#8211; BIO VERDE"},"content":{"rendered":"<p>SK\u0141ADNIKI<br \/>puree ziemniaczane* 60 % (p\u0142atki ziemniaczane*, skrobia ziemniaczana*, woda), m\u0105ka PSZENNA typ 550* (32 %), woda, skrobia ziemniaczana*, s\u00f3l morska, kurkuma*, m\u0105ka ry\u017cowa* (*certyfikowany sk\u0142adnik ekologiczny)<\/p>\n<p>OPIS<br \/>Gnocchi to typowe dla kuchni w\u0142oskiej drobne kluseczki, nazywane odpowiednikiem naszych polskich kopytek. W smaku s\u0105 delikatniejsze, nieco twardsze. W\u0142osi jedz\u0105 je najcz\u0119\u015bciej na dwa tradycyjne dla nich sposoby \u2013 bianco, czyli z mas\u0142em, rozmarynem oraz \u015bwie\u017cym pieprzem lub al pomodoro \u2013 z sosem pomidorowym oraz \u015bwie\u017c\u0105 bazyli\u0105 i serem pecorino.<br \/>Pakowano w atmosferze ochronnej. <\/p>\n<p>SPOS\u00d3B PRZYGOTOWANIA<br \/>Wrzuci\u0107 do wrz\u0105cej, osolonej wody. Po wyp\u0142yni\u0119ciu na powierzchni\u0119 gotowa\u0107 przez 2 minuty, odcedzi\u0107 i doprawi\u0107 do smaku.<br \/>Mo\u017cna r\u00f3wnie\u017c podsma\u017cy\u0107 na ma\u015ble lub podgrza\u0107 w sosie. <\/p>\n<p>WARTO\u015a\u0106 OD\u017bYWCZA W 100 g<br \/>Warto\u015b\u0107 energetyczna 644 kJ\/168 kcal  <br \/>T\u0142uszcz: <0,5 g  <br \/>w tym kwasy t\u0142uszczowe nasycone: <0,1 g  <br \/>W\u0119glowodany: 36 g  <br \/>w tym cukry: <0,5 g  <br \/>Bia\u0142ko: 3,7 g  <br \/>S\u00f3l: 1,5 g<\/p>\n<p>ZALECANE WARUNKI PRZECHOWYWANIA<br \/>Przechowywa\u0107 w temperaturze od +4 do +8\u00b0C.  <\/p>","protected":false},"excerpt":{"rendered":"<p>SK\u0141ADNIKIpuree ziemniaczane* 60 % (p\u0142atki ziemniaczane*, skrobia ziemniaczana*, woda), m\u0105ka PSZENNA typ 550* (32 %), woda, skrobia ziemniaczana*, s\u00f3l morska, kurkuma*, m\u0105ka ry\u017cowa* (*certyfikowany sk\u0142adnik ekologiczny) OPISGnocchi to typowe dla kuchni w\u0142oskiej drobne kluseczki, nazywane odpowiednikiem naszych polskich kopytek. W smaku s\u0105 delikatniejsze, nieco twardsze. W\u0142osi jedz\u0105 je najcz\u0119\u015bciej na dwa tradycyjne dla nich sposoby [&hellip;]<\/p>","protected":false},"featured_media":6803,"comment_status":"closed","ping_status":"open","template":"","meta":{"_acf_changed":false},"product_brand":[],"product_cat":[459,274],"product_tag":[],"class_list":{"0":"post-6802","1":"product","2":"type-product","3":"status-publish","4":"has-post-thumbnail","6":"product_cat-dania-gotowe-chlodnicze","7":"product_cat-lodowka-inne","8":"pa_ean-matka-5371","9":"pa_gwarancja-przydatnosci-481","10":"pa_ilosc-w-opakowaniu-298","11":"pa_jednostka-podstawowa-szt","12":"pa_kod-cn-1902-30-90","13":"pa_kraj-pochodzenia-skladnikow-rolnictwo-ue","14":"pa_masa-netto-268","15":"pa_objetosc-brutto-1461","16":"pa_producent-bio-verde-oliwki-sery-makarony-przystawki","17":"pa_producent-nazwa-adres-isana-naturfeinkost-gmbh-co-kg-gewerbering-22-86922-eresing","18":"pa_tagi-bez-cukru-w-skladnikach","19":"pa_tagi-certyfikat-bio","20":"pa_tagi-weganski","21":"pa_tagi-wegetarianski","23":"first","24":"instock","25":"taxable","26":"shipping-taxable","27":"purchasable","28":"product-type-simple"},"acf":[],"_links":{"self":[{"href":"https:\/\/wiejskieprzysmaki.estima.site\/en\/wp-json\/wp\/v2\/product\/6802","targetHints":{"allow":["GET"]}}],"collection":[{"href":"https:\/\/wiejskieprzysmaki.estima.site\/en\/wp-json\/wp\/v2\/product"}],"about":[{"href":"https:\/\/wiejskieprzysmaki.estima.site\/en\/wp-json\/wp\/v2\/types\/product"}],"replies":[{"embeddable":true,"href":"https:\/\/wiejskieprzysmaki.estima.site\/en\/wp-json\/wp\/v2\/comments?post=6802"}],"wp:featuredmedia":[{"embeddable":true,"href":"https:\/\/wiejskieprzysmaki.estima.site\/en\/wp-json\/wp\/v2\/media\/6803"}],"wp:attachment":[{"href":"https:\/\/wiejskieprzysmaki.estima.site\/en\/wp-json\/wp\/v2\/media?parent=6802"}],"wp:term":[{"taxonomy":"product_brand","embeddable":true,"href":"https:\/\/wiejskieprzysmaki.estima.site\/en\/wp-json\/wp\/v2\/product_brand?post=6802"},{"taxonomy":"product_cat","embeddable":true,"href":"https:\/\/wiejskieprzysmaki.estima.site\/en\/wp-json\/wp\/v2\/product_cat?post=6802"},{"taxonomy":"product_tag","embeddable":true,"href":"https:\/\/wiejskieprzysmaki.estima.site\/en\/wp-json\/wp\/v2\/product_tag?post=6802"}],"curies":[{"name":"wp","href":"https:\/\/api.w.org\/{rel}","templated":true}]}}