{"id":6813,"date":"2025-02-18T11:19:37","date_gmt":"2025-02-18T10:19:37","guid":{"rendered":"https:\/\/wiejskieprzysmaki.estima.site\/produkt\/kisiel-o-smaku-owocow-lesnych-z-owocami-jagodowymi-bio-38-g-bio-planet\/"},"modified":"2025-02-18T11:19:43","modified_gmt":"2025-02-18T10:19:43","slug":"kisiel-o-smaku-owocow-lesnych-z-owocami-jagodowymi-bio-38-g-bio-planet","status":"publish","type":"product","link":"https:\/\/wiejskieprzysmaki.estima.site\/en\/product\/kisiel-o-smaku-owocow-lesnych-z-owocami-jagodowymi-bio-38-g-bio-planet\/","title":{"rendered":"KISIEL O SMAKU OWOC\u00d3W LE\u015aNYCH Z OWOCAMI JAGODOWYMI BIO 38 g &#8211; BIO PLANET"},"content":{"rendered":"<p>SK\u0141ADNIKI<br \/>skrobia*, owoce jagodowe* 3,7 % (sok z aronii w proszku*, liofilizowana je\u017cyna* i czarna porzeczka*), regulator kwasowo\u015bci: kwas cytrynowy, burak czerwony w proszku*, naturalny aromat (*certyfikowany sk\u0142adnik ekologiczny).<\/p>\n<p>SPOS\u00d3B PRZYGOTOWANIA<br \/>Z 0,5 l zimnej wody odla\u0107 \u00bd szklanki, wsypa\u0107 do niej zawarto\u015b\u0107 torebki i dobrze rozmiesza\u0107. Do reszty wody doda\u0107 50 g cukru (ok. 2,5 \u0142y\u017cki) i zagotowa\u0107. Do gotuj\u0105cej si\u0119 wody wla\u0107 rozpuszczony proszek. Gotowa\u0107 jeszcze przez chwil\u0119, ci\u0105gle mieszaj\u0105c. Gotowy kisiel wla\u0107 do salaterek i pozostawi\u0107 do ostygni\u0119cia.<\/p>\n<p>WARTO\u015a\u0106 OD\u017bYWCZA W 100 g PO PRZYGOTOWANIU WG PRZEPISU<br \/>Warto\u015b\u0107 energetyczna &#8211; 235 kJ\/55 kcal<br \/>T\u0142uszcz &#8211; 0 g<br \/>w tym kwasy t\u0142uszczowe nasycone &#8211; 0 g<br \/>W\u0119glowodany &#8211; 14 g<br \/>w tym cukry &#8211; 8,7 g<br \/>Bia\u0142ko &#8211; 0 g<br \/>S\u00f3l &#8211; 0 g<\/p>\n<p>INFORMACJA ALERGENNA<br \/>Produkt mo\u017ce zawiera\u0107: zbo\u017ca zawieraj\u0105ce GLUTEN, MLEKO (\u0142\u0105cznie z LAKTOZ\u0104).<\/p>\n<p>WARUNKI PRZECHOWYWANIA<br \/>Przechowywa\u0107 w suchym i ch\u0142odnym miejscu.<\/p>","protected":false},"excerpt":{"rendered":"<p>SK\u0141ADNIKIskrobia*, owoce jagodowe* 3,7 % (sok z aronii w proszku*, liofilizowana je\u017cyna* i czarna porzeczka*), regulator kwasowo\u015bci: kwas cytrynowy, burak czerwony w proszku*, naturalny aromat (*certyfikowany sk\u0142adnik ekologiczny). SPOS\u00d3B PRZYGOTOWANIAZ 0,5 l zimnej wody odla\u0107 \u00bd szklanki, wsypa\u0107 do niej zawarto\u015b\u0107 torebki i dobrze rozmiesza\u0107. Do reszty wody doda\u0107 50 g cukru (ok. 2,5 \u0142y\u017cki) [&hellip;]<\/p>","protected":false},"featured_media":6814,"comment_status":"closed","ping_status":"open","template":"","meta":{"_acf_changed":false},"product_brand":[],"product_cat":[396],"product_tag":[],"class_list":{"0":"post-6813","1":"product","2":"type-product","3":"status-publish","4":"has-post-thumbnail","6":"product_cat-budynie-galaretki-kisiele","7":"pa_ean-matka-5378","8":"pa_gwarancja-przydatnosci-311","9":"pa_ilosc-w-opakowaniu-392","10":"pa_jednostka-podstawowa-szt","11":"pa_kod-cn-1901-90-99","12":"pa_kraj-pochodzenia-skladnikow-rolnictwo-ue-spoza-ue","13":"pa_masa-netto-393","14":"pa_objetosc-brutto-395","15":"pa_producent-bio-planet-seria-inne","16":"pa_producent-nazwa-adres-bio-planet-s-a-wilkowa-wies-7-05-084-leszno","17":"pa_tagi-bez-cukru-w-skladnikach","18":"pa_tagi-bez-glutenu-w-skladnikach","19":"pa_tagi-certyfikat-bio","20":"pa_tagi-weganski","21":"pa_tagi-wegetarianski","23":"first","24":"instock","25":"taxable","26":"shipping-taxable","27":"purchasable","28":"product-type-simple"},"acf":[],"_links":{"self":[{"href":"https:\/\/wiejskieprzysmaki.estima.site\/en\/wp-json\/wp\/v2\/product\/6813","targetHints":{"allow":["GET"]}}],"collection":[{"href":"https:\/\/wiejskieprzysmaki.estima.site\/en\/wp-json\/wp\/v2\/product"}],"about":[{"href":"https:\/\/wiejskieprzysmaki.estima.site\/en\/wp-json\/wp\/v2\/types\/product"}],"replies":[{"embeddable":true,"href":"https:\/\/wiejskieprzysmaki.estima.site\/en\/wp-json\/wp\/v2\/comments?post=6813"}],"wp:featuredmedia":[{"embeddable":true,"href":"https:\/\/wiejskieprzysmaki.estima.site\/en\/wp-json\/wp\/v2\/media\/6814"}],"wp:attachment":[{"href":"https:\/\/wiejskieprzysmaki.estima.site\/en\/wp-json\/wp\/v2\/media?parent=6813"}],"wp:term":[{"taxonomy":"product_brand","embeddable":true,"href":"https:\/\/wiejskieprzysmaki.estima.site\/en\/wp-json\/wp\/v2\/product_brand?post=6813"},{"taxonomy":"product_cat","embeddable":true,"href":"https:\/\/wiejskieprzysmaki.estima.site\/en\/wp-json\/wp\/v2\/product_cat?post=6813"},{"taxonomy":"product_tag","embeddable":true,"href":"https:\/\/wiejskieprzysmaki.estima.site\/en\/wp-json\/wp\/v2\/product_tag?post=6813"}],"curies":[{"name":"wp","href":"https:\/\/api.w.org\/{rel}","templated":true}]}}