{"id":6874,"date":"2025-02-18T11:19:59","date_gmt":"2025-02-18T10:19:59","guid":{"rendered":"https:\/\/wiejskieprzysmaki.estima.site\/produkt\/guma-guar-bio-600-g-bio-planet\/"},"modified":"2025-02-18T11:20:20","modified_gmt":"2025-02-18T10:20:20","slug":"guma-guar-bio-600-g-bio-planet","status":"publish","type":"product","link":"https:\/\/wiejskieprzysmaki.estima.site\/en\/product\/guma-guar-bio-600-g-bio-planet\/","title":{"rendered":"GUMA GUAR BIO 600 g &#8211; BIO PLANET"},"content":{"rendered":"<p>SK\u0141ADNIKI<br \/>ekologiczna guma guar 100 %.<\/p>\n<p>OPIS<br \/>Ekologiczna guma guar to naturalny zag\u0119stnik uzyskiwany z bielma nasion ro\u015bliny z rodziny bobowatych &#8211; Cyamopsis tetragonolobus. Guma guar mo\u017ce by\u0107 stosowana jako neutralny w smaku i zapachu zamiennik \u017celatyny. Charakteryzuje si\u0119 dobr\u0105 rozpuszczalno\u015bci\u0105 w wodzie, a tak\u017ce zag\u0119szcza produkty bez konieczno\u015bci ich podgrzewania. Dzi\u0119ki swoim w\u0142a\u015bciwo\u015bciom stanowi idealny dodatek do sos\u00f3w, dresing\u00f3w, zup, d\u017cem\u00f3w czy deser\u00f3w.<\/p>\n<p>SPOS\u00d3B PRZYGOTOWANIA<br \/>nale\u017cy rozpu\u015bci\u0107 1 g gumy guar (1\/4 \u0142y\u017ceczki) w 100 g zag\u0119szczanego produktu.<\/p>\n<p>WARTO\u015a\u0106 OD\u017bYWCZA W 100 g<br \/>Warto\u015b\u0107 energetyczna: 843 kJ\/209 kcal<br \/>T\u0142uszcz: 0,6 g<br \/>w tym kwasy t\u0142uszczowe nasycone: 0,2 g<br \/>W\u0119glowodany: 1,0 g<br \/>w tym cukry: 0,9 g<br \/>B\u0142onnik: 88 g<br \/>Bia\u0142ko: 5,7 g<br \/>S\u00f3l: 0 g<\/p>\n<p>ZALECANE WARUNKI PRZECHOWYWANIA<br \/>Przechowywa\u0107 w suchym i ch\u0142odnym miejscu.<\/p>","protected":false},"excerpt":{"rendered":"<p>SK\u0141ADNIKIekologiczna guma guar 100 %. OPISEkologiczna guma guar to naturalny zag\u0119stnik uzyskiwany z bielma nasion ro\u015bliny z rodziny bobowatych &#8211; Cyamopsis tetragonolobus. Guma guar mo\u017ce by\u0107 stosowana jako neutralny w smaku i zapachu zamiennik \u017celatyny. Charakteryzuje si\u0119 dobr\u0105 rozpuszczalno\u015bci\u0105 w wodzie, a tak\u017ce zag\u0119szcza produkty bez konieczno\u015bci ich podgrzewania. Dzi\u0119ki swoim w\u0142a\u015bciwo\u015bciom stanowi idealny dodatek [&hellip;]<\/p>","protected":false},"featured_media":6875,"comment_status":"closed","ping_status":"open","template":"","meta":{"_acf_changed":false},"product_brand":[],"product_cat":[36],"product_tag":[],"class_list":{"0":"post-6874","1":"product","2":"type-product","3":"status-publish","4":"has-post-thumbnail","6":"product_cat-dodatki-do-wypiekow-i-deserow","7":"pa_ean-matka-5415","8":"pa_ean-matka-3395","9":"pa_gwarancja-przydatnosci-522","10":"pa_ilosc-w-opakowaniu-298","11":"pa_jednostka-podstawowa-szt","12":"pa_kod-cn-1302-32-90","13":"pa_kraj-pochodzenia-skladnikow-indie","14":"pa_masa-netto-792","15":"pa_objetosc-brutto-3500","16":"pa_producent-bio-planet-seria-inne","17":"pa_producent-nazwa-adres-bio-planet-s-a-wilkowa-wies-7-05-084-leszno","18":"pa_tagi-bez-cukru-w-skladnikach","19":"pa_tagi-bez-glutenu-w-skladnikach","20":"pa_tagi-certyfikat-bio","21":"pa_tagi-weganski","22":"pa_tagi-wegetarianski","24":"first","25":"instock","26":"taxable","27":"shipping-taxable","28":"purchasable","29":"product-type-simple"},"acf":[],"_links":{"self":[{"href":"https:\/\/wiejskieprzysmaki.estima.site\/en\/wp-json\/wp\/v2\/product\/6874","targetHints":{"allow":["GET"]}}],"collection":[{"href":"https:\/\/wiejskieprzysmaki.estima.site\/en\/wp-json\/wp\/v2\/product"}],"about":[{"href":"https:\/\/wiejskieprzysmaki.estima.site\/en\/wp-json\/wp\/v2\/types\/product"}],"replies":[{"embeddable":true,"href":"https:\/\/wiejskieprzysmaki.estima.site\/en\/wp-json\/wp\/v2\/comments?post=6874"}],"wp:featuredmedia":[{"embeddable":true,"href":"https:\/\/wiejskieprzysmaki.estima.site\/en\/wp-json\/wp\/v2\/media\/6875"}],"wp:attachment":[{"href":"https:\/\/wiejskieprzysmaki.estima.site\/en\/wp-json\/wp\/v2\/media?parent=6874"}],"wp:term":[{"taxonomy":"product_brand","embeddable":true,"href":"https:\/\/wiejskieprzysmaki.estima.site\/en\/wp-json\/wp\/v2\/product_brand?post=6874"},{"taxonomy":"product_cat","embeddable":true,"href":"https:\/\/wiejskieprzysmaki.estima.site\/en\/wp-json\/wp\/v2\/product_cat?post=6874"},{"taxonomy":"product_tag","embeddable":true,"href":"https:\/\/wiejskieprzysmaki.estima.site\/en\/wp-json\/wp\/v2\/product_tag?post=6874"}],"curies":[{"name":"wp","href":"https:\/\/api.w.org\/{rel}","templated":true}]}}