{"id":6906,"date":"2025-02-18T11:20:21","date_gmt":"2025-02-18T10:20:21","guid":{"rendered":"https:\/\/wiejskieprzysmaki.estima.site\/produkt\/makaron-proteinowy-z-ciecierzycy-swiderki-bio-250-g-bartolini\/"},"modified":"2025-02-18T11:20:39","modified_gmt":"2025-02-18T10:20:39","slug":"makaron-proteinowy-z-ciecierzycy-swiderki-bio-250-g-bartolini","status":"publish","type":"product","link":"https:\/\/wiejskieprzysmaki.estima.site\/en\/product\/makaron-proteinowy-z-ciecierzycy-swiderki-bio-250-g-bartolini\/","title":{"rendered":"MAKARON PROTEINOWY (Z CIECIERZYCY) \u015aWIDERKI BIO 250 g &#8211; BARTOLINI"},"content":{"rendered":"<p>SK\u0141ADNIKI <br \/>100 % m\u0105ka z ciecierzycy* (*certyfikowany sk\u0142adnik ekologiczny)<\/p>\n<p>OPIS<br \/>Wysoka zawarto\u015b\u0107 bia\u0142ka. Bia\u0142ko przyczynia si\u0119 do wzrostu masy mi\u0119\u015bniowej oraz pomaga w utrzymaniu masy mi\u0119\u015bniowej i zdrowych ko\u015bci.<br \/>\u0179r\u00f3d\u0142o miedzi i manganu. Mied\u017a i mangan pomagaj\u0105 w ochronie kom\u00f3rek przed stresem oksydacyjnym.<br \/>\u0179r\u00f3d\u0142o b\u0142onnika, \u017celaza i fosforu. \u017belazo i fosfor przyczyniaj\u0105 si\u0119 do utrzymania prawid\u0142owego metabolizmu energetycznego. <br \/>Zr\u00f3wnowa\u017cony spos\u00f3b \u017cywienia oraz zdrowy tryb \u017cycia s\u0105 niezb\u0119dne do prawid\u0142owego funkcjonowania organizmu.<br \/>Zalecana porcja produktu do spo\u017cycia niezb\u0119dna do uzyskania korzystnego dzia\u0142ania produktu: 100 g.<\/p>\n<p>SPOS\u00d3B PRZYGOTOWANIA <br \/>Przed spo\u017cyciem gotowa\u0107 6 minut, al. dente 4 minuty (100 g makaronu na 1 L osolonej wody).<\/p>\n<p>WARTO\u015a\u0106 OD\u017bYWCZA W 100 g<br \/>Warto\u015b\u0107 energetyczna: 1539 kJ\/366 kcal  <br \/>T\u0142uszcz: 6,7 g  <br \/>w tym kwasy t\u0142uszczowe nasycone: 1,4 g  <br \/>W\u0119glowodany: 51 g  <br \/>w tym cukry: 10 g  <br \/>B\u0142onnik: 13 g  <br \/>Bia\u0142ko: 18 g  <br \/>S\u00f3l: 0,01 g<\/p>\n<p>Zawarto\u015b\u0107 sk\u0142adnik\u00f3w w 100 g produktu po ugotowaniu<br \/>\u017belazo: 2,4 mg (17 %)**<br \/>Mangan: 1,5 mg (75 %)**<br \/>Mied\u017a: 0,3 mg (30 %)**<br \/>Fosfor: 129 mg (18 %)**<\/p>\n<p>** dziennej referencyjnej warto\u015bci spo\u017cycia witamin i sk\u0142adnik\u00f3w mineralnych (dla osoby doros\u0142ej)<\/p>\n<p>INFORMACJA ALERGENNA<br \/>Produkt mo\u017ce zawiera\u0107 zbo\u017ca zawieraj\u0105ce GLUTEN i JAJA.<\/p>\n<p>ZALECANE WARUNKI PRZECHOWYWANIA <br \/>Przechowywa\u0107 w suchym i przewiewnym miejscu.<\/p>","protected":false},"excerpt":{"rendered":"<p>SK\u0141ADNIKI 100 % m\u0105ka z ciecierzycy* (*certyfikowany sk\u0142adnik ekologiczny) OPISWysoka zawarto\u015b\u0107 bia\u0142ka. Bia\u0142ko przyczynia si\u0119 do wzrostu masy mi\u0119\u015bniowej oraz pomaga w utrzymaniu masy mi\u0119\u015bniowej i zdrowych ko\u015bci.\u0179r\u00f3d\u0142o miedzi i manganu. Mied\u017a i mangan pomagaj\u0105 w ochronie kom\u00f3rek przed stresem oksydacyjnym.\u0179r\u00f3d\u0142o b\u0142onnika, \u017celaza i fosforu. \u017belazo i fosfor przyczyniaj\u0105 si\u0119 do utrzymania prawid\u0142owego metabolizmu energetycznego. [&hellip;]<\/p>","protected":false},"featured_media":6907,"comment_status":"closed","ping_status":"open","template":"","meta":{"_acf_changed":false},"product_brand":[],"product_cat":[1163,1162],"product_tag":[],"class_list":{"0":"post-6906","1":"product","2":"type-product","3":"status-publish","4":"has-post-thumbnail","6":"product_cat-bezglutenowe","7":"product_cat-makarony","8":"pa_ean-matka-5444","9":"pa_gwarancja-przydatnosci-522","10":"pa_ilosc-w-opakowaniu-350","11":"pa_jednostka-podstawowa-szt","12":"pa_kod-cn-1902-11-00","13":"pa_masa-netto-480","14":"pa_objetosc-brutto-3341","15":"pa_producent-bartolini-makarony","16":"pa_producent-nazwa-adres-przedsiebiorstwo-produkcyjno-handlowe-tabit-spolka-z-ograniczona-odpowiedzialnoscia-hugona-kollataja-44-05-402-otwock","17":"pa_tagi-bez-cukru-w-skladnikach","18":"pa_tagi-bez-glutenu-w-skladnikach","19":"pa_tagi-certyfikat-bio","20":"pa_tagi-weganski","21":"pa_tagi-wegetarianski","23":"first","24":"instock","25":"taxable","26":"shipping-taxable","27":"purchasable","28":"product-type-simple"},"acf":[],"_links":{"self":[{"href":"https:\/\/wiejskieprzysmaki.estima.site\/en\/wp-json\/wp\/v2\/product\/6906","targetHints":{"allow":["GET"]}}],"collection":[{"href":"https:\/\/wiejskieprzysmaki.estima.site\/en\/wp-json\/wp\/v2\/product"}],"about":[{"href":"https:\/\/wiejskieprzysmaki.estima.site\/en\/wp-json\/wp\/v2\/types\/product"}],"replies":[{"embeddable":true,"href":"https:\/\/wiejskieprzysmaki.estima.site\/en\/wp-json\/wp\/v2\/comments?post=6906"}],"wp:featuredmedia":[{"embeddable":true,"href":"https:\/\/wiejskieprzysmaki.estima.site\/en\/wp-json\/wp\/v2\/media\/6907"}],"wp:attachment":[{"href":"https:\/\/wiejskieprzysmaki.estima.site\/en\/wp-json\/wp\/v2\/media?parent=6906"}],"wp:term":[{"taxonomy":"product_brand","embeddable":true,"href":"https:\/\/wiejskieprzysmaki.estima.site\/en\/wp-json\/wp\/v2\/product_brand?post=6906"},{"taxonomy":"product_cat","embeddable":true,"href":"https:\/\/wiejskieprzysmaki.estima.site\/en\/wp-json\/wp\/v2\/product_cat?post=6906"},{"taxonomy":"product_tag","embeddable":true,"href":"https:\/\/wiejskieprzysmaki.estima.site\/en\/wp-json\/wp\/v2\/product_tag?post=6906"}],"curies":[{"name":"wp","href":"https:\/\/api.w.org\/{rel}","templated":true}]}}