{"id":6912,"date":"2025-02-18T11:20:21","date_gmt":"2025-02-18T10:20:21","guid":{"rendered":"https:\/\/wiejskieprzysmaki.estima.site\/produkt\/granola-orzechy-nasiona-bezglutenowa-bio-350-g-turtle\/"},"modified":"2025-02-18T11:20:41","modified_gmt":"2025-02-18T10:20:41","slug":"granola-orzechy-nasiona-bezglutenowa-bio-350-g-turtle","status":"publish","type":"product","link":"https:\/\/wiejskieprzysmaki.estima.site\/en\/product\/granola-orzechy-nasiona-bezglutenowa-bio-350-g-turtle\/","title":{"rendered":"GRANOLA ORZECHY &#8211; NASIONA BEZGLUTENOWA BIO 350 g &#8211; TURTLE"},"content":{"rendered":"<p>SK\u0141ADNIKI <br \/>nasiona* 73 % (s\u0142onecznik*, pestki dyni*, gryka*, siemi\u0119 lniane mielone*), ORZECHY* 7,5 % (W\u0141OSKIE*, NERKOWCA*), syrop z agawy*, p\u0142atki kokosowe*, olej rzepakowy*, s\u00f3l. (*certyfikowany sk\u0142adnik ekologiczny)<\/p>\n<p>OPIS<br \/>Idealna jako dodatek do MLEKA, jogurtu czy ulubionego napoju ro\u015blinnego. Wysoka zawarto\u015b\u0107 b\u0142onnika pokarmowego. <\/p>\n<p>WARTO\u015a\u0106 OD\u017bYWCZA W 100 g <br \/>Warto\u015b\u0107 energetyczna: 2428 kJ\/580 kcal  <br \/>T\u0142uszcz: 45,6 g  <br \/>w tym kwasy t\u0142uszczowe nasycone: 8,8 g  <br \/>W\u0119glowodany: 21,6 g  <br \/>w tym cukry: 9,6 g  <br \/>B\u0142onnik: 8,0 g  <br \/>Bia\u0142ko: 18,1 g  <br \/>S\u00f3l: 0,20 g<\/p>\n<p>INFORMACJA ALERGENNA<br \/>Mo\u017ce zawiera\u0107 inne ORZECHY oraz SOJ\u0118.<\/p>\n<p>ZALECANE WARUNKI PRZECHOWYWANIA<br \/>Przechowywa\u0107 w suchym i ch\u0142odnym miejscu.<\/p>","protected":false},"excerpt":{"rendered":"<p>SK\u0141ADNIKI nasiona* 73 % (s\u0142onecznik*, pestki dyni*, gryka*, siemi\u0119 lniane mielone*), ORZECHY* 7,5 % (W\u0141OSKIE*, NERKOWCA*), syrop z agawy*, p\u0142atki kokosowe*, olej rzepakowy*, s\u00f3l. (*certyfikowany sk\u0142adnik ekologiczny) OPISIdealna jako dodatek do MLEKA, jogurtu czy ulubionego napoju ro\u015blinnego. Wysoka zawarto\u015b\u0107 b\u0142onnika pokarmowego. WARTO\u015a\u0106 OD\u017bYWCZA W 100 g Warto\u015b\u0107 energetyczna: 2428 kJ\/580 kcal T\u0142uszcz: 45,6 g w [&hellip;]<\/p>","protected":false},"featured_media":6913,"comment_status":"closed","ping_status":"open","template":"","meta":{"_acf_changed":false},"product_brand":[],"product_cat":[404,265],"product_tag":[],"class_list":{"0":"post-6912","1":"product","2":"type-product","3":"status-publish","4":"has-post-thumbnail","6":"product_cat-musli-crunchy-granole","7":"product_cat-sniadaniowe","8":"pa_ean-matka-5449","9":"pa_gwarancja-przydatnosci-324","10":"pa_ilosc-w-opakowaniu-298","11":"pa_jednostka-podstawowa-szt","12":"pa_kod-cn-1904-20-10","13":"pa_masa-netto-203","14":"pa_objetosc-brutto-4536","15":"pa_producent-turtle-owsianki-platki","16":"pa_producent-nazwa-adres-turtle-sprl-rue-du-monastere-12-1000-bruxelles","17":"pa_tagi-bez-glutenu-deklaracja","18":"pa_tagi-bez-glutenu-w-skladnikach","19":"pa_tagi-certyfikat-bio","20":"pa_tagi-weganski","21":"pa_tagi-wegetarianski","23":"first","24":"instock","25":"taxable","26":"shipping-taxable","27":"purchasable","28":"product-type-simple"},"acf":[],"_links":{"self":[{"href":"https:\/\/wiejskieprzysmaki.estima.site\/en\/wp-json\/wp\/v2\/product\/6912","targetHints":{"allow":["GET"]}}],"collection":[{"href":"https:\/\/wiejskieprzysmaki.estima.site\/en\/wp-json\/wp\/v2\/product"}],"about":[{"href":"https:\/\/wiejskieprzysmaki.estima.site\/en\/wp-json\/wp\/v2\/types\/product"}],"replies":[{"embeddable":true,"href":"https:\/\/wiejskieprzysmaki.estima.site\/en\/wp-json\/wp\/v2\/comments?post=6912"}],"wp:featuredmedia":[{"embeddable":true,"href":"https:\/\/wiejskieprzysmaki.estima.site\/en\/wp-json\/wp\/v2\/media\/6913"}],"wp:attachment":[{"href":"https:\/\/wiejskieprzysmaki.estima.site\/en\/wp-json\/wp\/v2\/media?parent=6912"}],"wp:term":[{"taxonomy":"product_brand","embeddable":true,"href":"https:\/\/wiejskieprzysmaki.estima.site\/en\/wp-json\/wp\/v2\/product_brand?post=6912"},{"taxonomy":"product_cat","embeddable":true,"href":"https:\/\/wiejskieprzysmaki.estima.site\/en\/wp-json\/wp\/v2\/product_cat?post=6912"},{"taxonomy":"product_tag","embeddable":true,"href":"https:\/\/wiejskieprzysmaki.estima.site\/en\/wp-json\/wp\/v2\/product_tag?post=6912"}],"curies":[{"name":"wp","href":"https:\/\/api.w.org\/{rel}","templated":true}]}}